{"id":38350,"date":"2025-11-19T19:40:53","date_gmt":"2025-11-19T16:40:53","guid":{"rendered":"https:\/\/baldumarket.lt\/?post_type=product&#038;p=38350"},"modified":"2026-03-24T13:15:05","modified_gmt":"2026-03-24T10:15:05","slug":"barea-grupa-premium","status":"publish","type":"product","link":"https:\/\/baldumarket.lt\/lt\/product\/barea-grupa-premium\/","title":{"rendered":"Barea PREMIUM grup\u0117"},"content":{"rendered":"<p>\u201eBarea\u201c kampin\u0117 sofa \u2013 eleganti\u0161kas ir funkcionalus, 208x160x100 cm dyd\u017eio baldas su reguliuojamais galvos atramomis ir 10 cm auk\u0161\u010dio juodomis metalin\u0117mis kojel\u0117mis. Tvirta konstrukcija, pagaminta i\u0161 auk\u0161tos kokyb\u0117s med\u017eiag\u0173, u\u017etikrina ilgaam\u017ei\u0161kum\u0105, o kruop\u0161\u010diai suformuota s\u0117dyn\u0117 ir atlo\u0161as garantuoja komfort\u0105 ir tinkam\u0105 nugaros atram\u0105. Modernus \u201eBarea\u201c kampin\u0117s sofos dizainas puikiai tinka tiek minimalistiniam, tiek rafinuotesniam interjerui. Galima rinktis i\u0161 \u012fvairi\u0173 audini\u0173 ir spalv\u0173, ji yra esteti\u0161kai patraukli ir funkcionali, idealiai tinka kasdieniam poilsiui ir sve\u010di\u0173 pri\u0117mimui.<\/p>","protected":false},"excerpt":{"rendered":"<p>\u201eBarea\u201c kampin\u0117 sofa \u2013 eleganti\u0161kas ir funkcionalus baldas, kurio matmenys \u2013 208 x 160 x 100 cm, su reguliuojamomis galvos atramomis ir 10 cm auk\u0161\u010dio juodomis metalin\u0117mis kojel\u0117mis. Tvirta konstrukcija, pagaminta i\u0161 auk\u0161tos kokyb\u0117s med\u017eiag\u0173, u\u017etikrina ilgaam\u017ei\u0161kum\u0105, o kruop\u0161\u010diai suformuota s\u0117dyn\u0117 ir atlo\u0161as garantuoja komfort\u0105 ir tinkam\u0105 nugaros atram\u0105. Modernus \u201eBarea\u201c kampin\u0117s sofos dizainas [\u2026]<\/p>","protected":false},"featured_media":31131,"comment_status":"open","ping_status":"closed","template":"","meta":[],"product_brand":[],"product_cat":[9133],"product_tag":[],"class_list":{"0":"post-38350","1":"product","2":"type-product","3":"status-publish","4":"has-post-thumbnail","6":"product_cat-grouped","8":"first","9":"instock","10":"shipping-taxable","11":"purchasable","12":"product-type-variable","13":"wvs-archive-product-wrapper"},"_links":{"self":[{"href":"https:\/\/baldumarket.lt\/lt\/wp-json\/wp\/v2\/product\/38350","targetHints":{"allow":["GET"]}}],"collection":[{"href":"https:\/\/baldumarket.lt\/lt\/wp-json\/wp\/v2\/product"}],"about":[{"href":"https:\/\/baldumarket.lt\/lt\/wp-json\/wp\/v2\/types\/product"}],"replies":[{"embeddable":true,"href":"https:\/\/baldumarket.lt\/lt\/wp-json\/wp\/v2\/comments?post=38350"}],"wp:featuredmedia":[{"embeddable":true,"href":"https:\/\/baldumarket.lt\/lt\/wp-json\/wp\/v2\/media\/31131"}],"wp:attachment":[{"href":"https:\/\/baldumarket.lt\/lt\/wp-json\/wp\/v2\/media?parent=38350"}],"wp:term":[{"taxonomy":"product_brand","embeddable":true,"href":"https:\/\/baldumarket.lt\/lt\/wp-json\/wp\/v2\/product_brand?post=38350"},{"taxonomy":"product_cat","embeddable":true,"href":"https:\/\/baldumarket.lt\/lt\/wp-json\/wp\/v2\/product_cat?post=38350"},{"taxonomy":"product_tag","embeddable":true,"href":"https:\/\/baldumarket.lt\/lt\/wp-json\/wp\/v2\/product_tag?post=38350"}],"curies":[{"name":"wp","href":"https:\/\/api.w.org\/{rel}","templated":true}]}}