{"id":38324,"date":"2025-11-19T19:40:34","date_gmt":"2025-11-19T16:40:34","guid":{"rendered":"https:\/\/baldumarket.lt\/?post_type=product&#038;p=38324"},"modified":"2026-03-24T13:34:05","modified_gmt":"2026-03-24T10:34:05","slug":"balvin-160x200-grupa-special","status":"publish","type":"product","link":"https:\/\/baldumarket.lt\/lt\/product\/balvin-160x200-grupa-special\/","title":{"rendered":"Balvin 160X200 SPECIAL Group"},"content":{"rendered":"<p>\u201eBalvin\u201c \u2013 tai klasikin\u0117 spyruoklin\u0117 lova su eleganti\u0161ka, skoninga ir \u012fdomia apdaila. Jos miegojimo pavir\u0161ius yra trij\u0173 skirting\u0173 dyd\u017ei\u0173: 140\/160\/180 x 208 cm, tod\u0117l tai puikus pasirinkimas tiek didesniems, tiek ma\u017eesniems miegamiesiems. M\u016bs\u0173 lova apr\u016bpinta 20 cm auk\u0161\u010dio \u201eBonnell\u201c spyruokliniu \u010diu\u017einiu su papildomu T25 lanks\u010di\u0173 put\u0173 sluoksniu vir\u0161uje ir apa\u010dioje. Papildoma \u201eBalvin\u201c lovos savyb\u0117 \u2013 erdvus patalyn\u0117s skyrius, padalintas \u012f tris dalis. D\u0117l spyruoklinio mechanizmo, vir\u0161utin\u0117s lovos dalies pak\u0117limas, norint pasiekti daiktad\u0117\u017e\u0119, yra paprastas ir intuityvus. Kiti \u0161io modelio privalumai \u2013 unikali ir originali apdaila. D\u0117mesys si\u016bl\u0117ms, dygsniavimui ir puo\u0161menoms spindin\u010di\u0173 kristal\u0173 pavidalu ant \u0161iek tiek pakreipto galv\u016bgalio suteikia prabangos bet kokiam interjerui. Jei svajojate apie prabang\u0173 interjer\u0105, \u201eBalvin\u201c tikrai bus j\u016bs\u0173 s\u0117km\u0117!<\/p>","protected":false},"excerpt":{"rendered":"<p>\u201eBalvin\u201c \u2013 tai klasikin\u0117 spyruoklin\u0117 lova su eleganti\u0161ka, skoninga ir \u012fdomia apdaila. Jos miegojimo pavir\u0161ius yra trij\u0173 skirting\u0173 dyd\u017ei\u0173: 140\/160\/180 x 208 cm, tod\u0117l tai puikus pasirinkimas tiek didesniems, tiek ma\u017eesniems miegamiesiems. M\u016bs\u0173 lovoje yra 20 cm auk\u0161\u010dio \u201eBonnell\u201c spyruoklinis \u010diu\u017einys su papildomu poliuretano sluoksniu [\u2026]<\/p>","protected":false},"featured_media":10808,"comment_status":"open","ping_status":"closed","template":"","meta":[],"product_brand":[],"product_cat":[9133],"product_tag":[],"class_list":{"0":"post-38324","1":"product","2":"type-product","3":"status-publish","4":"has-post-thumbnail","6":"product_cat-grouped","8":"first","9":"instock","10":"shipping-taxable","11":"purchasable","12":"product-type-variable","13":"wvs-archive-product-wrapper"},"_links":{"self":[{"href":"https:\/\/baldumarket.lt\/lt\/wp-json\/wp\/v2\/product\/38324","targetHints":{"allow":["GET"]}}],"collection":[{"href":"https:\/\/baldumarket.lt\/lt\/wp-json\/wp\/v2\/product"}],"about":[{"href":"https:\/\/baldumarket.lt\/lt\/wp-json\/wp\/v2\/types\/product"}],"replies":[{"embeddable":true,"href":"https:\/\/baldumarket.lt\/lt\/wp-json\/wp\/v2\/comments?post=38324"}],"wp:featuredmedia":[{"embeddable":true,"href":"https:\/\/baldumarket.lt\/lt\/wp-json\/wp\/v2\/media\/10808"}],"wp:attachment":[{"href":"https:\/\/baldumarket.lt\/lt\/wp-json\/wp\/v2\/media?parent=38324"}],"wp:term":[{"taxonomy":"product_brand","embeddable":true,"href":"https:\/\/baldumarket.lt\/lt\/wp-json\/wp\/v2\/product_brand?post=38324"},{"taxonomy":"product_cat","embeddable":true,"href":"https:\/\/baldumarket.lt\/lt\/wp-json\/wp\/v2\/product_cat?post=38324"},{"taxonomy":"product_tag","embeddable":true,"href":"https:\/\/baldumarket.lt\/lt\/wp-json\/wp\/v2\/product_tag?post=38324"}],"curies":[{"name":"wp","href":"https:\/\/api.w.org\/{rel}","templated":true}]}}