{"id":38222,"date":"2025-11-19T19:39:39","date_gmt":"2025-11-19T16:39:39","guid":{"rendered":"https:\/\/baldumarket.lt\/?post_type=product&#038;p=38222"},"modified":"2026-03-24T13:14:45","modified_gmt":"2026-03-24T10:14:45","slug":"atila-grupa-premium","status":"publish","type":"product","link":"https:\/\/baldumarket.lt\/lt\/product\/atila-grupa-premium\/","title":{"rendered":"Atila PREMIUM grup\u0117"},"content":{"rendered":"<p>\u201eAtila\u201c \u2013 patogi ir stilinga 200 x 92 x 83 cm dyd\u017eio sofa, kuri neabejotinai patraukia d\u0117mes\u012f savo originaliu dizainu. Geometrin\u0119 form\u0105 ir tvirt\u0105 konstrukcij\u0105 papildo unikali estetika. M\u016bs\u0173 baldas yra dviej\u0173 spalv\u0173. \u0160is modelis pasi\u017eymi \u012fdomia apdaila, erdviomis dekoratyvin\u0117mis pagalv\u0117l\u0117mis, erdviu patalyn\u0117s skyriumi (visa erdv\u0117 palaikoma DL atidarymo mechanizmu) ir \u0161onine ki\u0161ene, esan\u010dia vienoje sofos pus\u0117je. Maksimal\u0173 komfort\u0105 u\u017etikrina \u201eBonnell\u201c spyruokli\u0173 u\u017epildas ir T25 putplastis \u2013 abu sprendimai garantuoja taisykling\u0105 k\u016bno pad\u0117t\u012f tiek dien\u0105, tiek nakt\u012f 200 x 140 cm dyd\u017eio lovoje. Verta tur\u0117ti toki\u0105 moderni\u0105 ir patogi\u0105 lov\u0105 savo namuose.<\/p>","protected":false},"excerpt":{"rendered":"<p>\u201eAtila\u201c \u2013 patogi ir stilinga 200 x 92 x 83 cm dyd\u017eio sofa, kuri neabejotinai patraukia d\u0117mes\u012f savo originaliu dizainu. Geometrin\u0119 form\u0105 ir tvirt\u0105 konstrukcij\u0105 papildo unikali estetika. M\u016bs\u0173 baldas yra dviej\u0173 spalv\u0173. \u0160is modelis pasi\u017eymi \u012fdomia apdaila, erdviomis dekoratyvin\u0117mis pagalv\u0117l\u0117mis, erdvia patalyn\u0117s lova [\u2026]<\/p>","protected":false},"featured_media":8990,"comment_status":"open","ping_status":"closed","template":"","meta":[],"product_brand":[],"product_cat":[9133],"product_tag":[],"class_list":{"0":"post-38222","1":"product","2":"type-product","3":"status-publish","4":"has-post-thumbnail","6":"product_cat-grouped","8":"first","9":"instock","10":"shipping-taxable","11":"purchasable","12":"product-type-variable","13":"wvs-archive-product-wrapper"},"_links":{"self":[{"href":"https:\/\/baldumarket.lt\/lt\/wp-json\/wp\/v2\/product\/38222","targetHints":{"allow":["GET"]}}],"collection":[{"href":"https:\/\/baldumarket.lt\/lt\/wp-json\/wp\/v2\/product"}],"about":[{"href":"https:\/\/baldumarket.lt\/lt\/wp-json\/wp\/v2\/types\/product"}],"replies":[{"embeddable":true,"href":"https:\/\/baldumarket.lt\/lt\/wp-json\/wp\/v2\/comments?post=38222"}],"wp:featuredmedia":[{"embeddable":true,"href":"https:\/\/baldumarket.lt\/lt\/wp-json\/wp\/v2\/media\/8990"}],"wp:attachment":[{"href":"https:\/\/baldumarket.lt\/lt\/wp-json\/wp\/v2\/media?parent=38222"}],"wp:term":[{"taxonomy":"product_brand","embeddable":true,"href":"https:\/\/baldumarket.lt\/lt\/wp-json\/wp\/v2\/product_brand?post=38222"},{"taxonomy":"product_cat","embeddable":true,"href":"https:\/\/baldumarket.lt\/lt\/wp-json\/wp\/v2\/product_cat?post=38222"},{"taxonomy":"product_tag","embeddable":true,"href":"https:\/\/baldumarket.lt\/lt\/wp-json\/wp\/v2\/product_tag?post=38222"}],"curies":[{"name":"wp","href":"https:\/\/api.w.org\/{rel}","templated":true}]}}