{"id":38206,"date":"2025-11-19T19:39:19","date_gmt":"2025-11-19T16:39:19","guid":{"rendered":"https:\/\/baldumarket.lt\/?post_type=product&#038;p=38206"},"modified":"2026-04-21T17:24:06","modified_gmt":"2026-04-21T14:24:06","slug":"aster-90x200-grupa-classic","status":"publish","type":"product","link":"https:\/\/baldumarket.lt\/lt\/product\/aster-90x200-grupa-classic\/","title":{"rendered":"Aster 90\u00d7200 CLASSIC grup\u0117"},"content":{"rendered":"<p>\u201eAster\u201c \u2013 tai funkcionali, viengul\u0117 ir unikaliai suprojektuota lova su spyruokliniu r\u0117mu, kurios miegamasis plotas yra 90 x 205 cm. Ji pripildyta 20 cm auk\u0161\u010dio \u201eBonnell\u201c spyruokliniu \u010diu\u017einiu, kuris yra padengtas dviem papildomais \u2013 vir\u0161utiniu ir apatiniu \u2013 T25 put\u0173 sluoksniais. \u0160io modelio i\u0161skirtin\u0117s savyb\u0117s \u2013 dekoruotas galv\u016bgalis, auk\u0161ta 60 cm s\u0117dyn\u0117 ir platus spalv\u0173 pasirinkimas. \u201eAster\u201c taip pat turi erdv\u0173 patalyn\u0117s skyri\u0173, kur\u012f galima atidaryti i\u0161 abiej\u0173 pusi\u0173.<\/p>","protected":false},"excerpt":{"rendered":"<p>\u201eAster\u201c \u2013 tai funkcionali, viengul\u0117 ir unikaliai suprojektuota lova su spyruokliniu r\u0117mu, kurios miegamojo plotas yra 90 x 205 cm. Ji u\u017epildyta 20 cm auk\u0161\u010dio \u201eBonnell\u201c spyruokliniu \u010diu\u017einiu, kuris yra padengtas dviem papildomais \u2013 vir\u0161utiniu ir apatiniu \u2013 T25 put\u0173 sluoksniais. \u0160io modelio b\u016bdingos savyb\u0117s: dekoruotas galv\u016bgalis, [\u2026]<\/p>","protected":false},"featured_media":8942,"comment_status":"open","ping_status":"closed","template":"","meta":[],"product_brand":[],"product_cat":[9133],"product_tag":[],"class_list":{"0":"post-38206","1":"product","2":"type-product","3":"status-publish","4":"has-post-thumbnail","6":"product_cat-grouped","8":"first","9":"instock","10":"shipping-taxable","11":"purchasable","12":"product-type-variable","13":"wvs-archive-product-wrapper"},"_links":{"self":[{"href":"https:\/\/baldumarket.lt\/lt\/wp-json\/wp\/v2\/product\/38206","targetHints":{"allow":["GET"]}}],"collection":[{"href":"https:\/\/baldumarket.lt\/lt\/wp-json\/wp\/v2\/product"}],"about":[{"href":"https:\/\/baldumarket.lt\/lt\/wp-json\/wp\/v2\/types\/product"}],"replies":[{"embeddable":true,"href":"https:\/\/baldumarket.lt\/lt\/wp-json\/wp\/v2\/comments?post=38206"}],"wp:featuredmedia":[{"embeddable":true,"href":"https:\/\/baldumarket.lt\/lt\/wp-json\/wp\/v2\/media\/8942"}],"wp:attachment":[{"href":"https:\/\/baldumarket.lt\/lt\/wp-json\/wp\/v2\/media?parent=38206"}],"wp:term":[{"taxonomy":"product_brand","embeddable":true,"href":"https:\/\/baldumarket.lt\/lt\/wp-json\/wp\/v2\/product_brand?post=38206"},{"taxonomy":"product_cat","embeddable":true,"href":"https:\/\/baldumarket.lt\/lt\/wp-json\/wp\/v2\/product_cat?post=38206"},{"taxonomy":"product_tag","embeddable":true,"href":"https:\/\/baldumarket.lt\/lt\/wp-json\/wp\/v2\/product_tag?post=38206"}],"curies":[{"name":"wp","href":"https:\/\/api.w.org\/{rel}","templated":true}]}}