{"id":38192,"date":"2025-11-19T19:39:18","date_gmt":"2025-11-19T16:39:18","guid":{"rendered":"https:\/\/baldumarket.lt\/?post_type=product&#038;p=38192"},"modified":"2026-03-24T13:40:45","modified_gmt":"2026-03-24T10:40:45","slug":"asgard-u-grupa-standard","status":"publish","type":"product","link":"https:\/\/baldumarket.lt\/lt\/product\/asgard-u-grupa-standard\/","title":{"rendered":"Asgard U Grupa STANDARTAS"},"content":{"rendered":"<p>\u201eAsgard U\u201c \u2013 tai erdvi, patogi ir aptraukta kampin\u0117 sofa, kurios matmenys \u2013 326 x 202 x 93 cm. \u0160is U formos baldas pasi\u017eymi patogia, mink\u0161ta s\u0117dyne, pagaminta i\u0161 patvari\u0173 vingiuot\u0173 spyruokli\u0173 ir lanks\u010di\u0173 T30 put\u0173, kurios yra atsparios pa\u017eeidimams. M\u016bs\u0173 kampin\u0117 sofa turi miegojimo funkcij\u0105 ir erdv\u0173 patalyn\u0117s skyri\u0173. I\u0161skleidus DL automatiniu mechanizmu, gaunama 282 x 120 cm erdv\u0117s nakties poilsiui. B\u016bdingi \u201eAsgard U\u201c kampin\u0117s sofos bruo\u017eai: auk\u0161ta, 48 cm s\u0117dyn\u0117, aptrauktas atlo\u0161as, eleganti\u0161kas dygsniavimas ir subtilios si\u016bl\u0117s atlo\u0161e ir \u0161onuose. Kiti privalumai: auk\u0161tos, tekintos medin\u0117s kojel\u0117s ir platus spalv\u0173 pasirinkimas. \u201eAsgard U\u201c \u2013 tai komforto ir stiliaus \u012fsik\u016bnijimas, puikiai papildantis daugel\u012f interjer\u0173.<\/p>","protected":false},"excerpt":{"rendered":"<p>\u201eAsgard U\u201c \u2013 tai erdvi, patogi ir mink\u0161ta kampin\u0117 sofa, kurios matmenys \u2013 326 x 202 x 93 cm. \u0160is U formos baldas pasi\u017eymi patogia, mink\u0161ta s\u0117dyne, pagaminta i\u0161 patvari\u0173 vingiuot\u0173 spyruokli\u0173 ir lanks\u010di\u0173 T30 put\u0173, kurios yra atsparios pa\u017eeidimams. M\u016bs\u0173 kampin\u0117 sofa turi miegojimo funkcij\u0105 ir erdv\u0173 patalyn\u0117s skyri\u0173. Kai [\u2026]<\/p>","protected":false},"featured_media":8559,"comment_status":"open","ping_status":"closed","template":"","meta":[],"product_brand":[],"product_cat":[9133],"product_tag":[],"class_list":{"0":"post-38192","1":"product","2":"type-product","3":"status-publish","4":"has-post-thumbnail","6":"product_cat-grouped","8":"first","9":"instock","10":"shipping-taxable","11":"purchasable","12":"product-type-variable","13":"wvs-archive-product-wrapper"},"_links":{"self":[{"href":"https:\/\/baldumarket.lt\/lt\/wp-json\/wp\/v2\/product\/38192","targetHints":{"allow":["GET"]}}],"collection":[{"href":"https:\/\/baldumarket.lt\/lt\/wp-json\/wp\/v2\/product"}],"about":[{"href":"https:\/\/baldumarket.lt\/lt\/wp-json\/wp\/v2\/types\/product"}],"replies":[{"embeddable":true,"href":"https:\/\/baldumarket.lt\/lt\/wp-json\/wp\/v2\/comments?post=38192"}],"wp:featuredmedia":[{"embeddable":true,"href":"https:\/\/baldumarket.lt\/lt\/wp-json\/wp\/v2\/media\/8559"}],"wp:attachment":[{"href":"https:\/\/baldumarket.lt\/lt\/wp-json\/wp\/v2\/media?parent=38192"}],"wp:term":[{"taxonomy":"product_brand","embeddable":true,"href":"https:\/\/baldumarket.lt\/lt\/wp-json\/wp\/v2\/product_brand?post=38192"},{"taxonomy":"product_cat","embeddable":true,"href":"https:\/\/baldumarket.lt\/lt\/wp-json\/wp\/v2\/product_cat?post=38192"},{"taxonomy":"product_tag","embeddable":true,"href":"https:\/\/baldumarket.lt\/lt\/wp-json\/wp\/v2\/product_tag?post=38192"}],"curies":[{"name":"wp","href":"https:\/\/api.w.org\/{rel}","templated":true}]}}