{"id":38178,"date":"2025-11-19T19:38:57","date_gmt":"2025-11-19T16:38:57","guid":{"rendered":"https:\/\/baldumarket.lt\/?post_type=product&#038;p=38178"},"modified":"2026-03-24T13:33:56","modified_gmt":"2026-03-24T10:33:56","slug":"asgard-pouf-grupa-special","status":"publish","type":"product","link":"https:\/\/baldumarket.lt\/lt\/product\/asgard-pouf-grupa-special\/","title":{"rendered":"Asgard Pouf SPECIAL grup\u0117"},"content":{"rendered":"<p>\u201eAsgard\u201c \u2013 didelis ir patogus pufas, kurio matmenys \u2013 75 x 75 x 45 cm. Jis puikiai tinka bet kokiems namams \u2013 tiek kaip atskiras baldas, tiek kaip papildomas kompozicijos elementas, tiek kaip pakojis. Eleganti\u0161kas, modernus ir skoningas \u201eAsgard\u201c puikiai der\u0117s prie bet kokio nam\u0173 interjero. Pagrindin\u0117s jo savyb\u0117s: paprastas dizainas, subtilios puo\u0161menos, 16 centimetr\u0173 auk\u0161\u010dio medin\u0117s kojel\u0117s ir auk\u0161\u010diausia meistri\u0161kumo kokyb\u0117. Patogi s\u0117dyn\u0117, pagaminta i\u0161 vingiuot\u0173 spyruokli\u0173 ir T30 putplas\u010dio, u\u017etikrina maksimal\u0173 patvarum\u0105, mink\u0161tum\u0105, lankstum\u0105 ir atsparum\u0105 deformacijai. Visa s\u0117dyn\u0117 aptraukta auk\u0161tos kokyb\u0117s apmu\u0161al\u0173 audiniu, atspariu trin\u010diai ir blukimui. Tikrai verta \u012fsigyti bald\u0105, kuris puikiai papildyt\u0173 esam\u0105 interjer\u0105.<\/p>","protected":false},"excerpt":{"rendered":"<p>\u201eAsgard\u201c \u2013 didelis ir patogus pufas, kurio matmenys \u2013 75 x 75 x 45 cm, puikiai tinkantis bet kokiems namams \u2013 tiek kaip atskiras baldas, tiek kaip papildomas kompozicijos elementas, tiek kaip pakojis. Eleganti\u0161kas, modernus ir skoningas \u201eAsgard\u201c puikiai der\u0117s prie bet kokio nam\u0173 interjero. Pagrindin\u0117s jo savyb\u0117s: paprastas dizainas, subtilios puo\u0161menos, [\u2026]<\/p>","protected":false},"featured_media":22916,"comment_status":"open","ping_status":"closed","template":"","meta":[],"product_brand":[],"product_cat":[9133],"product_tag":[],"class_list":{"0":"post-38178","1":"product","2":"type-product","3":"status-publish","4":"has-post-thumbnail","6":"product_cat-grouped","8":"first","9":"instock","10":"shipping-taxable","11":"purchasable","12":"product-type-variable","13":"wvs-archive-product-wrapper"},"_links":{"self":[{"href":"https:\/\/baldumarket.lt\/lt\/wp-json\/wp\/v2\/product\/38178","targetHints":{"allow":["GET"]}}],"collection":[{"href":"https:\/\/baldumarket.lt\/lt\/wp-json\/wp\/v2\/product"}],"about":[{"href":"https:\/\/baldumarket.lt\/lt\/wp-json\/wp\/v2\/types\/product"}],"replies":[{"embeddable":true,"href":"https:\/\/baldumarket.lt\/lt\/wp-json\/wp\/v2\/comments?post=38178"}],"wp:featuredmedia":[{"embeddable":true,"href":"https:\/\/baldumarket.lt\/lt\/wp-json\/wp\/v2\/media\/22916"}],"wp:attachment":[{"href":"https:\/\/baldumarket.lt\/lt\/wp-json\/wp\/v2\/media?parent=38178"}],"wp:term":[{"taxonomy":"product_brand","embeddable":true,"href":"https:\/\/baldumarket.lt\/lt\/wp-json\/wp\/v2\/product_brand?post=38178"},{"taxonomy":"product_cat","embeddable":true,"href":"https:\/\/baldumarket.lt\/lt\/wp-json\/wp\/v2\/product_cat?post=38178"},{"taxonomy":"product_tag","embeddable":true,"href":"https:\/\/baldumarket.lt\/lt\/wp-json\/wp\/v2\/product_tag?post=38178"}],"curies":[{"name":"wp","href":"https:\/\/api.w.org\/{rel}","templated":true}]}}