{"id":38144,"date":"2025-11-19T19:38:38","date_gmt":"2025-11-19T16:38:38","guid":{"rendered":"https:\/\/baldumarket.lt\/?post_type=product&#038;p=38144"},"modified":"2026-03-24T13:40:45","modified_gmt":"2026-03-24T10:40:45","slug":"asgard-1f-grupa-standard","status":"publish","type":"product","link":"https:\/\/baldumarket.lt\/lt\/product\/asgard-1f-grupa-standard\/","title":{"rendered":"Asgard 1F STANDARD grup\u0117"},"content":{"rendered":"<p>\u201eAsgard\u201c fotelis \u2013 erdvus ir eleganti\u0161kas, 105 x 92 x 88 cm dyd\u017eio, klasikinio dizaino baldas. Dekoratyvinis medini\u0173 kojeli\u0173 ir atlo\u0161o dygsniavimas papuo\u0161 bet kur\u012f \u012fprast\u0105 j\u016bs\u0173 nam\u0173 kampel\u012f. Fotelis pasi\u017eymi gilia, lygia s\u0117dyne, i\u0161lenkta atlo\u0161u, didele pagalv\u0117le ir daugybe spalv\u0173 variant\u0173. Pamink\u0161tinimas taip pat prisideda prie ne\u012ftik\u0117tino m\u016bs\u0173 fotelio patogumo. Vingiuota spyruokl\u0117 kartu su T30 putomis yra puikus sprendimas komforto gurmanams. Tai u\u017etikrina tinkamai i\u0161lenkt\u0105 s\u0117dyn\u0119 ir tinkam\u0105 stuburo atram\u0105 naudojimo metu. Priklausomai nuo j\u016bs\u0173 pageidavim\u0173, \u0161\u012f model\u012f galima pastatyti miegamajame, svetain\u0117je ar biure. Labai rekomenduojame m\u016bs\u0173 \u201eAsgard\u201c fotel\u012f. \u0160is pasirinkimas niekada nenuvilia!<\/p>","protected":false},"excerpt":{"rendered":"<p>\u201eAsgard\u201c fotelis \u2013 erdvus ir eleganti\u0161kas, 105 x 92 x 88 cm dyd\u017eio baldas, pasi\u017eymintis klasikiniu dizainu. Dekoratyvinis medini\u0173 kojeli\u0173 ir atlo\u0161o dygsniavimas papuo\u0161 bet kur\u012f \u012fprast\u0105 j\u016bs\u0173 nam\u0173 kampel\u012f. Fotelis taip pat pasi\u017eymi gilia, lygia s\u0117dyne, kont\u016bruota atlo\u0161u, didele pagalv\u0117le ir daugybe [\u2026]<\/p>","protected":false},"featured_media":8682,"comment_status":"open","ping_status":"closed","template":"","meta":[],"product_brand":[],"product_cat":[9133],"product_tag":[],"class_list":{"0":"post-38144","1":"product","2":"type-product","3":"status-publish","4":"has-post-thumbnail","6":"product_cat-grouped","8":"first","9":"instock","10":"shipping-taxable","11":"purchasable","12":"product-type-variable","13":"wvs-archive-product-wrapper"},"_links":{"self":[{"href":"https:\/\/baldumarket.lt\/lt\/wp-json\/wp\/v2\/product\/38144","targetHints":{"allow":["GET"]}}],"collection":[{"href":"https:\/\/baldumarket.lt\/lt\/wp-json\/wp\/v2\/product"}],"about":[{"href":"https:\/\/baldumarket.lt\/lt\/wp-json\/wp\/v2\/types\/product"}],"replies":[{"embeddable":true,"href":"https:\/\/baldumarket.lt\/lt\/wp-json\/wp\/v2\/comments?post=38144"}],"wp:featuredmedia":[{"embeddable":true,"href":"https:\/\/baldumarket.lt\/lt\/wp-json\/wp\/v2\/media\/8682"}],"wp:attachment":[{"href":"https:\/\/baldumarket.lt\/lt\/wp-json\/wp\/v2\/media?parent=38144"}],"wp:term":[{"taxonomy":"product_brand","embeddable":true,"href":"https:\/\/baldumarket.lt\/lt\/wp-json\/wp\/v2\/product_brand?post=38144"},{"taxonomy":"product_cat","embeddable":true,"href":"https:\/\/baldumarket.lt\/lt\/wp-json\/wp\/v2\/product_cat?post=38144"},{"taxonomy":"product_tag","embeddable":true,"href":"https:\/\/baldumarket.lt\/lt\/wp-json\/wp\/v2\/product_tag?post=38144"}],"curies":[{"name":"wp","href":"https:\/\/api.w.org\/{rel}","templated":true}]}}