{"id":38118,"date":"2025-11-19T19:38:14","date_gmt":"2025-11-19T16:38:14","guid":{"rendered":"https:\/\/baldumarket.lt\/?post_type=product&#038;p=38118"},"modified":"2026-04-21T17:26:13","modified_gmt":"2026-04-21T14:26:13","slug":"aros-1f-grupa-prestige","status":"publish","type":"product","link":"https:\/\/baldumarket.lt\/lt\/product\/aros-1f-grupa-prestige\/","title":{"rendered":"Aros 1F PRESTIGE grup\u0117"},"content":{"rendered":"<p>\u201eAros\u201c \u2013 tai skoningas ir eleganti\u0161kas kr\u0117slas, kuriame dera originalus dizainas ir neprilygstamas komfortas. Jis puikiai tinka kaip dizaino elementas, u\u017etikrinantis maksimal\u0173 komfort\u0105 atsipalaiduojant. \u201eAros\u201c kr\u0117slas yra su atlo\u0161u, o tai rei\u0161kia, kad jo i\u0161skirtin\u0117s savyb\u0117s yra erdvi s\u0117dyn\u0117, auk\u0161ti porankiai ir i\u0161skirtin\u0117s apdailos atlo\u0161as. Pristatant m\u016bs\u0173 kr\u0117sl\u0105, ne\u012fmanoma nepamin\u0117ti auk\u0161tos kokyb\u0117s meistri\u0161kumo ir puiki\u0173, tiksli\u0173 puo\u0161men\u0173, toki\u0173 kaip medin\u0117s kojel\u0117s, si\u016bl\u0117s ant poranki\u0173 ir dygsniavimas ant atlo\u0161o. Be to, \u0161is modelis si\u016blomas pla\u010dioje spalv\u0173 gamoje. 85 x 90 x 103 cm dyd\u017eio \u201eAros\u201c funkcionalumui \u012ftakos turi ir s\u0117dyn\u0117s u\u017epildo tipas. Patvari\u0173 vingiuot\u0173 spyruokli\u0173 ir mink\u0161t\u0173, lanks\u010di\u0173 T30 put\u0173 derinys u\u017etikrina gerai i\u0161lenkt\u0105 s\u0117dyn\u0119, u\u017etikrinan\u010di\u0105 tinkam\u0105 k\u016bno atram\u0105 naudojimo metu. \u201eAros\u201c \u2013 tai unikalus baldas, kuriame derinamas malonumas ir prakti\u0161kumas \u2013 jis ne tik puikiai atrodo, bet ir yra labai funkcionalus, patogus ir apsaugo j\u016bs\u0173 stubur\u0105. \u201eAros\u201c \u2013 tai taiklus taikinys!<\/p>","protected":false},"excerpt":{"rendered":"<p>\u201eAros\u201c \u2013 tai skoningas ir eleganti\u0161kas fotelis, kuriame dera originalus dizainas ir neprilygstamas komfortas. Jis puikiai tinka kaip dizaino elementas, u\u017etikrinantis maksimal\u0173 komfort\u0105 atsipalaiduojant. \u201eAros\u201c fotelis yra su atlo\u0161u, o tai rei\u0161kia, kad jo i\u0161skirtin\u0117s savyb\u0117s yra erdvi s\u0117dyn\u0117, auk\u0161ti porankiai ir i\u0161skirtin\u0117s apdailos atlo\u0161as. Pristatydami m\u016bs\u0173 fotel\u012f, [\u2026]<\/p>","protected":false},"featured_media":7969,"comment_status":"open","ping_status":"closed","template":"","meta":[],"product_brand":[],"product_cat":[9133],"product_tag":[],"class_list":{"0":"post-38118","1":"product","2":"type-product","3":"status-publish","4":"has-post-thumbnail","6":"product_cat-grouped","8":"first","9":"instock","10":"shipping-taxable","11":"purchasable","12":"product-type-variable","13":"wvs-archive-product-wrapper"},"_links":{"self":[{"href":"https:\/\/baldumarket.lt\/lt\/wp-json\/wp\/v2\/product\/38118","targetHints":{"allow":["GET"]}}],"collection":[{"href":"https:\/\/baldumarket.lt\/lt\/wp-json\/wp\/v2\/product"}],"about":[{"href":"https:\/\/baldumarket.lt\/lt\/wp-json\/wp\/v2\/types\/product"}],"replies":[{"embeddable":true,"href":"https:\/\/baldumarket.lt\/lt\/wp-json\/wp\/v2\/comments?post=38118"}],"wp:featuredmedia":[{"embeddable":true,"href":"https:\/\/baldumarket.lt\/lt\/wp-json\/wp\/v2\/media\/7969"}],"wp:attachment":[{"href":"https:\/\/baldumarket.lt\/lt\/wp-json\/wp\/v2\/media?parent=38118"}],"wp:term":[{"taxonomy":"product_brand","embeddable":true,"href":"https:\/\/baldumarket.lt\/lt\/wp-json\/wp\/v2\/product_brand?post=38118"},{"taxonomy":"product_cat","embeddable":true,"href":"https:\/\/baldumarket.lt\/lt\/wp-json\/wp\/v2\/product_cat?post=38118"},{"taxonomy":"product_tag","embeddable":true,"href":"https:\/\/baldumarket.lt\/lt\/wp-json\/wp\/v2\/product_tag?post=38118"}],"curies":[{"name":"wp","href":"https:\/\/api.w.org\/{rel}","templated":true}]}}