{"id":38102,"date":"2025-11-19T19:37:51","date_gmt":"2025-11-19T16:37:51","guid":{"rendered":"https:\/\/baldumarket.lt\/?post_type=product&#038;p=38102"},"modified":"2026-03-24T13:06:07","modified_gmt":"2026-03-24T10:06:07","slug":"armando-grupa-classic","status":"publish","type":"product","link":"https:\/\/baldumarket.lt\/lt\/product\/armando-grupa-classic\/","title":{"rendered":"Armando CLASSIC grup\u0117"},"content":{"rendered":"<p>\u201eArmando\u201c \u2013 stilinga, funkcionali ir, svarbiausia, eleganti\u0161ka kampin\u0117 sofa i\u0161rankiems komforto m\u0117g\u0117jams. Plat\u016bs porankiai, gerai i\u0161lenktas atlo\u0161as ir reguliuojami, auk\u0161ti galvos atlo\u0161ai padidina \u0161ios erdvios kampin\u0117s sofos komfort\u0105. \u0160ios 280 x 205 x 90 cm dyd\u017eio kampin\u0117s sofos s\u0117dyn\u0117 pagaminta i\u0161 T30 putplas\u010dio, u\u017etikrinan\u010dio maksimal\u0173 komfort\u0105 ir tvirtum\u0105. L formos kampin\u0117 sofa turi miegojimo funkcij\u0105, kurios pavir\u0161iaus plotas yra 125 x 198 cm. Joje taip pat yra erdvus patalyn\u0117s skyrius. Subtilus dygsniavimas, eleganti\u0161kos si\u016bl\u0117s ir auk\u0161tos chromuotos kojel\u0117s suteikia \u0161iai kampinei sofai modernumo. \u201eArmando\u201c galima \u012fsigyti \u012fvairi\u0173 spalv\u0173. Tai vertingas baldas j\u016bs\u0173 namams.<\/p>","protected":false},"excerpt":{"rendered":"<p>\u201eArmando\u201c \u2013 stilinga, funkcionali ir, svarbiausia, eleganti\u0161ka kampin\u0117 sofa i\u0161rankiems komforto m\u0117g\u0117jams. Plat\u016bs porankiai, gerai i\u0161lenktas atlo\u0161as ir reguliuojamos, auk\u0161tos galvos atramos padidina \u0161ios erdvios kampin\u0117s sofos komfort\u0105. \u0160ios 280 x 205 x 90 cm dyd\u017eio kampin\u0117s sofos s\u0117dyn\u0117 pagaminta i\u0161 T30 putplas\u010dio, u\u017etikrinan\u010dio maksimal\u0173 komfort\u0105 ir elastingum\u0105. [\u2026]<\/p>","protected":false},"featured_media":8029,"comment_status":"open","ping_status":"closed","template":"","meta":[],"product_brand":[],"product_cat":[9133],"product_tag":[],"class_list":{"0":"post-38102","1":"product","2":"type-product","3":"status-publish","4":"has-post-thumbnail","6":"product_cat-grouped","8":"first","9":"instock","10":"shipping-taxable","11":"purchasable","12":"product-type-variable","13":"wvs-archive-product-wrapper"},"_links":{"self":[{"href":"https:\/\/baldumarket.lt\/lt\/wp-json\/wp\/v2\/product\/38102","targetHints":{"allow":["GET"]}}],"collection":[{"href":"https:\/\/baldumarket.lt\/lt\/wp-json\/wp\/v2\/product"}],"about":[{"href":"https:\/\/baldumarket.lt\/lt\/wp-json\/wp\/v2\/types\/product"}],"replies":[{"embeddable":true,"href":"https:\/\/baldumarket.lt\/lt\/wp-json\/wp\/v2\/comments?post=38102"}],"wp:featuredmedia":[{"embeddable":true,"href":"https:\/\/baldumarket.lt\/lt\/wp-json\/wp\/v2\/media\/8029"}],"wp:attachment":[{"href":"https:\/\/baldumarket.lt\/lt\/wp-json\/wp\/v2\/media?parent=38102"}],"wp:term":[{"taxonomy":"product_brand","embeddable":true,"href":"https:\/\/baldumarket.lt\/lt\/wp-json\/wp\/v2\/product_brand?post=38102"},{"taxonomy":"product_cat","embeddable":true,"href":"https:\/\/baldumarket.lt\/lt\/wp-json\/wp\/v2\/product_cat?post=38102"},{"taxonomy":"product_tag","embeddable":true,"href":"https:\/\/baldumarket.lt\/lt\/wp-json\/wp\/v2\/product_tag?post=38102"}],"curies":[{"name":"wp","href":"https:\/\/api.w.org\/{rel}","templated":true}]}}