{"id":38080,"date":"2025-11-19T19:37:29","date_gmt":"2025-11-19T16:37:29","guid":{"rendered":"https:\/\/baldumarket.lt\/?post_type=product&#038;p=38080"},"modified":"2026-03-24T13:06:06","modified_gmt":"2026-03-24T10:06:06","slug":"ario-grupa-classic","status":"publish","type":"product","link":"https:\/\/baldumarket.lt\/lt\/product\/ario-grupa-classic\/","title":{"rendered":"Ario CLASSIC grup\u0117"},"content":{"rendered":"<p>\u201eArio\u201c sofa-lova \u2013 tai atsakas \u012f moderni\u0173 nam\u0173 poreikius. \u012evairi\u0173 spalv\u0173 ir audini\u0173 sofa-lova, apmu\u0161alai ir minimalistinis dizainas puikiai dera prie modernaus interjero. Kompakti\u0161ki matmenys u\u017etikrina, kad ji neu\u017eima per daug vietos \u2013 puikiai tinka paauglio kambariui, sve\u010di\u0173 kambariui ar ma\u017eesnei svetainei. Ma\u017eos, 1,5 cm storio plastikin\u0117s kojel\u0117s apsaugo grindis nuo \u012fbr\u0117\u017eim\u0173. Unikali savyb\u0117 \u2013 T28 ir T25 put\u0173 naudojimas. \u0160is med\u017eiag\u0173 derinys suteikia konstrukcijai ypatingo mink\u0161tumo ir elastingumo, apsaugo nuo deformacijos. \u201eArio\u201c turi lengvai naudojam\u0105 miegojimo funkcij\u0105 (pavir\u0161iaus plotas \u2013 111 cm x 196 cm) ir erdv\u0173 patalyn\u0117s skyri\u0173, kurio matmenys \u2013 85 cm x 61 cm x 13 cm. Tod\u0117l ji puikiai tinka tiek retkar\u010diais, tiek kasdieniam naudojimui.<\/p>","protected":false},"excerpt":{"rendered":"<p>\u201eArio\u201c sofa-lova \u2013 tai atsakas \u012f moderni\u0173 nam\u0173 poreikius. \u012evairi\u0173 spalv\u0173 ir audini\u0173 sofa, apmu\u0161alai ir minimalistinis dizainas puikiai dera prie modernaus interjero. Kompakti\u0161ki matmenys u\u017etikrina, kad ji neu\u017eima per daug vietos \u2013 puikiai tinka paauglio kambariui, sve\u010di\u0173 kambariui, [\u2026]<\/p>","protected":false},"featured_media":25739,"comment_status":"open","ping_status":"closed","template":"","meta":[],"product_brand":[],"product_cat":[9133],"product_tag":[],"class_list":{"0":"post-38080","1":"product","2":"type-product","3":"status-publish","4":"has-post-thumbnail","6":"product_cat-grouped","8":"first","9":"instock","10":"shipping-taxable","11":"purchasable","12":"product-type-variable","13":"wvs-archive-product-wrapper"},"_links":{"self":[{"href":"https:\/\/baldumarket.lt\/lt\/wp-json\/wp\/v2\/product\/38080","targetHints":{"allow":["GET"]}}],"collection":[{"href":"https:\/\/baldumarket.lt\/lt\/wp-json\/wp\/v2\/product"}],"about":[{"href":"https:\/\/baldumarket.lt\/lt\/wp-json\/wp\/v2\/types\/product"}],"replies":[{"embeddable":true,"href":"https:\/\/baldumarket.lt\/lt\/wp-json\/wp\/v2\/comments?post=38080"}],"wp:featuredmedia":[{"embeddable":true,"href":"https:\/\/baldumarket.lt\/lt\/wp-json\/wp\/v2\/media\/25739"}],"wp:attachment":[{"href":"https:\/\/baldumarket.lt\/lt\/wp-json\/wp\/v2\/media?parent=38080"}],"wp:term":[{"taxonomy":"product_brand","embeddable":true,"href":"https:\/\/baldumarket.lt\/lt\/wp-json\/wp\/v2\/product_brand?post=38080"},{"taxonomy":"product_cat","embeddable":true,"href":"https:\/\/baldumarket.lt\/lt\/wp-json\/wp\/v2\/product_cat?post=38080"},{"taxonomy":"product_tag","embeddable":true,"href":"https:\/\/baldumarket.lt\/lt\/wp-json\/wp\/v2\/product_tag?post=38080"}],"curies":[{"name":"wp","href":"https:\/\/api.w.org\/{rel}","templated":true}]}}