{"id":38076,"date":"2025-11-19T19:37:29","date_gmt":"2025-11-19T16:37:29","guid":{"rendered":"https:\/\/baldumarket.lt\/?post_type=product&#038;p=38076"},"modified":"2026-03-24T13:24:52","modified_gmt":"2026-03-24T10:24:52","slug":"area-grupa-prestige","status":"publish","type":"product","link":"https:\/\/baldumarket.lt\/lt\/product\/area-grupa-prestige\/","title":{"rendered":"PRESTIGE grup\u0117s sritis"},"content":{"rendered":"<p>\u201eArea\u201c \u2013 moderni, funkcionali ir originali sofa netradicini\u0173 sprendim\u0173 m\u0117g\u0117jams. Geometrin\u0117 forma, stilingos dekoracijos ant apmu\u0161al\u0173 ir pagalv\u0117li\u0173 bei unikalus kitokio atspalvio apmu\u0161al\u0173 \u012fd\u0117klas apa\u010dioje, \u0161onuose ir ant pagalv\u0117li\u0173 suteikia \u201eArea\u201c sofai i\u0161ties unikal\u0173 akcent\u0105. Taip pat verta pamin\u0117ti pla\u010dius porankius, kruop\u0161\u010diai suformuot\u0105 atlo\u0161\u0105 ir papildomas, dosnias pagalv\u0117les, kurios padidina komfort\u0105. \u201eArea\u201c sofos matmenys \u2013 200 x 92 x 90 cm \u2013 puikiai tinka poilsiui dien\u0105, o d\u0117l miegojimo funkcijos ji turi 200 x 140 cm dyd\u017eio lov\u0105 su papildoma erdvia daiktad\u0117\u017ee. Visa sofa palaikoma DL atidarymo mechanizmu. D\u0117l \u201eBonnell\u201c spyruokli\u0173 ir T25 putplas\u010dio sofos s\u0117dyn\u0117 yra itin lanksti ir mink\u0161ta. Paprasta forma, eleganti\u0161ka konstrukcija ir modernus dizainas \u2013 \u0161tai kas yra \u201eArea\u201c sofa. Mes visi u\u017e tai!<\/p>","protected":false},"excerpt":{"rendered":"<p>\u201eArea\u201c \u2013 tai moderni, funkcionali ir originali sofa netradicini\u0173 sprendim\u0173 m\u0117g\u0117jams. Geometrin\u0117 forma, stilingos dekoracijos ant apmu\u0161al\u0173 ir pagalv\u0117li\u0173 bei unikalus skirtingo atspalvio apmu\u0161al\u0173 \u012fd\u0117klas apa\u010dioje, \u0161onuose ir ant pagalv\u0117li\u0173 suteikia \u201eArea\u201c sofai i\u0161ties unikal\u0173 akcent\u0105. Taip pat [\u2026]<\/p>","protected":false},"featured_media":7253,"comment_status":"open","ping_status":"closed","template":"","meta":[],"product_brand":[],"product_cat":[9133],"product_tag":[],"class_list":{"0":"post-38076","1":"product","2":"type-product","3":"status-publish","4":"has-post-thumbnail","6":"product_cat-grouped","8":"first","9":"instock","10":"shipping-taxable","11":"purchasable","12":"product-type-variable","13":"wvs-archive-product-wrapper"},"_links":{"self":[{"href":"https:\/\/baldumarket.lt\/lt\/wp-json\/wp\/v2\/product\/38076","targetHints":{"allow":["GET"]}}],"collection":[{"href":"https:\/\/baldumarket.lt\/lt\/wp-json\/wp\/v2\/product"}],"about":[{"href":"https:\/\/baldumarket.lt\/lt\/wp-json\/wp\/v2\/types\/product"}],"replies":[{"embeddable":true,"href":"https:\/\/baldumarket.lt\/lt\/wp-json\/wp\/v2\/comments?post=38076"}],"wp:featuredmedia":[{"embeddable":true,"href":"https:\/\/baldumarket.lt\/lt\/wp-json\/wp\/v2\/media\/7253"}],"wp:attachment":[{"href":"https:\/\/baldumarket.lt\/lt\/wp-json\/wp\/v2\/media?parent=38076"}],"wp:term":[{"taxonomy":"product_brand","embeddable":true,"href":"https:\/\/baldumarket.lt\/lt\/wp-json\/wp\/v2\/product_brand?post=38076"},{"taxonomy":"product_cat","embeddable":true,"href":"https:\/\/baldumarket.lt\/lt\/wp-json\/wp\/v2\/product_cat?post=38076"},{"taxonomy":"product_tag","embeddable":true,"href":"https:\/\/baldumarket.lt\/lt\/wp-json\/wp\/v2\/product_tag?post=38076"}],"curies":[{"name":"wp","href":"https:\/\/api.w.org\/{rel}","templated":true}]}}