{"id":38066,"date":"2025-11-19T19:37:05","date_gmt":"2025-11-19T16:37:05","guid":{"rendered":"https:\/\/baldumarket.lt\/?post_type=product&#038;p=38066"},"modified":"2026-03-24T13:24:51","modified_gmt":"2026-03-24T10:24:51","slug":"arco-90x200-grupa-prestige","status":"publish","type":"product","link":"https:\/\/baldumarket.lt\/lt\/product\/arco-90x200-grupa-prestige\/","title":{"rendered":"Arco 90\u00d7200 PRESTIGE grup\u0117"},"content":{"rendered":"<p>\u201eArco\u201c \u2013 tai klasikin\u0117 viengul\u0117 lova, pasi\u017eyminti labai eleganti\u0161ku dizainu, kuri puikiai papildys ma\u017e\u0105 miegam\u0105j\u012f ar sve\u010di\u0173 kambar\u012f. 90 x 209 cm dyd\u017eio lovos pavir\u0161iaus plotas, \u201eBonnell\u201c spyruoklin\u0117 sistema ir T25 put\u0173 u\u017epildas garantuoja ilg\u0105, sot\u0173 ir sveik\u0105 mieg\u0105, nes tokio tipo \u010diu\u017einys palaiko tinkam\u0105 k\u016bno pad\u0117t\u012f tiek nakt\u012f, tiek \u012fprasto dienos poilsio metu. Nors \u201eArco\u201c lova atrodo minimalistin\u0117 ir kompakti\u0161ka, joje yra erdvus patalyn\u0117s skyrius su med\u017eiagine rankena. Kiti privalumai: auk\u0161ta 55 cm s\u0117dyn\u0117 ir 3 cm kojel\u0117s. \u201eArco\u201c spyruoklin\u0117 lova puikiai tinka bet kokio dyd\u017eio kambariams, nes ji telpa bet kur ir d\u0117l savo dyd\u017eio si\u016blo mini versij\u0105 maksimalaus komforto lengvai pasiekiamoje vietoje.<\/p>","protected":false},"excerpt":{"rendered":"<p>\u201eArco\u201c \u2013 tai klasikin\u0117, viengul\u0117 lova su labai eleganti\u0161ku dizainu, kuri puikiai papildys ma\u017e\u0105 miegam\u0105j\u012f ar sve\u010di\u0173 kambar\u012f. Lovos 90 x 209 cm pavir\u0161iaus plotas kartu su \u201eBonnell\u201c spyruokl\u0117mis ir T25 put\u0173 u\u017epildu garantuoja ilg\u0105, visavert\u012f ir sveik\u0105 mieg\u0105, nes \u0161io tipo \u010diu\u017einys palaiko [\u2026]<\/p>","protected":false},"featured_media":7936,"comment_status":"open","ping_status":"closed","template":"","meta":[],"product_brand":[],"product_cat":[9133],"product_tag":[],"class_list":{"0":"post-38066","1":"product","2":"type-product","3":"status-publish","4":"has-post-thumbnail","6":"product_cat-grouped","8":"first","9":"instock","10":"shipping-taxable","11":"purchasable","12":"product-type-variable","13":"wvs-archive-product-wrapper"},"_links":{"self":[{"href":"https:\/\/baldumarket.lt\/lt\/wp-json\/wp\/v2\/product\/38066","targetHints":{"allow":["GET"]}}],"collection":[{"href":"https:\/\/baldumarket.lt\/lt\/wp-json\/wp\/v2\/product"}],"about":[{"href":"https:\/\/baldumarket.lt\/lt\/wp-json\/wp\/v2\/types\/product"}],"replies":[{"embeddable":true,"href":"https:\/\/baldumarket.lt\/lt\/wp-json\/wp\/v2\/comments?post=38066"}],"wp:featuredmedia":[{"embeddable":true,"href":"https:\/\/baldumarket.lt\/lt\/wp-json\/wp\/v2\/media\/7936"}],"wp:attachment":[{"href":"https:\/\/baldumarket.lt\/lt\/wp-json\/wp\/v2\/media?parent=38066"}],"wp:term":[{"taxonomy":"product_brand","embeddable":true,"href":"https:\/\/baldumarket.lt\/lt\/wp-json\/wp\/v2\/product_brand?post=38066"},{"taxonomy":"product_cat","embeddable":true,"href":"https:\/\/baldumarket.lt\/lt\/wp-json\/wp\/v2\/product_cat?post=38066"},{"taxonomy":"product_tag","embeddable":true,"href":"https:\/\/baldumarket.lt\/lt\/wp-json\/wp\/v2\/product_tag?post=38066"}],"curies":[{"name":"wp","href":"https:\/\/api.w.org\/{rel}","templated":true}]}}