{"id":38054,"date":"2025-11-19T19:37:04","date_gmt":"2025-11-19T16:37:04","guid":{"rendered":"https:\/\/baldumarket.lt\/?post_type=product&#038;p=38054"},"modified":"2026-03-24T13:40:36","modified_gmt":"2026-03-24T10:40:36","slug":"arcadova-czarny-grupa-standard","status":"publish","type":"product","link":"https:\/\/baldumarket.lt\/lt\/product\/arcadova-czarny-grupa-standard\/","title":{"rendered":"Arcadova Black STANDARD grup\u0117"},"content":{"rendered":"<p>\u201eArcadova\u201c sofa \u2013 eleganti\u0161kas baldas, kuris j\u016bs\u0173 interjerui suteiks stiliaus ir jaukumo. \u012esp\u016bdingas jos plotis \u2013 244 cm, tad jame yra daug s\u0117d\u0117jimo vietos. Jos gylis \u2013 97 cm, o auk\u0161tis \u2013 97 cm. Sofos s\u0117dyn\u0117 mink\u0161ta ir patogi, o atlo\u0161o ir nugaros pagalv\u0117li\u0173 audinys suteikia atram\u0105 nugarai. Be to, \u201eArcadova\u201c sofa turi pusapvalius porankius, kurie suteikia jai charakterio. Sofos kojel\u0117s pagamintos i\u0161 juodos medienos masyvo. Koj\u0173 auk\u0161tis \u2013 12 cm, tod\u0117l sofa yra eleganti\u0161kas ir stabilus. \u0160is baldas derina stili\u0173 ir komfort\u0105, puikiai tinka atsipalaiduoti ir pails\u0117ti svetain\u0117je. Jis taip pat universalus interjero dizaino stili\u0173 po\u017ei\u016briu, tod\u0117l tinka \u012fvairiems interjero dizainams.<\/p>","protected":false},"excerpt":{"rendered":"<p>\u201eArcadova\u201c sofa \u2013 eleganti\u0161kas baldas, kuris j\u016bs\u0173 interjerui suteiks stiliaus ir jaukumo. Ji pasi\u017eymi \u012fsp\u016bdingu 244 cm plo\u010diu, tod\u0117l suteikia daug s\u0117d\u0117jimo vietos. Jos gylis \u2013 97 cm, o auk\u0161tis \u2013 97 cm. Sofos s\u0117dyn\u0117 mink\u0161ta ir patogi, o atlo\u0161o ir nugaros audinys [\u2026]<\/p>","protected":false},"featured_media":29339,"comment_status":"open","ping_status":"closed","template":"","meta":[],"product_brand":[],"product_cat":[9133],"product_tag":[],"class_list":{"0":"post-38054","1":"product","2":"type-product","3":"status-publish","4":"has-post-thumbnail","6":"product_cat-grouped","8":"first","9":"instock","10":"shipping-taxable","11":"purchasable","12":"product-type-variable","13":"wvs-archive-product-wrapper"},"_links":{"self":[{"href":"https:\/\/baldumarket.lt\/lt\/wp-json\/wp\/v2\/product\/38054","targetHints":{"allow":["GET"]}}],"collection":[{"href":"https:\/\/baldumarket.lt\/lt\/wp-json\/wp\/v2\/product"}],"about":[{"href":"https:\/\/baldumarket.lt\/lt\/wp-json\/wp\/v2\/types\/product"}],"replies":[{"embeddable":true,"href":"https:\/\/baldumarket.lt\/lt\/wp-json\/wp\/v2\/comments?post=38054"}],"wp:featuredmedia":[{"embeddable":true,"href":"https:\/\/baldumarket.lt\/lt\/wp-json\/wp\/v2\/media\/29339"}],"wp:attachment":[{"href":"https:\/\/baldumarket.lt\/lt\/wp-json\/wp\/v2\/media?parent=38054"}],"wp:term":[{"taxonomy":"product_brand","embeddable":true,"href":"https:\/\/baldumarket.lt\/lt\/wp-json\/wp\/v2\/product_brand?post=38054"},{"taxonomy":"product_cat","embeddable":true,"href":"https:\/\/baldumarket.lt\/lt\/wp-json\/wp\/v2\/product_cat?post=38054"},{"taxonomy":"product_tag","embeddable":true,"href":"https:\/\/baldumarket.lt\/lt\/wp-json\/wp\/v2\/product_tag?post=38054"}],"curies":[{"name":"wp","href":"https:\/\/api.w.org\/{rel}","templated":true}]}}