{"id":38038,"date":"2025-11-19T19:37:01","date_gmt":"2025-11-19T16:37:01","guid":{"rendered":"https:\/\/baldumarket.lt\/?post_type=product&#038;p=38038"},"modified":"2026-03-24T13:24:51","modified_gmt":"2026-03-24T10:24:51","slug":"amber-185x210-grupa-prestige","status":"publish","type":"product","link":"https:\/\/baldumarket.lt\/lt\/product\/amber-185x210-grupa-prestige\/","title":{"rendered":"Gintaras 185\u00d7210 PRESTIGE grup\u0117"},"content":{"rendered":"<p>\u201eAmber\u201c \u2013 tai klasikinio stiliaus spyruoklin\u0117 lova su spyruokl\u0117mis, si\u016bloma trij\u0173 dyd\u017ei\u0173: 145\/165\/185 x 209 cm. I\u0161skirtin\u012f komfort\u0105 u\u017etikrina auk\u0161ta, 54 cm auk\u0161\u010dio s\u0117dyn\u0117 ir lovos u\u017epildas. 15 cm auk\u0161\u010dio \u201eBonnell\u201c spyruoklinis \u010diu\u017einys ir 4 cm auk\u0161\u010dio vir\u0161utinis sluoksnis suteikia naudotojui ypating\u0105 mink\u0161tum\u0105 ir puikiai stabilizuoja k\u016bn\u0105 miego metu. \u0160is sprendimas garantuoja patog\u0173 poils\u012f kiekvienam \u2013 nepriklausomai nuo pageidavim\u0173, laikysenos ar k\u016bno tipo. Be juntamo auk\u0161to komforto lygio, verta atkreipti d\u0117mes\u012f ir \u012f atskir\u0173 \u201eAmber\u201c modelio element\u0173 apdail\u0105. Si\u016btas galv\u016bgalis, padalintas \u012f keturias dalis, suteikia mink\u0161t\u0105 atram\u0105 ir puo\u0161ia miegam\u0105j\u012f. Du erdv\u016bs patalyn\u0117s skyriai suteikia m\u016bs\u0173 spyruoklinei lovai funkcionalumo ir paver\u010dia j\u0105 tikru malonumu. \u201eAmber\u201c yra savoti\u0161ka klas\u0117, tod\u0117l verta \u012fsigyti lov\u0105, kuri, be eleganti\u0161kos ir patogios, 100 procent\u0173 u\u017epildys j\u016bs\u0173 miegamojo interjer\u0105.<\/p>","protected":false},"excerpt":{"rendered":"<p>\u201eAmber\u201c \u2013 tai klasikinio stiliaus, ta\u010diau eleganti\u0161ka, skoninga ir funkcionali spyruoklin\u0117 lova, si\u016bloma trij\u0173 dyd\u017ei\u0173: 145\/165\/185 x 209 cm. I\u0161skirtin\u012f komfort\u0105 u\u017etikrina auk\u0161ta, 54 cm auk\u0161\u010dio s\u0117dyn\u0117 ir lovos u\u017epildas. 15 cm auk\u0161\u010dio \u201eBonnell\u201c spyruoklinis \u010diu\u017einys ir 4 cm auk\u0161\u010dio vir\u0161utinis \u010diu\u017einys suteikia naudotojui tobul\u0105 [\u2026]<\/p>","protected":false},"featured_media":7413,"comment_status":"open","ping_status":"closed","template":"","meta":[],"product_brand":[],"product_cat":[9133],"product_tag":[],"class_list":{"0":"post-38038","1":"product","2":"type-product","3":"status-publish","4":"has-post-thumbnail","6":"product_cat-grouped","8":"first","9":"instock","10":"shipping-taxable","11":"purchasable","12":"product-type-variable","13":"wvs-archive-product-wrapper"},"_links":{"self":[{"href":"https:\/\/baldumarket.lt\/lt\/wp-json\/wp\/v2\/product\/38038","targetHints":{"allow":["GET"]}}],"collection":[{"href":"https:\/\/baldumarket.lt\/lt\/wp-json\/wp\/v2\/product"}],"about":[{"href":"https:\/\/baldumarket.lt\/lt\/wp-json\/wp\/v2\/types\/product"}],"replies":[{"embeddable":true,"href":"https:\/\/baldumarket.lt\/lt\/wp-json\/wp\/v2\/comments?post=38038"}],"wp:featuredmedia":[{"embeddable":true,"href":"https:\/\/baldumarket.lt\/lt\/wp-json\/wp\/v2\/media\/7413"}],"wp:attachment":[{"href":"https:\/\/baldumarket.lt\/lt\/wp-json\/wp\/v2\/media?parent=38038"}],"wp:term":[{"taxonomy":"product_brand","embeddable":true,"href":"https:\/\/baldumarket.lt\/lt\/wp-json\/wp\/v2\/product_brand?post=38038"},{"taxonomy":"product_cat","embeddable":true,"href":"https:\/\/baldumarket.lt\/lt\/wp-json\/wp\/v2\/product_cat?post=38038"},{"taxonomy":"product_tag","embeddable":true,"href":"https:\/\/baldumarket.lt\/lt\/wp-json\/wp\/v2\/product_tag?post=38038"}],"curies":[{"name":"wp","href":"https:\/\/api.w.org\/{rel}","templated":true}]}}