{"id":38014,"date":"2025-11-19T19:36:40","date_gmt":"2025-11-19T16:36:40","guid":{"rendered":"https:\/\/baldumarket.lt\/?post_type=product&#038;p=38014"},"modified":"2026-03-24T13:33:39","modified_gmt":"2026-03-24T10:33:39","slug":"amaza-grupa-special","status":"publish","type":"product","link":"https:\/\/baldumarket.lt\/lt\/product\/amaza-grupa-special\/","title":{"rendered":"\u201eAmaza SPECIAL\u201c grup\u0117"},"content":{"rendered":"<p>\u201eAmaza\u201c \u2013 tai 190 x 82 x 83 cm dyd\u017eio sofa, skirta tikriems minimalizmo gerb\u0117jams. Ji puikiai tinka poilsiui tiek dien\u0105, tiek nakt\u012f, nes j\u0105 galima transformuoti \u012f 190 x 130 cm dyd\u017eio lov\u0105. Taip pat verta pamin\u0117ti erdv\u0173 patalyn\u0117s skyri\u0173 ir dideles pagalv\u0117les, kurios suteikia baldui daug elegancijos. Be to, \u201eAmaza\u201c aptraukta patvariu, skoningu, prislopint\u0173 atspalvi\u0173 apmu\u0161alu. Ta\u010diau verta pamin\u0117ti ir \u201eAmaza\u201c sofos funkcionalum\u0105. D\u0117l zigzago spyruokli\u0173 ir T25 putplas\u010dio s\u0117dyni\u0173 pagalv\u0117l\u0117se komfortas yra ranka pasiekiamas. \u201eAmaza\u201c \u017eavi savo paprastumu ir klase. Ji derina maksimal\u0173 komfort\u0105 su modernia apdaila, o b\u016btent tai ir yra sofa.<\/p>","protected":false},"excerpt":{"rendered":"<p>\u201eAmaza\u201c \u2013 tai 190 x 82 x 83 cm dyd\u017eio sofa, skirta tikriems minimalizmo gerb\u0117jams. Ji puikiai tinka poilsiui tiek dien\u0105, tiek nakt\u012f, nes gali b\u016bti transformuojama \u012f 190 x 130 cm dyd\u017eio lov\u0105. Taip pat verta pamin\u0117ti erdv\u0173 patalyn\u0117s skyri\u0173 ir dideles pagalv\u0117les, kurios suteikia sofai daug elegancijos [\u2026]<\/p>","protected":false},"featured_media":9191,"comment_status":"open","ping_status":"closed","template":"","meta":[],"product_brand":[],"product_cat":[9133],"product_tag":[],"class_list":{"0":"post-38014","1":"product","2":"type-product","3":"status-publish","4":"has-post-thumbnail","6":"product_cat-grouped","8":"first","9":"instock","10":"shipping-taxable","11":"purchasable","12":"product-type-variable","13":"wvs-archive-product-wrapper"},"_links":{"self":[{"href":"https:\/\/baldumarket.lt\/lt\/wp-json\/wp\/v2\/product\/38014","targetHints":{"allow":["GET"]}}],"collection":[{"href":"https:\/\/baldumarket.lt\/lt\/wp-json\/wp\/v2\/product"}],"about":[{"href":"https:\/\/baldumarket.lt\/lt\/wp-json\/wp\/v2\/types\/product"}],"replies":[{"embeddable":true,"href":"https:\/\/baldumarket.lt\/lt\/wp-json\/wp\/v2\/comments?post=38014"}],"wp:featuredmedia":[{"embeddable":true,"href":"https:\/\/baldumarket.lt\/lt\/wp-json\/wp\/v2\/media\/9191"}],"wp:attachment":[{"href":"https:\/\/baldumarket.lt\/lt\/wp-json\/wp\/v2\/media?parent=38014"}],"wp:term":[{"taxonomy":"product_brand","embeddable":true,"href":"https:\/\/baldumarket.lt\/lt\/wp-json\/wp\/v2\/product_brand?post=38014"},{"taxonomy":"product_cat","embeddable":true,"href":"https:\/\/baldumarket.lt\/lt\/wp-json\/wp\/v2\/product_cat?post=38014"},{"taxonomy":"product_tag","embeddable":true,"href":"https:\/\/baldumarket.lt\/lt\/wp-json\/wp\/v2\/product_tag?post=38014"}],"curies":[{"name":"wp","href":"https:\/\/api.w.org\/{rel}","templated":true}]}}