{"id":37984,"date":"2025-11-19T19:36:01","date_gmt":"2025-11-19T16:36:01","guid":{"rendered":"https:\/\/baldumarket.lt\/?post_type=product&#038;p=37984"},"modified":"2026-03-24T13:24:43","modified_gmt":"2026-03-24T10:24:43","slug":"amadeo-140x200-grupa-prestige","status":"publish","type":"product","link":"https:\/\/baldumarket.lt\/lt\/product\/amadeo-140x200-grupa-prestige\/","title":{"rendered":"Amadeo 140X200 PRESTIGE grup\u0117"},"content":{"rendered":"<p>\u201eAmadeo\u201c \u2013 i\u0161skirtinai patogi, tvirta ir unikalaus dizaino spyruoklin\u0117 lova, kuri \u017eavi savo unikalia forma ir dekoratyviniais akcentais. Galima rinktis i\u0161 trij\u0173 dyd\u017ei\u0173: 140\/160\/180 x 200 cm, tod\u0117l j\u0105 lengva pritaikyti prie j\u016bs\u0173 nam\u0173 dyd\u017eio. I\u0161skirtiniai jos bruo\u017eai: auk\u0161tas \u010diu\u017einys, stilingas galv\u016bgalis su papildomu T21 putplas\u010diu, erdvi patalyn\u0117s laikymo vieta, chromuotos metalin\u0117s kojel\u0117s ir eleganti\u0161kas, trin\u010diai ir d\u0117m\u0117ms atsparus apmu\u0161alas, kur\u012f galima \u012fsigyti \u012fvairi\u0173 spalv\u0173 i\u0161 \u201eBalduMarket\u201c kolekcijos. Unikaliausias \u0161io baldo dekoratyvinis elementas \u2013 galimyb\u0117 j\u012f apr\u016bpinti LED ap\u0161vietimu. Pats \u010diu\u017einys pagamintas i\u0161 \u201eBonnell\u201c spyruokli\u0173, o vir\u0161uje ir apa\u010dioje u\u017ed\u0117ti du papildomi T25 putplas\u010dio sluoksniai. Lovos u\u017epildas taip pat sutvirtintas 4 cm storio T21 putplas\u010dio u\u017etiesalu. \u0160is sprendimas u\u017etikrina maksimal\u0173 komfort\u0105. Verta tur\u0117ti tok\u012f funkcional\u0173 bald\u0105 savo namuose.<\/p>","protected":false},"excerpt":{"rendered":"<p>\u201eAmadeo\u201c \u2013 tai i\u0161skirtinai patogi, tvirta ir unikaliai suprojektuota spyruoklin\u0117 lova, kuri \u017eavi savo unikalia forma ir dekoratyviniais akcentais. Galima rinktis i\u0161 trij\u0173 dyd\u017ei\u0173: 140\/160\/180 x 200 cm, tod\u0117l j\u0105 lengva pritaikyti prie j\u016bs\u0173 nam\u0173 dyd\u017eio. I\u0161skirtin\u0117s savyb\u0117s: auk\u0161tas \u010diu\u017einys, stilingas galv\u016bgalis su papildomais T21 put\u0173 u\u017epildais, erdvi patalyn\u0117s laikymo vieta, chromuotos [\u2026]<\/p>","protected":false},"featured_media":9420,"comment_status":"open","ping_status":"closed","template":"","meta":[],"product_brand":[],"product_cat":[9133],"product_tag":[],"class_list":{"0":"post-37984","1":"product","2":"type-product","3":"status-publish","4":"has-post-thumbnail","6":"product_cat-grouped","8":"first","9":"instock","10":"shipping-taxable","11":"purchasable","12":"product-type-variable","13":"wvs-archive-product-wrapper"},"_links":{"self":[{"href":"https:\/\/baldumarket.lt\/lt\/wp-json\/wp\/v2\/product\/37984","targetHints":{"allow":["GET"]}}],"collection":[{"href":"https:\/\/baldumarket.lt\/lt\/wp-json\/wp\/v2\/product"}],"about":[{"href":"https:\/\/baldumarket.lt\/lt\/wp-json\/wp\/v2\/types\/product"}],"replies":[{"embeddable":true,"href":"https:\/\/baldumarket.lt\/lt\/wp-json\/wp\/v2\/comments?post=37984"}],"wp:featuredmedia":[{"embeddable":true,"href":"https:\/\/baldumarket.lt\/lt\/wp-json\/wp\/v2\/media\/9420"}],"wp:attachment":[{"href":"https:\/\/baldumarket.lt\/lt\/wp-json\/wp\/v2\/media?parent=37984"}],"wp:term":[{"taxonomy":"product_brand","embeddable":true,"href":"https:\/\/baldumarket.lt\/lt\/wp-json\/wp\/v2\/product_brand?post=37984"},{"taxonomy":"product_cat","embeddable":true,"href":"https:\/\/baldumarket.lt\/lt\/wp-json\/wp\/v2\/product_cat?post=37984"},{"taxonomy":"product_tag","embeddable":true,"href":"https:\/\/baldumarket.lt\/lt\/wp-json\/wp\/v2\/product_tag?post=37984"}],"curies":[{"name":"wp","href":"https:\/\/api.w.org\/{rel}","templated":true}]}}