{"id":37934,"date":"2025-11-19T19:35:36","date_gmt":"2025-11-19T16:35:36","guid":{"rendered":"https:\/\/baldumarket.lt\/?post_type=product&#038;p=37934"},"modified":"2026-04-21T17:24:06","modified_gmt":"2026-04-21T14:24:06","slug":"aga-grupa-classic","status":"publish","type":"product","link":"https:\/\/baldumarket.lt\/lt\/product\/aga-grupa-classic\/","title":{"rendered":"Aga CLASSIC grup\u0117"},"content":{"rendered":"<p>\u201eAga\u201c \u2013 itin patogi ir funkcionali sofa, kurios matmenys \u2013 218 x 80 x 77 cm, tod\u0117l ji idealiai tinka vaik\u0173 kambariui. Unikaliai suformuotas atlo\u0161as ir s\u0117dyn\u0117 yra tiek vientisos, tiek ra\u0161tuotos apdailos. \u0160ios med\u017eiag\u0173 ir spalv\u0173 parinktys leid\u017eia pritaikyti vaiko kambar\u012f pagal individualius pageidavimus. Sofa suteikia daug erdv\u0117s tiek dienos, tiek nakties poilsiui. Sofos i\u0161lankstymo funkcija leid\u017eia pritaikyti sof\u0105 pagal j\u016bs\u0173 poreikius. I\u0161traukiamas pagrindas transformuojasi \u012f 180 x 150 cm dyd\u017eio lov\u0105. Siekiant maksimalaus komforto, \u201eAga\u201c sofa apr\u016bpinta T25 putplas\u010dio s\u0117dyne, kuri suteikia lankstumo, mink\u0161tumo, komforto ir saugumo, suteikdama tinkam\u0105 k\u016bno atram\u0105. \u201eAga\u201c bus tobulai jaukus baldas ir unikali bet kurio vaiko kambario puo\u0161mena.<\/p>","protected":false},"excerpt":{"rendered":"<p>\u201eAga\u201c \u2013 itin patogi ir funkcionali sofa, kurios matmenys \u2013 218 x 80 x 77 cm, tod\u0117l ji idealiai tinka vaik\u0173 kambariui. Unikaliai suformuotas atlo\u0161as ir s\u0117dyn\u0117 yra tiek vientisos, tiek ra\u0161tuotos apdailos. \u0160ios med\u017eiag\u0173 ir spalv\u0173 parinktys leid\u017eia pritaikyti vaiko kambar\u012f pagal individualius pageidavimus. [\u2026]<\/p>","protected":false},"featured_media":7308,"comment_status":"open","ping_status":"closed","template":"","meta":[],"product_brand":[],"product_cat":[9133],"product_tag":[],"class_list":{"0":"post-37934","1":"product","2":"type-product","3":"status-publish","4":"has-post-thumbnail","6":"product_cat-grouped","8":"first","9":"instock","10":"shipping-taxable","11":"purchasable","12":"product-type-variable","13":"wvs-archive-product-wrapper"},"_links":{"self":[{"href":"https:\/\/baldumarket.lt\/lt\/wp-json\/wp\/v2\/product\/37934","targetHints":{"allow":["GET"]}}],"collection":[{"href":"https:\/\/baldumarket.lt\/lt\/wp-json\/wp\/v2\/product"}],"about":[{"href":"https:\/\/baldumarket.lt\/lt\/wp-json\/wp\/v2\/types\/product"}],"replies":[{"embeddable":true,"href":"https:\/\/baldumarket.lt\/lt\/wp-json\/wp\/v2\/comments?post=37934"}],"wp:featuredmedia":[{"embeddable":true,"href":"https:\/\/baldumarket.lt\/lt\/wp-json\/wp\/v2\/media\/7308"}],"wp:attachment":[{"href":"https:\/\/baldumarket.lt\/lt\/wp-json\/wp\/v2\/media?parent=37934"}],"wp:term":[{"taxonomy":"product_brand","embeddable":true,"href":"https:\/\/baldumarket.lt\/lt\/wp-json\/wp\/v2\/product_brand?post=37934"},{"taxonomy":"product_cat","embeddable":true,"href":"https:\/\/baldumarket.lt\/lt\/wp-json\/wp\/v2\/product_cat?post=37934"},{"taxonomy":"product_tag","embeddable":true,"href":"https:\/\/baldumarket.lt\/lt\/wp-json\/wp\/v2\/product_tag?post=37934"}],"curies":[{"name":"wp","href":"https:\/\/api.w.org\/{rel}","templated":true}]}}