{"id":37900,"date":"2025-11-19T19:35:18","date_gmt":"2025-11-19T16:35:18","guid":{"rendered":"https:\/\/baldumarket.lt\/?post_type=product&#038;p=37900"},"modified":"2026-03-24T13:05:48","modified_gmt":"2026-03-24T10:05:48","slug":"adel-180x200-grupa-classic","status":"publish","type":"product","link":"https:\/\/baldumarket.lt\/lt\/product\/adel-180x200-grupa-classic\/","title":{"rendered":"Adel 180X200 CLASSIC grup\u0117"},"content":{"rendered":"<p>\u201eAdel\u201c \u2013 tai labai skoninga ir i\u0161skirtinai patogi kontinentin\u0117 spyruoklin\u0117 lova, pasi\u017eyminti prabangiu stiliumi. Ji si\u016bloma trij\u0173 dyd\u017ei\u0173: 145\/165\/185 x 215 x 118 cm. Ji turi tvirt\u0105 20 cm auk\u0161\u010dio \u201eBonnell\u201c spyruoklin\u012f \u010diu\u017ein\u012f ir patvar\u0173, mink\u0161t\u0105 r\u0117m\u0105, kur\u012f galima rinktis i\u0161 \u012fvairi\u0173 spalv\u0173. Be to, spyruoklinio mechanizmo d\u0117ka vir\u0161utin\u0117 lovos dalis pakeliama, atverianti prieig\u0105 prie dviej\u0173 erdvi\u0173 patalyn\u0117s skyri\u0173, padalint\u0173 \u012f tris dalis. Kiti i\u0161skirtiniai \u201eAdel\u201c lovos bruo\u017eai: eleganti\u0161kos, 13 cm auk\u0161\u010dio, sidabro blizgesio metalin\u0117s kojel\u0117s, gili s\u0117dyn\u0117 ir auk\u0161tas, atlo\u0161tas galv\u016bgalis, papuo\u0161tas dygsniais. Jei ie\u0161kote patogios, lanks\u010dios ir tvirtos lovos, kuri i\u0161laikyt\u0173 reikiam\u0105 elastingum\u0105 ir tvirtum\u0105, kartu b\u016bt\u0173 funkcionali ir kruop\u0161\u010diai apdailinta su dizainerio prisilietimu, kvie\u010diame ap\u017ei\u016br\u0117ti m\u016bs\u0173 spyruoklin\u0119 lov\u0105. Su \u201eBalduMarket\u201c garantuojame visi\u0161k\u0105 pasitenkinim\u0105.<\/p>","protected":false},"excerpt":{"rendered":"<p>\u201eAdel\u201c \u2013 tai labai skoninga ir i\u0161skirtinai patogi kontinentin\u0117 spyruoklin\u0117 lova, pasi\u017eyminti prabangiu stiliumi. Galima rinktis i\u0161 trij\u0173 dyd\u017ei\u0173: 145\/165\/185 x 215 x 118 cm. Ji turi tvirt\u0105 20 cm auk\u0161\u010dio \u201eBonnell\u201c spyruoklin\u012f \u010diu\u017ein\u012f ir patvar\u0173, mink\u0161t\u0105 r\u0117m\u0105, kur\u012f galima rinktis i\u0161 \u012fvairi\u0173 spalv\u0173. Be to, spyruoklinio mechanizmo d\u0117ka vir\u0161utin\u0117 [\u2026]<\/p>","protected":false},"featured_media":37899,"comment_status":"open","ping_status":"closed","template":"","meta":[],"product_brand":[],"product_cat":[9133],"product_tag":[],"class_list":{"0":"post-37900","1":"product","2":"type-product","3":"status-publish","4":"has-post-thumbnail","6":"product_cat-grouped","8":"first","9":"instock","10":"shipping-taxable","11":"purchasable","12":"product-type-variable","13":"wvs-archive-product-wrapper"},"_links":{"self":[{"href":"https:\/\/baldumarket.lt\/lt\/wp-json\/wp\/v2\/product\/37900","targetHints":{"allow":["GET"]}}],"collection":[{"href":"https:\/\/baldumarket.lt\/lt\/wp-json\/wp\/v2\/product"}],"about":[{"href":"https:\/\/baldumarket.lt\/lt\/wp-json\/wp\/v2\/types\/product"}],"replies":[{"embeddable":true,"href":"https:\/\/baldumarket.lt\/lt\/wp-json\/wp\/v2\/comments?post=37900"}],"wp:featuredmedia":[{"embeddable":true,"href":"https:\/\/baldumarket.lt\/lt\/wp-json\/wp\/v2\/media\/37899"}],"wp:attachment":[{"href":"https:\/\/baldumarket.lt\/lt\/wp-json\/wp\/v2\/media?parent=37900"}],"wp:term":[{"taxonomy":"product_brand","embeddable":true,"href":"https:\/\/baldumarket.lt\/lt\/wp-json\/wp\/v2\/product_brand?post=37900"},{"taxonomy":"product_cat","embeddable":true,"href":"https:\/\/baldumarket.lt\/lt\/wp-json\/wp\/v2\/product_cat?post=37900"},{"taxonomy":"product_tag","embeddable":true,"href":"https:\/\/baldumarket.lt\/lt\/wp-json\/wp\/v2\/product_tag?post=37900"}],"curies":[{"name":"wp","href":"https:\/\/api.w.org\/{rel}","templated":true}]}}