{"id":37237,"date":"2025-11-15T02:52:23","date_gmt":"2025-11-14T23:52:23","guid":{"rendered":"https:\/\/baldumarket.lt\/product\/loze-tapedo-stelaz-met-pod-gaz-kontener-160x200\/"},"modified":"2026-03-24T16:18:31","modified_gmt":"2026-03-24T13:18:31","slug":"loze-tapedo-stelaz-met-pod-gaz-kontener-160x200","status":"publish","type":"product","link":"https:\/\/baldumarket.lt\/lt\/product\/loze-tapedo-stelaz-met-pod-gaz-kontener-160x200\/","title":{"rendered":"Lova su u\u017etrauktuku + metalinis r\u0117mas\/dujos\/konteineris 160\u00d7200"},"content":{"rendered":"<p>\u201eTapedo\u201c miegamojo lova apjungia modern\u0173 dizain\u0105, funkcionalum\u0105 ir miego komfort\u0105. Galima rinktis i\u0161 trij\u0173 dyd\u017ei\u0173: 140 \u00d7 200 cm, 160 \u00d7 200 cm ir 180 \u00d7 200 cm, o plot\u012f galima reguliuoti pagal individualius naudotojo poreikius \u2013 atitinkamai 165 cm, 185 cm arba 205 cm. Bendras lovos auk\u0161tis yra 131 cm, o gylis \u2013 221 cm, tod\u0117l konstrukcija atrodo eleganti\u0161kai ir proporcingai. Auk\u0161tos kokyb\u0117s T2130 poliuretano put\u0173 u\u017epildas garantuoja optimali\u0105 k\u016bno atram\u0105 ir auk\u0161t\u0105 komforto lyg\u012f. \u201eTapedo\u201c lovoje yra prakti\u0161ka patalyn\u0117s d\u0117\u017e\u0117, kurioje patogu laikyti patalyn\u0119 ir palaikyti tvark\u0105 miegamajame. Stabilios, juodos plastikin\u0117s kojel\u0117s suteikia baldui lengvumo ir modernumo. D\u0117l tvirtos konstrukcijos, funkcionali\u0173 sprendim\u0173 ir esteti\u0161kos formos derinio \u201eTapedo\u201c lova puikiai dera prie modernaus interjero, sukurdama eleganti\u0161k\u0105 ir jauki\u0105 viet\u0105 atsipalaiduoti.<\/p>","protected":false},"excerpt":{"rendered":"<p>\u201eTapedo\u201c miegamojo lova apjungia modern\u0173 dizain\u0105, funkcionalum\u0105 ir miego komfort\u0105. Galima rinktis i\u0161 trij\u0173 dyd\u017ei\u0173: 140 \u00d7 200 cm, 160 \u00d7 200 cm ir 180 \u00d7 200 cm, o plot\u012f galima reguliuoti pagal individualius vartotojo poreikius \u2013 atitinkamai 165 cm, 185 cm arba 205 cm. Bendras lovos auk\u0161tis yra 131 cm, o gylis \u2013 221 cm.<\/p>","protected":false},"featured_media":37149,"comment_status":"open","ping_status":"open","template":"","meta":[],"product_brand":[],"product_cat":[505,1972,2012,9173],"product_tag":[],"class_list":{"0":"post-37237","1":"product","2":"type-product","3":"status-publish","4":"has-post-thumbnail","6":"product_cat-bedroom-beds","7":"product_cat-beds-180x200","8":"product_cat-eltap","9":"product_cat-lozka-eltap","11":"first","12":"instock","13":"purchasable","14":"product-type-variable","15":"wvs-archive-product-wrapper"},"_links":{"self":[{"href":"https:\/\/baldumarket.lt\/lt\/wp-json\/wp\/v2\/product\/37237","targetHints":{"allow":["GET"]}}],"collection":[{"href":"https:\/\/baldumarket.lt\/lt\/wp-json\/wp\/v2\/product"}],"about":[{"href":"https:\/\/baldumarket.lt\/lt\/wp-json\/wp\/v2\/types\/product"}],"replies":[{"embeddable":true,"href":"https:\/\/baldumarket.lt\/lt\/wp-json\/wp\/v2\/comments?post=37237"}],"wp:featuredmedia":[{"embeddable":true,"href":"https:\/\/baldumarket.lt\/lt\/wp-json\/wp\/v2\/media\/37149"}],"wp:attachment":[{"href":"https:\/\/baldumarket.lt\/lt\/wp-json\/wp\/v2\/media?parent=37237"}],"wp:term":[{"taxonomy":"product_brand","embeddable":true,"href":"https:\/\/baldumarket.lt\/lt\/wp-json\/wp\/v2\/product_brand?post=37237"},{"taxonomy":"product_cat","embeddable":true,"href":"https:\/\/baldumarket.lt\/lt\/wp-json\/wp\/v2\/product_cat?post=37237"},{"taxonomy":"product_tag","embeddable":true,"href":"https:\/\/baldumarket.lt\/lt\/wp-json\/wp\/v2\/product_tag?post=37237"}],"curies":[{"name":"wp","href":"https:\/\/api.w.org\/{rel}","templated":true}]}}