{"id":36978,"date":"2025-11-15T02:35:41","date_gmt":"2025-11-14T23:35:41","guid":{"rendered":"https:\/\/baldumarket.lt\/product\/loze-pesillo-stelaz-drew-pod-stand-kontener-140x200\/"},"modified":"2026-03-24T16:18:53","modified_gmt":"2026-03-24T13:18:53","slug":"loze-pesillo-stelaz-drew-pod-stand-kontener-140x200","status":"publish","type":"product","link":"https:\/\/baldumarket.lt\/lt\/product\/loze-pesillo-stelaz-drew-pod-stand-kontener-140x200\/","title":{"rendered":"Pesillo lova + medinis r\u0117mas\/stovas\/konteineris 140\u00d7200"},"content":{"rendered":"<p>\u201ePesillo\u201c miegamojo lova apjungia elegancij\u0105 ir funkcionalum\u0105 moderniame dizaine. Lova yra trij\u0173 dyd\u017ei\u0173: 140 \u00d7 200 cm, 160 \u00d7 200 cm ir 180 \u00d7 200 cm, tod\u0117l j\u0105 galima puikiai pritaikyti prie individuali\u0173 poreiki\u0173 ir miegamojo matmen\u0173. Bendras lovos auk\u0161tis yra 103 cm, o gylis \u2013 220 cm. Plotis priklauso nuo pasirinkto modelio ir yra atitinkamai 158 cm, 178 cm arba 198 cm. T2130 putplas\u010dio u\u017epildas garantuoja komfort\u0105 ir ilgaam\u017ei\u0161kum\u0105, o tvirtos juodo plastiko kojel\u0117s suteikia stabilumo ir esteti\u0161k\u0105 i\u0161vaizd\u0105. \u201ePesillo\u201c lovoje yra prakti\u0161kas patalyn\u0117s skyrius, leid\u017eiantis efektyviai i\u0161naudoti erdv\u0119 ir palaikyti tvark\u0105 miegamajame. Bendras dizainas yra modernus, puikiai atitinka dabartines dizaino tendencijas, sukuriantis jauki\u0105 ir eleganti\u0161k\u0105 erdv\u0119, skatinan\u010di\u0105 atsipalaiduoti.<\/p>","protected":false},"excerpt":{"rendered":"<p>\u201ePesillo\u201c miegamojo lova sujungia elegancij\u0105 ir funkcionalum\u0105 moderniame dizaine. Lova yra trij\u0173 dyd\u017ei\u0173: 140 \u00d7 200 cm, 160 \u00d7 200 cm ir 180 \u00d7 200 cm, tod\u0117l j\u0105 galima puikiai pritaikyti prie individuali\u0173 poreiki\u0173 ir miegamojo matmen\u0173. Bendras lovos auk\u0161tis yra 103 cm, o gylis \u2013 220 cm. Plotis priklauso nuo [\u2026]<\/p>","protected":false},"featured_media":36887,"comment_status":"open","ping_status":"open","template":"","meta":[],"product_brand":[],"product_cat":[505,1972,2012,9173],"product_tag":[],"class_list":{"0":"post-36978","1":"product","2":"type-product","3":"status-publish","4":"has-post-thumbnail","6":"product_cat-bedroom-beds","7":"product_cat-beds-180x200","8":"product_cat-eltap","9":"product_cat-lozka-eltap","11":"first","12":"instock","13":"purchasable","14":"product-type-variable","15":"wvs-archive-product-wrapper"},"_links":{"self":[{"href":"https:\/\/baldumarket.lt\/lt\/wp-json\/wp\/v2\/product\/36978","targetHints":{"allow":["GET"]}}],"collection":[{"href":"https:\/\/baldumarket.lt\/lt\/wp-json\/wp\/v2\/product"}],"about":[{"href":"https:\/\/baldumarket.lt\/lt\/wp-json\/wp\/v2\/types\/product"}],"replies":[{"embeddable":true,"href":"https:\/\/baldumarket.lt\/lt\/wp-json\/wp\/v2\/comments?post=36978"}],"wp:featuredmedia":[{"embeddable":true,"href":"https:\/\/baldumarket.lt\/lt\/wp-json\/wp\/v2\/media\/36887"}],"wp:attachment":[{"href":"https:\/\/baldumarket.lt\/lt\/wp-json\/wp\/v2\/media?parent=36978"}],"wp:term":[{"taxonomy":"product_brand","embeddable":true,"href":"https:\/\/baldumarket.lt\/lt\/wp-json\/wp\/v2\/product_brand?post=36978"},{"taxonomy":"product_cat","embeddable":true,"href":"https:\/\/baldumarket.lt\/lt\/wp-json\/wp\/v2\/product_cat?post=36978"},{"taxonomy":"product_tag","embeddable":true,"href":"https:\/\/baldumarket.lt\/lt\/wp-json\/wp\/v2\/product_tag?post=36978"}],"curies":[{"name":"wp","href":"https:\/\/api.w.org\/{rel}","templated":true}]}}