{"id":36877,"date":"2025-11-15T02:24:21","date_gmt":"2025-11-14T23:24:21","guid":{"rendered":"https:\/\/baldumarket.lt\/product\/cortiko-180x200\/"},"modified":"2026-04-06T23:33:34","modified_gmt":"2026-04-06T20:33:34","slug":"cortiko-180x200","status":"publish","type":"product","link":"https:\/\/baldumarket.lt\/lt\/product\/cortiko-180x200\/","title":{"rendered":"Cortiko 180\u00d7200"},"content":{"rendered":"<p>\u201eCortiko\u201c kontinentin\u0117 lova \u2013 eleganti\u0161kas ir patogus pasirinkimas modernaus stiliaus m\u0117g\u0117jams. Galima rinktis i\u0161 trij\u0173 dyd\u017ei\u0173: 140 \u00d7 200 cm, 160 \u00d7 200 cm ir 180 \u00d7 200 cm, tod\u0117l plot\u012f galima idealiai pritaikyti prie naudotojo poreiki\u0173 \u2013 atitinkamai 162 cm, 182 cm arba 202 cm. Bendras lovos auk\u0161tis \u2013 102 cm, o gylis \u2013 222 cm, tod\u0117l konstrukcija atrodo stabiliai ir proporcingai. Lovos vidus pagamintas i\u0161 \u201ebonell\u201c spyruokli\u0173 ir T2540 putplas\u010dio derinio, u\u017etikrinan\u010dio puiki\u0105 k\u016bno atram\u0105 ir auk\u0161t\u0105 miego komforto lyg\u012f. \u201eCortiko\u201c modelyje yra prakti\u0161ka patalyn\u0117s d\u0117\u017e\u0117, leid\u017eianti palaikyti tvark\u0105 miegamajame ir maksimaliai i\u0161naudoti erdv\u0119. Juodos medin\u0117s bald\u0173 kojel\u0117s papildo dizain\u0105, suteikdamos elegancijos ir lengvumo. Modernus \u201eCortiko\u201c lovos dizainas puikiai tinka tiek minimalistiniam, tiek i\u0161rai\u0161kingesniam interjerui, suteikdamas bet kuriam miegamajam stiling\u0105 ir funkcional\u0173 element\u0105.<\/p>","protected":false},"excerpt":{"rendered":"<p>\u201eCortiko\u201c kontinentin\u0117 lova \u2013 eleganti\u0161kas ir patogus pasirinkimas modernaus stiliaus m\u0117g\u0117jams. Galima rinktis i\u0161 trij\u0173 dyd\u017ei\u0173: 140 \u00d7 200 cm, 160 \u00d7 200 cm ir 180 \u00d7 200 cm, tod\u0117l plot\u012f galima pritaikyti prie kiekvieno naudotojo poreiki\u0173 \u2013 atitinkamai 162 cm, 182 cm arba 202 cm. Bendras lovos auk\u0161tis yra 102 cm, o jos [\u2026]<\/p>","protected":false},"featured_media":36806,"comment_status":"open","ping_status":"open","template":"","meta":[],"product_brand":[],"product_cat":[505,514,2012,9174],"product_tag":[],"class_list":{"0":"post-36877","1":"product","2":"type-product","3":"status-publish","4":"has-post-thumbnail","6":"product_cat-bedroom-beds","7":"product_cat-continental-beds","8":"product_cat-eltap","9":"product_cat-lozka-kontynentalne-eltap","11":"first","12":"instock","13":"purchasable","14":"product-type-variable","15":"wvs-archive-product-wrapper"},"_links":{"self":[{"href":"https:\/\/baldumarket.lt\/lt\/wp-json\/wp\/v2\/product\/36877","targetHints":{"allow":["GET"]}}],"collection":[{"href":"https:\/\/baldumarket.lt\/lt\/wp-json\/wp\/v2\/product"}],"about":[{"href":"https:\/\/baldumarket.lt\/lt\/wp-json\/wp\/v2\/types\/product"}],"replies":[{"embeddable":true,"href":"https:\/\/baldumarket.lt\/lt\/wp-json\/wp\/v2\/comments?post=36877"}],"wp:featuredmedia":[{"embeddable":true,"href":"https:\/\/baldumarket.lt\/lt\/wp-json\/wp\/v2\/media\/36806"}],"wp:attachment":[{"href":"https:\/\/baldumarket.lt\/lt\/wp-json\/wp\/v2\/media?parent=36877"}],"wp:term":[{"taxonomy":"product_brand","embeddable":true,"href":"https:\/\/baldumarket.lt\/lt\/wp-json\/wp\/v2\/product_brand?post=36877"},{"taxonomy":"product_cat","embeddable":true,"href":"https:\/\/baldumarket.lt\/lt\/wp-json\/wp\/v2\/product_cat?post=36877"},{"taxonomy":"product_tag","embeddable":true,"href":"https:\/\/baldumarket.lt\/lt\/wp-json\/wp\/v2\/product_tag?post=36877"}],"curies":[{"name":"wp","href":"https:\/\/api.w.org\/{rel}","templated":true}]}}