{"id":36785,"date":"2025-11-15T02:15:42","date_gmt":"2025-11-14T23:15:42","guid":{"rendered":"https:\/\/baldumarket.lt\/product\/sabeno-180x200\/"},"modified":"2026-04-06T23:33:34","modified_gmt":"2026-04-06T20:33:34","slug":"sabeno-180x200","status":"publish","type":"product","link":"https:\/\/baldumarket.lt\/lt\/product\/sabeno-180x200\/","title":{"rendered":"Sabeno 180\u00d7200"},"content":{"rendered":"<p>\u201eSabeno\u201c kontinentin\u0117 lova \u2013 eleganti\u0161kas ir funkcionalus pasirinkimas bet kuriam moderniam miegamajam. Lova yra trij\u0173 dyd\u017ei\u0173: 140 \u00d7 200 cm, 160 \u00d7 200 cm ir 180 \u00d7 200 cm, o jos plot\u012f galima reguliuoti pagal individualius poreikius. Bendras r\u0117mo auk\u0161tis yra 111 cm, o gylis \u2013 222 cm, tod\u0117l lova atrodo stabiliai ir \u012fsp\u016bdingai. Miego komfort\u0105 u\u017etikrina \u201ebonell\u201c spyruokli\u0173 ir T2540 put\u0173 derinys, u\u017etikrinantis tinkam\u0105 atram\u0105 ir ilgaam\u017ei\u0161kum\u0105. \u201eSabeno\u201c lovoje yra prakti\u0161kas patalyn\u0117s skyrius, kuris palengvina miegamojo erdv\u0117s organizavim\u0105. Juodos medin\u0117s kojel\u0117s papildo dizain\u0105, suteikdamos konstrukcijai subtilios elegancijos ir lengvumo. Modernus \u201eSabeno\u201c dizainas puikiai tinka tiek minimalistiniam, tiek i\u0161rai\u0161kingesniam interjerui. Funkcionalum\u0105, auk\u0161tos kokyb\u0117s med\u017eiagas ir esteti\u0161k\u0105 apdail\u0105 derinanti \u201eSabeno\u201c kontinentin\u0117 lova yra pasirinkimas tiems, kurie vertina miegamojo bald\u0173 patogum\u0105, ilgaam\u017ei\u0161kum\u0105 ir mading\u0105 i\u0161vaizd\u0105.<\/p>","protected":false},"excerpt":{"rendered":"<p>\u201eSabeno\u201c kontinentin\u0117 lova \u2013 eleganti\u0161kas ir funkcionalus pasirinkimas bet kuriam moderniam miegamajam. Lova yra trij\u0173 dyd\u017ei\u0173: 140 \u00d7 200 cm, 160 \u00d7 200 cm ir 180 \u00d7 200 cm, o jos plot\u012f galima reguliuoti pagal individualius poreikius. Bendras r\u0117mo auk\u0161tis yra 111 cm, o gylis \u2013 222 cm, tod\u0117l lova yra stabili [\u2026]<\/p>","protected":false},"featured_media":36764,"comment_status":"open","ping_status":"open","template":"","meta":[],"product_brand":[],"product_cat":[505,514,2012,9174],"product_tag":[],"class_list":{"0":"post-36785","1":"product","2":"type-product","3":"status-publish","4":"has-post-thumbnail","6":"product_cat-bedroom-beds","7":"product_cat-continental-beds","8":"product_cat-eltap","9":"product_cat-lozka-kontynentalne-eltap","11":"first","12":"instock","13":"purchasable","14":"product-type-variable","15":"wvs-archive-product-wrapper"},"_links":{"self":[{"href":"https:\/\/baldumarket.lt\/lt\/wp-json\/wp\/v2\/product\/36785","targetHints":{"allow":["GET"]}}],"collection":[{"href":"https:\/\/baldumarket.lt\/lt\/wp-json\/wp\/v2\/product"}],"about":[{"href":"https:\/\/baldumarket.lt\/lt\/wp-json\/wp\/v2\/types\/product"}],"replies":[{"embeddable":true,"href":"https:\/\/baldumarket.lt\/lt\/wp-json\/wp\/v2\/comments?post=36785"}],"wp:featuredmedia":[{"embeddable":true,"href":"https:\/\/baldumarket.lt\/lt\/wp-json\/wp\/v2\/media\/36764"}],"wp:attachment":[{"href":"https:\/\/baldumarket.lt\/lt\/wp-json\/wp\/v2\/media?parent=36785"}],"wp:term":[{"taxonomy":"product_brand","embeddable":true,"href":"https:\/\/baldumarket.lt\/lt\/wp-json\/wp\/v2\/product_brand?post=36785"},{"taxonomy":"product_cat","embeddable":true,"href":"https:\/\/baldumarket.lt\/lt\/wp-json\/wp\/v2\/product_cat?post=36785"},{"taxonomy":"product_tag","embeddable":true,"href":"https:\/\/baldumarket.lt\/lt\/wp-json\/wp\/v2\/product_tag?post=36785"}],"curies":[{"name":"wp","href":"https:\/\/api.w.org\/{rel}","templated":true}]}}