{"id":36520,"date":"2025-11-15T02:01:03","date_gmt":"2025-11-14T23:01:03","guid":{"rendered":"https:\/\/baldumarket.lt\/product\/levvi\/"},"modified":"2026-03-29T12:53:33","modified_gmt":"2026-03-29T09:53:33","slug":"levvi","status":"publish","type":"product","link":"https:\/\/baldumarket.lt\/lt\/product\/levvi\/","title":{"rendered":"Levis"},"content":{"rendered":"<p>\u201eLevvi\u201c kampin\u0117 sofa, kurios matmenys \u2013 260 x 184 x 102 cm, \u2013 tai modernus ir funkcionalus baldas, sukurtas atsi\u017evelgiant \u012f kasdien\u012f komfort\u0105 ir interjero estetik\u0105. \u012erengtas B tipo banguot\u0173 spyruokli\u0173 ir itin elasting\u0173 HR3030 put\u0173, jis garantuoja optimali\u0105 k\u016bno atram\u0105 ir ilgaam\u017ei\u0161kum\u0105 ilgus metus. Kampin\u0117 sofa turi prakti\u0161k\u0105 miegojimo funkcij\u0105, leid\u017eian\u010di\u0105 greitai paversti j\u0105 patogia nakties poilsio vieta. D\u0117l apmu\u0161tos atlo\u0161o baldus galima laisvai pastatyti bet kurioje svetain\u0117s vietoje, j\u0173 neperkeliant prie sienos, o tai suteikia didesn\u012f lankstum\u0105 organizuojant erdv\u0119. Juodos plastikin\u0117s kojel\u0117s u\u017ebaigia visum\u0105, pabr\u0117\u017edamos modern\u0173, minimalistin\u012f jos charakter\u012f. \u201eLevvi\u201c \u2013 puikus sprendimas ie\u0161kantiems eleganti\u0161kos kampin\u0117s sofos su miegojimo funkcija, kurioje der\u0117t\u0173 modernus stilius, patogumas ir prakti\u0161kumas.<\/p>","protected":false},"excerpt":{"rendered":"<p>\u201eLevvi\u201c kampin\u0117 sofa, kurios matmenys \u2013 260 x 184 x 102 cm, yra modernus ir funkcionalus baldas, sukurtas atsi\u017evelgiant \u012f kasdien\u012f komfort\u0105 ir interjero estetik\u0105. \u012erengtas B tipo banguotos spyruokl\u0117s ir labai elastingas HR3030 putplastis garantuoja optimali\u0105 k\u016bno atram\u0105 ir ilgaam\u017ei\u0161kum\u0105. Kampin\u0117 sofa turi prakti\u0161k\u0105 miegojimo funkcij\u0105, kuri [\u2026]<\/p>","protected":false},"featured_media":36521,"comment_status":"open","ping_status":"open","template":"","meta":[],"product_brand":[],"product_cat":[616,1983,2012,9166],"product_tag":[],"class_list":{"0":"post-36520","1":"product","2":"type-product","3":"status-publish","4":"has-post-thumbnail","6":"product_cat-corners","7":"product_cat-corners-l","8":"product_cat-eltap","9":"product_cat-narozniki-eltap","11":"first","12":"instock","13":"purchasable","14":"product-type-variable","15":"wvs-archive-product-wrapper"},"_links":{"self":[{"href":"https:\/\/baldumarket.lt\/lt\/wp-json\/wp\/v2\/product\/36520","targetHints":{"allow":["GET"]}}],"collection":[{"href":"https:\/\/baldumarket.lt\/lt\/wp-json\/wp\/v2\/product"}],"about":[{"href":"https:\/\/baldumarket.lt\/lt\/wp-json\/wp\/v2\/types\/product"}],"replies":[{"embeddable":true,"href":"https:\/\/baldumarket.lt\/lt\/wp-json\/wp\/v2\/comments?post=36520"}],"wp:featuredmedia":[{"embeddable":true,"href":"https:\/\/baldumarket.lt\/lt\/wp-json\/wp\/v2\/media\/36521"}],"wp:attachment":[{"href":"https:\/\/baldumarket.lt\/lt\/wp-json\/wp\/v2\/media?parent=36520"}],"wp:term":[{"taxonomy":"product_brand","embeddable":true,"href":"https:\/\/baldumarket.lt\/lt\/wp-json\/wp\/v2\/product_brand?post=36520"},{"taxonomy":"product_cat","embeddable":true,"href":"https:\/\/baldumarket.lt\/lt\/wp-json\/wp\/v2\/product_cat?post=36520"},{"taxonomy":"product_tag","embeddable":true,"href":"https:\/\/baldumarket.lt\/lt\/wp-json\/wp\/v2\/product_tag?post=36520"}],"curies":[{"name":"wp","href":"https:\/\/api.w.org\/{rel}","templated":true}]}}