{"id":36506,"date":"2025-11-15T01:58:28","date_gmt":"2025-11-14T22:58:28","guid":{"rendered":"https:\/\/baldumarket.lt\/product\/camma-180x200\/"},"modified":"2026-04-06T23:33:34","modified_gmt":"2026-04-06T20:33:34","slug":"camma-180x200","status":"publish","type":"product","link":"https:\/\/baldumarket.lt\/lt\/product\/camma-180x200\/","title":{"rendered":"180 \u00d7 200 dyd\u017eio kamera"},"content":{"rendered":"<p>\u201eCamma\u201c kontinentin\u0117 lova \u2013 tai modernaus dizaino, funkcionalumo ir miego komforto derinys, puikiai tinkantis eleganti\u0161kam ir prakti\u0161kam miegamajam; trij\u0173 dyd\u017ei\u0173: 140 \u00d7 200 cm, 160 \u00d7 200 cm ir 180 \u00d7 200 cm, ji puikiai prisitaiko prie erdv\u0117s ir naudotoj\u0173 poreiki\u0173, o tvirta konstrukcija, kurios bendras auk\u0161tis yra 102 cm, o s\u0117dyn\u0117s auk\u0161tis \u2013 56 cm, u\u017etikrina kasdienio naudojimo komfort\u0105; lovos gylis yra 222 cm, o plotis priklauso nuo pasirinkto modelio ir yra atitinkamai 162 cm, 182 cm arba 202 cm, suteikiant lovai stabili\u0105 ir tvirt\u0105 i\u0161vaizd\u0105, pabr\u0117\u017eiant presti\u017ein\u012f interjero charakter\u012f; aptraukta auk\u0161tos kokyb\u0117s audiniu su malonia liesti strukt\u016bra, ji i\u0161siskiria esteti\u0161ku galv\u016bgaliu su \u012fsp\u016bdingu dygsniavimu, kuris suteikia modernaus elegancijos ir sukuria tobul\u0105 atram\u0105 vakaro poilsiui; prakti\u0161ka patalyn\u0117s d\u0117\u017e\u0117 leid\u017eia palaikyti tvark\u0105 miegamajame ir optimaliai i\u0161naudoti erdv\u0119, tod\u0117l \u201eCamma\u201c lova yra ne tik patogi, bet ir itin funkcionali; Visum\u0105 papildo juodos, 10 cm auk\u0161\u010dio medin\u0117s kojel\u0117s, kurios suteikia konstrukcijai lengvumo ir palengvina \u0161var\u0105 po lova; \u201eCamma\u201c modelis yra idealus pasirinkimas \u017emon\u0117ms, vertinantiems modern\u0173 stili\u0173, elegancij\u0105, ilgaam\u017ei\u0161kum\u0105 ir komfort\u0105, u\u017etikrinant\u012f sveik\u0105 ir ram\u0173 mieg\u0105 kiekvien\u0105 dien\u0105.<\/p>","protected":false},"excerpt":{"rendered":"<p>\u201eCamma\u201c kontinentin\u0117 lova \u2013 tai modernaus dizaino, funkcionalumo ir miego komforto derinys, puikiai tinkantis eleganti\u0161kam ir prakti\u0161kam miegamajam; ji yra trij\u0173 dyd\u017ei\u0173: 140 \u00d7 200 cm, 160 \u00d7 200 cm ir 180 \u00d7 200 cm, tod\u0117l puikiai tinka erdvei ir vartotoj\u0173 poreikiams, o tvirta konstrukcija, kurios bendras auk\u0161tis siekia 102 [\u2026]<\/p>","protected":false},"featured_media":36453,"comment_status":"open","ping_status":"open","template":"","meta":[],"product_brand":[],"product_cat":[505,514,2012,9174],"product_tag":[],"class_list":{"0":"post-36506","1":"product","2":"type-product","3":"status-publish","4":"has-post-thumbnail","6":"product_cat-bedroom-beds","7":"product_cat-continental-beds","8":"product_cat-eltap","9":"product_cat-lozka-kontynentalne-eltap","11":"first","12":"instock","13":"purchasable","14":"product-type-variable","15":"wvs-archive-product-wrapper"},"_links":{"self":[{"href":"https:\/\/baldumarket.lt\/lt\/wp-json\/wp\/v2\/product\/36506","targetHints":{"allow":["GET"]}}],"collection":[{"href":"https:\/\/baldumarket.lt\/lt\/wp-json\/wp\/v2\/product"}],"about":[{"href":"https:\/\/baldumarket.lt\/lt\/wp-json\/wp\/v2\/types\/product"}],"replies":[{"embeddable":true,"href":"https:\/\/baldumarket.lt\/lt\/wp-json\/wp\/v2\/comments?post=36506"}],"wp:featuredmedia":[{"embeddable":true,"href":"https:\/\/baldumarket.lt\/lt\/wp-json\/wp\/v2\/media\/36453"}],"wp:attachment":[{"href":"https:\/\/baldumarket.lt\/lt\/wp-json\/wp\/v2\/media?parent=36506"}],"wp:term":[{"taxonomy":"product_brand","embeddable":true,"href":"https:\/\/baldumarket.lt\/lt\/wp-json\/wp\/v2\/product_brand?post=36506"},{"taxonomy":"product_cat","embeddable":true,"href":"https:\/\/baldumarket.lt\/lt\/wp-json\/wp\/v2\/product_cat?post=36506"},{"taxonomy":"product_tag","embeddable":true,"href":"https:\/\/baldumarket.lt\/lt\/wp-json\/wp\/v2\/product_tag?post=36506"}],"curies":[{"name":"wp","href":"https:\/\/api.w.org\/{rel}","templated":true}]}}