{"id":36349,"date":"2025-11-15T01:48:44","date_gmt":"2025-11-14T22:48:44","guid":{"rendered":"https:\/\/baldumarket.lt\/product\/festello\/"},"modified":"2026-03-24T16:20:28","modified_gmt":"2026-03-24T13:20:28","slug":"festello","status":"publish","type":"product","link":"https:\/\/baldumarket.lt\/lt\/product\/festello\/","title":{"rendered":"Festello"},"content":{"rendered":"<p>\u201eFestello\u201c sofa \u2013 eleganti\u0161kas ir modernus baldas, stebinantis savo dizainu, patogumu ir funkcionalumu. Plati, 47 cm auk\u0161\u010dio, dygsniuota s\u0117dyn\u0117 ir reguliuojamos galvos atramos u\u017etikrina maksimal\u0173 komfort\u0105 kasdieniam naudojimui, o apmu\u0161tas atlo\u0161as leid\u017eia sofai atrodyti puikiai i\u0161 bet kokio kampo, net ir pastatius j\u0105 svetain\u0117s centre. D\u0117l \u201ePuma\u201c mechanizmo sofa greitai ir lengvai i\u0161siskleid\u017eia, suteikdama 123 x 200 cm miegojimo plot\u0105, tod\u0117l tai prakti\u0161kas sprendimas sve\u010diams ar kasdieniam poilsiui. Tvirtos, 9 cm auk\u0161\u010dio juodos metalin\u0117s kojel\u0117s suteikia modernumo ir palengvina valym\u0105. \u201eFestello\u201c sofa, kurios matmenys 260 x 100 x 96 cm, derina stili\u0173, komfort\u0105 ir tvirt\u0105 apdirbim\u0105, tod\u0117l puikiai tinka bet kokiam moderniam interjerui.<\/p>","protected":false},"excerpt":{"rendered":"<p>\u201eFestello\u201c sofa \u2013 eleganti\u0161kas ir modernus baldas, stebinantis savo dizainu, patogumu ir funkcionalumu. Plati, 47 cm auk\u0161\u010dio, dygsniuota s\u0117dyn\u0117 ir reguliuojamos galvos atramos u\u017etikrina maksimal\u0173 komfort\u0105 kasdieniam naudojimui, o apmu\u0161tas atlo\u0161as leid\u017eia sofai atrodyti puikiai i\u0161 bet kokio kampo, net ir pastatius j\u0105 kambario centre.<\/p>","protected":false},"featured_media":36350,"comment_status":"open","ping_status":"open","template":"","meta":[],"product_brand":[],"product_cat":[2012,9170,560],"product_tag":[],"class_list":{"0":"post-36349","1":"product","2":"type-product","3":"status-publish","4":"has-post-thumbnail","6":"product_cat-eltap","7":"product_cat-sofy-i-kanapy-eltap","8":"product_cat-sofas-and-couches","10":"first","11":"instock","12":"purchasable","13":"product-type-variable","14":"wvs-archive-product-wrapper"},"_links":{"self":[{"href":"https:\/\/baldumarket.lt\/lt\/wp-json\/wp\/v2\/product\/36349","targetHints":{"allow":["GET"]}}],"collection":[{"href":"https:\/\/baldumarket.lt\/lt\/wp-json\/wp\/v2\/product"}],"about":[{"href":"https:\/\/baldumarket.lt\/lt\/wp-json\/wp\/v2\/types\/product"}],"replies":[{"embeddable":true,"href":"https:\/\/baldumarket.lt\/lt\/wp-json\/wp\/v2\/comments?post=36349"}],"wp:featuredmedia":[{"embeddable":true,"href":"https:\/\/baldumarket.lt\/lt\/wp-json\/wp\/v2\/media\/36350"}],"wp:attachment":[{"href":"https:\/\/baldumarket.lt\/lt\/wp-json\/wp\/v2\/media?parent=36349"}],"wp:term":[{"taxonomy":"product_brand","embeddable":true,"href":"https:\/\/baldumarket.lt\/lt\/wp-json\/wp\/v2\/product_brand?post=36349"},{"taxonomy":"product_cat","embeddable":true,"href":"https:\/\/baldumarket.lt\/lt\/wp-json\/wp\/v2\/product_cat?post=36349"},{"taxonomy":"product_tag","embeddable":true,"href":"https:\/\/baldumarket.lt\/lt\/wp-json\/wp\/v2\/product_tag?post=36349"}],"curies":[{"name":"wp","href":"https:\/\/api.w.org\/{rel}","templated":true}]}}