{"id":35870,"date":"2025-11-15T01:24:33","date_gmt":"2025-11-14T22:24:33","guid":{"rendered":"https:\/\/baldumarket.lt\/product\/tauricio-drzwi-przesuwne-z-samodomykaczem-czarny\/"},"modified":"2026-03-24T18:15:09","modified_gmt":"2026-03-24T15:15:09","slug":"tauricio-drzwi-przesuwne-z-samodomykaczem-czarny","status":"publish","type":"product","link":"https:\/\/baldumarket.lt\/lt\/product\/tauricio-drzwi-przesuwne-z-samodomykaczem-czarny\/","title":{"rendered":"\u201eTauricio\u201c stumdomos durys su savaiminio u\u017edarymo mechanizmu, juodos"},"content":{"rendered":"<p>\u201eTauricio\u201c stumdomos durys, kuri\u0173 matmenys 96 \u00d7 205 cm, \u2013 tai modernus ir funkcionalus interjero sprendimas, pagamintas i\u0161 patvarios med\u017eio dro\u017eli\u0173 plok\u0161t\u0117s ir plastiko, pasi\u017eymin\u010dio eleganti\u0161ka matine juoda spalva, kuri puikiai dera prie minimalistinio ir industrinio interjero. \u201eViskas viename\u201c sistema sujungia vis\u0105 funkcionalum\u0105 viename dizaine. \u012erengtos skland\u017eiai judanti ritinin\u0117 kreipian\u010dioji, u\u017etikrinanti tyl\u0173 ir patog\u0173 naudojim\u0105, taip pat tvirta \u0161lifuoto aliuminio rankena, kuri pabr\u0117\u017eia modern\u0173 dur\u0173 charakter\u012f. Idealiai tinkan\u010dios kaip kambario pertvara, spintos, sand\u0117liuko ar biuro durys, leid\u017eian\u010dios optimaliai i\u0161naudoti erdv\u0119. Komplekte n\u0117ra sienini\u0173 tvirtinimo kai\u0161\u010di\u0173 \u2013 j\u0173 pasirinkimas tur\u0117t\u0173 b\u016bti individualiai pritaikytas prie grind\u0173 tipo, u\u017etikrinant stabil\u0173 ir saug\u0173 montavim\u0105. \u201eTauricio\u201c stumdomos durys yra stilingas ir prakti\u0161kas pasirinkimas reikliems vartotojams, kurie vertina estetik\u0105 ir ilgaam\u017ei\u0161kum\u0105.<\/p>","protected":false},"excerpt":{"rendered":"<p>\u201eTauricio\u201c stumdomos durys, kuri\u0173 matmenys 96 \u00d7 205 cm, yra modernus ir funkcionalus interjero sprendimas, pagamintas i\u0161 patvarios med\u017eio dro\u017eli\u0173 plok\u0161t\u0117s ir plastiko, eleganti\u0161kos matin\u0117s juodos spalvos, puikiai dera su minimalistiniu ir industriniu interjeru. \u201eViskas viename\u201c sistema sujungia vis\u0105 funkcionalum\u0105 viename dizaine. \u012erengtas skland\u017eiai veikiantis ritininis kreiptuvas, u\u017etikrinantis tyl\u0173 ir patog\u0173 naudojim\u0105, [\u2026]<\/p>","protected":false},"featured_media":35862,"comment_status":"open","ping_status":"open","template":"","meta":[],"product_brand":[],"product_cat":[2012,9175,1330],"product_tag":[],"class_list":{"0":"post-35870","1":"product","2":"type-product","3":"status-publish","4":"has-post-thumbnail","6":"product_cat-eltap","7":"product_cat-sliding-doors-eltap","8":"product_cat-doors","10":"first","11":"instock","12":"purchasable","13":"product-type-simple"},"_links":{"self":[{"href":"https:\/\/baldumarket.lt\/lt\/wp-json\/wp\/v2\/product\/35870","targetHints":{"allow":["GET"]}}],"collection":[{"href":"https:\/\/baldumarket.lt\/lt\/wp-json\/wp\/v2\/product"}],"about":[{"href":"https:\/\/baldumarket.lt\/lt\/wp-json\/wp\/v2\/types\/product"}],"replies":[{"embeddable":true,"href":"https:\/\/baldumarket.lt\/lt\/wp-json\/wp\/v2\/comments?post=35870"}],"wp:featuredmedia":[{"embeddable":true,"href":"https:\/\/baldumarket.lt\/lt\/wp-json\/wp\/v2\/media\/35862"}],"wp:attachment":[{"href":"https:\/\/baldumarket.lt\/lt\/wp-json\/wp\/v2\/media?parent=35870"}],"wp:term":[{"taxonomy":"product_brand","embeddable":true,"href":"https:\/\/baldumarket.lt\/lt\/wp-json\/wp\/v2\/product_brand?post=35870"},{"taxonomy":"product_cat","embeddable":true,"href":"https:\/\/baldumarket.lt\/lt\/wp-json\/wp\/v2\/product_cat?post=35870"},{"taxonomy":"product_tag","embeddable":true,"href":"https:\/\/baldumarket.lt\/lt\/wp-json\/wp\/v2\/product_tag?post=35870"}],"curies":[{"name":"wp","href":"https:\/\/api.w.org\/{rel}","templated":true}]}}