{"id":35532,"date":"2025-11-15T01:07:47","date_gmt":"2025-11-14T22:07:47","guid":{"rendered":"https:\/\/baldumarket.lt\/product\/chavelle-szafka-rtv\/"},"modified":"2026-03-24T18:15:09","modified_gmt":"2026-03-24T15:15:09","slug":"chavelle-szafka-rtv","status":"publish","type":"product","link":"https:\/\/baldumarket.lt\/lt\/product\/chavelle-szafka-rtv\/","title":{"rendered":"\u201eChavelle\u201c televizoriaus spintel\u0117"},"content":{"rendered":"<p>\u201eChavelle\u201c televizoriaus staliukas, kurio matmenys 150x60x40 cm, yra stilingas baldas su moderniu akcentu, puikiai tinkantis skoningai dekoruotai svetainei. Priekin\u0117 dalis, pagaminta i\u0161 patvarios MDF plok\u0161t\u0117s su ABS kra\u0161tais, pasi\u017eymi eleganti\u0161ku, grioveliuotu ra\u0161tu, suteikian\u010diu baldui unikal\u0173 charakter\u012f. Laminuotos med\u017eio dro\u017eli\u0173 plok\u0161t\u0117s korpusas u\u017etikrina patvarum\u0105 ir estetik\u0105. Stovas turi du erdvius stal\u010dius ant ritinini\u0173 b\u0117geli\u0173, u\u017etikrinan\u010dius patog\u0173 ir tyl\u0173 naudojim\u0105. 20 cm auk\u0161\u010dio baltos medin\u0117s kojel\u0117s suteikia lengvumo poj\u016bt\u012f ir palengvina valym\u0105, o auksin\u0117s metalin\u0117s rankenos suteikia eleganti\u0161k\u0105 ir modern\u0173 vaizd\u0105. Stovas gali b\u016bti tvirtinamas prie sienos, kad b\u016bt\u0173 u\u017etikrintas didesnis saugumas. \u201eChavelle\u201c televizoriaus staliukas \u2013 tai puikus funkcionalumo, patvarumo ir rafinuoto dizaino derinys, puikiai tinkantis \u0161iuolaikiniam interjerui.<\/p>","protected":false},"excerpt":{"rendered":"<p>\u201eChavelle\u201c televizoriaus staliukas, kurio matmenys 150 x 60 x 40 cm, yra stilingas baldas su moderniu akcentu, puikiai tinkantis skoningai dekoruotai svetainei. Priekin\u0117 dalis, pagaminta i\u0161 patvarios MDF plok\u0161t\u0117s su ABS apvadu, pasi\u017eymi eleganti\u0161ku, grioveliuotu ra\u0161tu, suteikian\u010diu baldui unikal\u0173 charakter\u012f. Laminuotos med\u017eio dro\u017eli\u0173 plok\u0161t\u0117s korpusas u\u017etikrina patvarum\u0105 ir estetik\u0105. Stovas [\u2026]<\/p>","protected":false},"featured_media":35533,"comment_status":"open","ping_status":"open","template":"","meta":[],"product_brand":[],"product_cat":[2012,9171,1175],"product_tag":[],"class_list":{"0":"post-35532","1":"product","2":"type-product","3":"status-publish","4":"has-post-thumbnail","6":"product_cat-eltap","7":"product_cat-szafki-rtv-eltap","8":"product_cat-tv-stands","9":"pa_frame-material-undefined","10":"pa_frame-material-type-undefined","11":"pa_leg-color-white","12":"pa_leg-material-wood","13":"pa_linen-box-undefined","14":"pa_main-color-white","15":"pa_price-group-basic","16":"pa_seat-depth-undefined","17":"pa_seat-width-undefined","18":"pa_sleep-function-undefined","19":"pa_sleeping-area-length-undefined","20":"pa_sleeping-area-width-undefined","21":"pa_style-modern","22":"pa_textile-bialy","23":"pa_upholstery-material-undefined","25":"first","26":"instock","27":"purchasable","28":"product-type-simple"},"_links":{"self":[{"href":"https:\/\/baldumarket.lt\/lt\/wp-json\/wp\/v2\/product\/35532","targetHints":{"allow":["GET"]}}],"collection":[{"href":"https:\/\/baldumarket.lt\/lt\/wp-json\/wp\/v2\/product"}],"about":[{"href":"https:\/\/baldumarket.lt\/lt\/wp-json\/wp\/v2\/types\/product"}],"replies":[{"embeddable":true,"href":"https:\/\/baldumarket.lt\/lt\/wp-json\/wp\/v2\/comments?post=35532"}],"wp:featuredmedia":[{"embeddable":true,"href":"https:\/\/baldumarket.lt\/lt\/wp-json\/wp\/v2\/media\/35533"}],"wp:attachment":[{"href":"https:\/\/baldumarket.lt\/lt\/wp-json\/wp\/v2\/media?parent=35532"}],"wp:term":[{"taxonomy":"product_brand","embeddable":true,"href":"https:\/\/baldumarket.lt\/lt\/wp-json\/wp\/v2\/product_brand?post=35532"},{"taxonomy":"product_cat","embeddable":true,"href":"https:\/\/baldumarket.lt\/lt\/wp-json\/wp\/v2\/product_cat?post=35532"},{"taxonomy":"product_tag","embeddable":true,"href":"https:\/\/baldumarket.lt\/lt\/wp-json\/wp\/v2\/product_tag?post=35532"}],"curies":[{"name":"wp","href":"https:\/\/api.w.org\/{rel}","templated":true}]}}