{"id":35521,"date":"2025-11-15T01:07:23","date_gmt":"2025-11-14T22:07:23","guid":{"rendered":"https:\/\/baldumarket.lt\/product\/chavelle-toaletka\/"},"modified":"2026-03-24T18:15:09","modified_gmt":"2026-03-24T15:15:09","slug":"chavelle-toaletka","status":"publish","type":"product","link":"https:\/\/baldumarket.lt\/lt\/product\/chavelle-toaletka\/","title":{"rendered":"Chavelle tualetinis staliukas"},"content":{"rendered":"<p>\u201eChavelle\u201c tualetinis staliukas, kurio matmenys 120x80x40 cm, yra eleganti\u0161kas ir funkcionalus modernaus stiliaus baldas, puikiai tinkantis miegamajam ar persirengimo kambariui. Priekin\u0117 dalis pagaminta i\u0161 patvarios MDF plok\u0161t\u0117s su ABS briaunomis ir grioveliais, suteikian\u010diais tualetiniam staliukui rafinuot\u0105 charakter\u012f ir stiling\u0105 i\u0161vaizd\u0105. Laminuotos med\u017eio dro\u017eli\u0173 plok\u0161t\u0117s korpusas u\u017etikrina patvarum\u0105 ir atsparum\u0105 kasdieniam naudojimui. Baldas turi du prakti\u0161kus stal\u010dius ant ritinini\u0173 b\u0117geli\u0173, kurie leid\u017eia skland\u017eiai ir tyliai atidaryti. Auk\u0161tos, baltos medin\u0117s kojel\u0117s, kuri\u0173 ilgis 60 cm, suteikia stal\u010diui lengvumo ir elegancijos, kartu u\u017etikrindamos patog\u0173 naudojim\u0105, o auksin\u0117s metalin\u0117s rankenos pabr\u0117\u017eia modern\u0173 baldo charakter\u012f. \u201eChavelle\u201c tualetinis staliukas derina nesenstant\u012f dizain\u0105, funkcionalum\u0105 ir auk\u0161tos kokyb\u0117s apdail\u0105, puikiai papildydamas \u0161iuolaikin\u012f interjer\u0105.<\/p>","protected":false},"excerpt":{"rendered":"<p>\u201eChavelle\u201c tualetinis staliukas, kurio matmenys 120x80x40 cm, yra eleganti\u0161kas ir funkcionalus modernaus stiliaus baldas, puikiai tinkantis miegamajam ar persirengimo kambariui. Priekin\u0117 dalis pagaminta i\u0161 patvarios MDF plok\u0161t\u0117s su ABS briaunomis ir grioveliais, suteikian\u010diais tualetiniam staliukui rafinuot\u0105 charakter\u012f ir stiling\u0105 i\u0161vaizd\u0105. Laminuota med\u017eio dro\u017eli\u0173 plok\u0161t\u0117 [\u2026]<\/p>","protected":false},"featured_media":35522,"comment_status":"open","ping_status":"open","template":"","meta":[],"product_brand":[],"product_cat":[1237,2012],"product_tag":[],"class_list":{"0":"post-35521","1":"product","2":"type-product","3":"status-publish","4":"has-post-thumbnail","6":"product_cat-dressing-tables","7":"product_cat-eltap","9":"first","10":"instock","11":"purchasable","12":"product-type-simple"},"_links":{"self":[{"href":"https:\/\/baldumarket.lt\/lt\/wp-json\/wp\/v2\/product\/35521","targetHints":{"allow":["GET"]}}],"collection":[{"href":"https:\/\/baldumarket.lt\/lt\/wp-json\/wp\/v2\/product"}],"about":[{"href":"https:\/\/baldumarket.lt\/lt\/wp-json\/wp\/v2\/types\/product"}],"replies":[{"embeddable":true,"href":"https:\/\/baldumarket.lt\/lt\/wp-json\/wp\/v2\/comments?post=35521"}],"wp:featuredmedia":[{"embeddable":true,"href":"https:\/\/baldumarket.lt\/lt\/wp-json\/wp\/v2\/media\/35522"}],"wp:attachment":[{"href":"https:\/\/baldumarket.lt\/lt\/wp-json\/wp\/v2\/media?parent=35521"}],"wp:term":[{"taxonomy":"product_brand","embeddable":true,"href":"https:\/\/baldumarket.lt\/lt\/wp-json\/wp\/v2\/product_brand?post=35521"},{"taxonomy":"product_cat","embeddable":true,"href":"https:\/\/baldumarket.lt\/lt\/wp-json\/wp\/v2\/product_cat?post=35521"},{"taxonomy":"product_tag","embeddable":true,"href":"https:\/\/baldumarket.lt\/lt\/wp-json\/wp\/v2\/product_tag?post=35521"}],"curies":[{"name":"wp","href":"https:\/\/api.w.org\/{rel}","templated":true}]}}