{"id":35510,"date":"2025-11-15T01:07:00","date_gmt":"2025-11-14T22:07:00","guid":{"rendered":"https:\/\/baldumarket.lt\/product\/chavelle-stolik-kawowy\/"},"modified":"2026-03-24T18:15:09","modified_gmt":"2026-03-24T15:15:09","slug":"chavelle-stolik-kawowy","status":"publish","type":"product","link":"https:\/\/baldumarket.lt\/lt\/product\/chavelle-stolik-kawowy\/","title":{"rendered":"Chavelle kavos staliukas"},"content":{"rendered":"<p>\u201eChavelle\u201c kavos staliukas, kurio matmenys 67x40x67 cm, yra modernus baldas, derinantis elegancij\u0105 ir funkcionalum\u0105, puikiai papildantis modernaus stiliaus svetain\u0119. Stalo priekis pagamintas i\u0161 patvarios MDF plok\u0161t\u0117s su esteti\u0161kai patraukliu ABS kra\u0161tu ir grioveliuotu pavir\u0161iumi, suteikian\u010diu baldui unikal\u0173 charakter\u012f. Laminuotos med\u017eio dro\u017eli\u0173 plok\u0161t\u0117s korpusas garantuoja tvirt\u0105 konstrukcij\u0105 ir atsparum\u0105 kasdieniam naudojimui. Stalas turi vien\u0105 prakti\u0161k\u0105 stal\u010di\u0173 ant ritininio b\u0117gelio, u\u017etikrinant\u012f skland\u0173 ir tyl\u0173 atidarym\u0105. 20 cm auk\u0161\u010dio baltos medin\u0117s kojel\u0117s suteikia stal\u010diui lengvumo ir modernumo, o auksin\u0117 metalin\u0117 rankena \u2013 eleganti\u0161k\u0105 stiliaus akcent\u0105. \u201eChavelle\u201c kavos staliukas yra puikus pasirinkimas tiems, kurie vertina rafinuot\u0105 dizain\u0105 ir naudojimo paprastum\u0105 stilingame interjere.<\/p>","protected":false},"excerpt":{"rendered":"<p>\u201eChavelle\u201c kavos staliukas, kurio matmenys \u2013 67 x 40 x 67 cm, yra modernus baldas, derinantis elegancij\u0105 ir funkcionalum\u0105, puikiai papildantis modernaus stiliaus svetain\u0119. Stalo priekis pagamintas i\u0161 patvarios MDF plok\u0161t\u0117s su esteti\u0161kai patraukliu ABS kra\u0161tu ir grioveliuotu pavir\u0161iumi, suteikian\u010diu baldui unikal\u0173 charakter\u012f. Laminuotos med\u017eio dro\u017eli\u0173 plok\u0161t\u0117s korpusas garantuoja [\u2026]<\/p>","protected":false},"featured_media":35511,"comment_status":"open","ping_status":"open","template":"","meta":[],"product_brand":[],"product_cat":[866,2012,9176],"product_tag":[],"class_list":{"0":"post-35510","1":"product","2":"type-product","3":"status-publish","4":"has-post-thumbnail","6":"product_cat-coffee-tables","7":"product_cat-eltap","8":"product_cat-coffee-tables-eltap","10":"first","11":"instock","12":"purchasable","13":"product-type-simple"},"_links":{"self":[{"href":"https:\/\/baldumarket.lt\/lt\/wp-json\/wp\/v2\/product\/35510","targetHints":{"allow":["GET"]}}],"collection":[{"href":"https:\/\/baldumarket.lt\/lt\/wp-json\/wp\/v2\/product"}],"about":[{"href":"https:\/\/baldumarket.lt\/lt\/wp-json\/wp\/v2\/types\/product"}],"replies":[{"embeddable":true,"href":"https:\/\/baldumarket.lt\/lt\/wp-json\/wp\/v2\/comments?post=35510"}],"wp:featuredmedia":[{"embeddable":true,"href":"https:\/\/baldumarket.lt\/lt\/wp-json\/wp\/v2\/media\/35511"}],"wp:attachment":[{"href":"https:\/\/baldumarket.lt\/lt\/wp-json\/wp\/v2\/media?parent=35510"}],"wp:term":[{"taxonomy":"product_brand","embeddable":true,"href":"https:\/\/baldumarket.lt\/lt\/wp-json\/wp\/v2\/product_brand?post=35510"},{"taxonomy":"product_cat","embeddable":true,"href":"https:\/\/baldumarket.lt\/lt\/wp-json\/wp\/v2\/product_cat?post=35510"},{"taxonomy":"product_tag","embeddable":true,"href":"https:\/\/baldumarket.lt\/lt\/wp-json\/wp\/v2\/product_tag?post=35510"}],"curies":[{"name":"wp","href":"https:\/\/api.w.org\/{rel}","templated":true}]}}