{"id":35499,"date":"2025-11-15T01:06:33","date_gmt":"2025-11-14T22:06:33","guid":{"rendered":"https:\/\/baldumarket.lt\/product\/chavelle-komoda\/"},"modified":"2026-03-24T18:15:09","modified_gmt":"2026-03-24T15:15:09","slug":"chavelle-komoda","status":"publish","type":"product","link":"https:\/\/baldumarket.lt\/lt\/product\/chavelle-komoda\/","title":{"rendered":"Chavelle komoda"},"content":{"rendered":"<p>\u201eChavelle\u201c komoda, kurios matmenys 150x90x40 cm, yra eleganti\u0161kas modernaus stiliaus baldas, puikiai tinkantis svetainei, miegamajam ar prie\u0161kambariui. Komoda pagaminta i\u0161 patvarios MDF plok\u0161t\u0117s su ABS apvadais, pasi\u017eyminti ry\u0161kiu grioveli\u0173 ra\u0161tu, kuris pabr\u0117\u017eia unikal\u0173 baldo charakter\u012f. Laminuotos med\u017eio dro\u017eli\u0173 plok\u0161t\u0117s korpusas u\u017etikrina stabilum\u0105 ir lengv\u0105 konstrukcij\u0105. Komodoje yra keturi erdv\u016bs stal\u010diai ant ritinini\u0173 b\u0117geli\u0173, kurie u\u017etikrina skland\u0173 ir tyl\u0173 veikim\u0105. 20 cm auk\u0161\u010dio baltos medin\u0117s kojel\u0117s suteikia lengvumo poj\u016bt\u012f ir palengvina valym\u0105, o auksin\u0117s metalin\u0117s rankenos \u2013 elegancijos. Komod\u0105 galima tvirtinti prie sienos, kad b\u016bt\u0173 u\u017etikrintas didesnis saugumas. \u201eChavelle\u201c komoda derina funkcionalum\u0105 ir estetik\u0105, puikiai papildydama modern\u0173 interjero dizain\u0105.<\/p>","protected":false},"excerpt":{"rendered":"<p>\u201eChavelle\u201c komoda, kurios matmenys 150x90x40 cm, yra eleganti\u0161kas modernaus stiliaus baldas, puikiai tinkantis svetainei, miegamajam ar prie\u0161kambariui. Komoda pagaminta i\u0161 patvarios MDF plok\u0161t\u0117s su ABS briaunomis, pasi\u017eymin\u010dios ry\u0161kiu grioveli\u0173 ra\u0161tu, kuris pabr\u0117\u017eia unikal\u0173 baldo charakter\u012f. Laminuotos med\u017eio dro\u017eli\u0173 plok\u0161t\u0117s korpusas [\u2026]<\/p>","protected":false},"featured_media":35500,"comment_status":"open","ping_status":"open","template":"","meta":[],"product_brand":[],"product_cat":[1173,2012,9164],"product_tag":[],"class_list":{"0":"post-35499","1":"product","2":"type-product","3":"status-publish","4":"has-post-thumbnail","6":"product_cat-chests-of-drawers","7":"product_cat-eltap","8":"product_cat-komody-eltap","10":"first","11":"instock","12":"purchasable","13":"product-type-simple"},"_links":{"self":[{"href":"https:\/\/baldumarket.lt\/lt\/wp-json\/wp\/v2\/product\/35499","targetHints":{"allow":["GET"]}}],"collection":[{"href":"https:\/\/baldumarket.lt\/lt\/wp-json\/wp\/v2\/product"}],"about":[{"href":"https:\/\/baldumarket.lt\/lt\/wp-json\/wp\/v2\/types\/product"}],"replies":[{"embeddable":true,"href":"https:\/\/baldumarket.lt\/lt\/wp-json\/wp\/v2\/comments?post=35499"}],"wp:featuredmedia":[{"embeddable":true,"href":"https:\/\/baldumarket.lt\/lt\/wp-json\/wp\/v2\/media\/35500"}],"wp:attachment":[{"href":"https:\/\/baldumarket.lt\/lt\/wp-json\/wp\/v2\/media?parent=35499"}],"wp:term":[{"taxonomy":"product_brand","embeddable":true,"href":"https:\/\/baldumarket.lt\/lt\/wp-json\/wp\/v2\/product_brand?post=35499"},{"taxonomy":"product_cat","embeddable":true,"href":"https:\/\/baldumarket.lt\/lt\/wp-json\/wp\/v2\/product_cat?post=35499"},{"taxonomy":"product_tag","embeddable":true,"href":"https:\/\/baldumarket.lt\/lt\/wp-json\/wp\/v2\/product_tag?post=35499"}],"curies":[{"name":"wp","href":"https:\/\/api.w.org\/{rel}","templated":true}]}}