{"id":35417,"date":"2025-11-15T01:02:24","date_gmt":"2025-11-14T22:02:24","guid":{"rendered":"https:\/\/baldumarket.lt\/product\/voodi-iii\/"},"modified":"2026-03-24T18:15:09","modified_gmt":"2026-03-24T15:15:09","slug":"voodi-iii","status":"publish","type":"product","link":"https:\/\/baldumarket.lt\/lt\/product\/voodi-iii\/","title":{"rendered":"Voodi III"},"content":{"rendered":"<p>Trij\u0173 dur\u0173 stumdoma spinta \u201eVoodi III\u201c 180x204x60 cm i\u0161 dirbtinio \u0105\u017euolo su dideliu veidrod\u017eiu yra modernus ir funkcionalus sprendimas miegamajam, persirengimo kambariui ar prie\u0161kambariui, derinantis talpum\u0105 su kompakti\u0161kais matmenimis, tod\u0117l idealiai tinka net ir ma\u017eesniems interjerams; pagaminta i\u0161 patvarios laminuotos med\u017eio dro\u017eli\u0173 plok\u0161t\u0117s su ABS kra\u0161tais, u\u017etikrina atsparum\u0105 pa\u017eeidimams, o kruop\u0161\u010diai suprojektuotame interjere yra prakti\u0161kas pakabinimo b\u0117gelis, lentynos, kuri\u0173 keliamoji galia yra iki 8 kg, ir trys erdv\u016bs stal\u010diai su ritininiais b\u0117geliais, kurie garantuoja skland\u0173 atidarym\u0105, o didelis veidrodis vizualiai padidina erdv\u0119, juodos metalin\u0117s rankenos suteikia visumai eleganti\u0161k\u0105 charakter\u012f, o plastikin\u0117s b\u0117gel\u0117s u\u017etikrina stabil\u0173 ir tyl\u0173 dur\u0173 veikim\u0105; papildomas tvirtinimas prie sienos padidina saugum\u0105, tod\u0117l \u201eVoodi III\u201c spinta yra idealus pasirinkimas ie\u0161kantiems stiling\u0173, patvari\u0173 ir prakti\u0161k\u0173 bald\u0173 drabu\u017eiams ir aksesuarams laikyti \u2013 rinkit\u0117s kokyb\u0119 ir u\u017esisakykite jau \u0161iandien.<\/p>","protected":false},"excerpt":{"rendered":"<p>Trij\u0173 dur\u0173 stumdoma \u201eVoodi III\u201c spinta, 180x204x60 cm, pagaminta i\u0161 meni\u0161ko \u0105\u017euolo, su dideliu veidrod\u017eiu \u2013 tai modernus ir funkcionalus sprendimas miegamajam, persirengimo kambariui ar prie\u0161kambariui, derinantis talpum\u0105 su kompakti\u0161kais matmenimis, tod\u0117l idealiai tinka net ir ma\u017eesniems interjerams; pagaminta i\u0161 patvarios laminuotos med\u017eio dro\u017eli\u0173 plok\u0161t\u0117s su ABS kra\u0161tais, u\u017etikrina atsparum\u0105 pa\u017eeidimams, o [\u2026]<\/p>","protected":false},"featured_media":35418,"comment_status":"open","ping_status":"open","template":"","meta":[],"product_brand":[],"product_cat":[2012,1177],"product_tag":[],"class_list":{"0":"post-35417","1":"product","2":"type-product","3":"status-publish","4":"has-post-thumbnail","6":"product_cat-eltap","7":"product_cat-wardrobes","9":"first","10":"instock","11":"purchasable","12":"product-type-simple"},"_links":{"self":[{"href":"https:\/\/baldumarket.lt\/lt\/wp-json\/wp\/v2\/product\/35417","targetHints":{"allow":["GET"]}}],"collection":[{"href":"https:\/\/baldumarket.lt\/lt\/wp-json\/wp\/v2\/product"}],"about":[{"href":"https:\/\/baldumarket.lt\/lt\/wp-json\/wp\/v2\/types\/product"}],"replies":[{"embeddable":true,"href":"https:\/\/baldumarket.lt\/lt\/wp-json\/wp\/v2\/comments?post=35417"}],"wp:featuredmedia":[{"embeddable":true,"href":"https:\/\/baldumarket.lt\/lt\/wp-json\/wp\/v2\/media\/35418"}],"wp:attachment":[{"href":"https:\/\/baldumarket.lt\/lt\/wp-json\/wp\/v2\/media?parent=35417"}],"wp:term":[{"taxonomy":"product_brand","embeddable":true,"href":"https:\/\/baldumarket.lt\/lt\/wp-json\/wp\/v2\/product_brand?post=35417"},{"taxonomy":"product_cat","embeddable":true,"href":"https:\/\/baldumarket.lt\/lt\/wp-json\/wp\/v2\/product_cat?post=35417"},{"taxonomy":"product_tag","embeddable":true,"href":"https:\/\/baldumarket.lt\/lt\/wp-json\/wp\/v2\/product_tag?post=35417"}],"curies":[{"name":"wp","href":"https:\/\/api.w.org\/{rel}","templated":true}]}}