{"id":35304,"date":"2025-11-15T00:56:58","date_gmt":"2025-11-14T21:56:58","guid":{"rendered":"https:\/\/baldumarket.lt\/product\/emerio-iii\/"},"modified":"2026-03-24T18:15:09","modified_gmt":"2026-03-24T15:15:09","slug":"emerio-iii","status":"publish","type":"product","link":"https:\/\/baldumarket.lt\/lt\/product\/emerio-iii\/","title":{"rendered":"Emerio III"},"content":{"rendered":"<p>\u201eEmerio III 180x204x60\u201c stumdoma spinta su veidrod\u017eiu \u2013 tai modernus baldas miegamajam, persirengimo kambariui ar prie\u0161kambariui. Ji pagaminta i\u0161 patvarios laminuotos med\u017eio dro\u017eli\u0173 plok\u0161t\u0117s su \u201eArtisan Oak\u201c apdaila, o priekiai apklijuoti ABS apvadais. Ji turi funkcional\u0173 pakabos b\u0117gel\u012f, veidrod\u012f ant vien\u0173 dur\u0173 ir stumdom\u0173 dur\u0173 sistem\u0105 su \u201eLaguna Fast\u201c mechanizmu ir juodu plastikiniu b\u0117geliu, u\u017etikrinan\u010diu skland\u0173 ir tyl\u0173 veikim\u0105. Tai puiki spinta moderniam interjerui, kurioje dera estetika, patvarumas ir prakti\u0161kumas.<\/p>","protected":false},"excerpt":{"rendered":"<p>\u201eEmerio III 180x204x60\u201c stumdoma spinta su veidrod\u017eiu yra modernus baldas miegamajam, persirengimo kambariui ar prie\u0161kambariui. Ji pagaminta i\u0161 patvarios laminuotos med\u017eio dro\u017eli\u0173 plok\u0161t\u0117s su \u201eArtisan Oak\u201c apdaila, o priekiai apibarstyti ABS apvadais. Ji turi funkcional\u0173 pakabos karniz\u0105, veidrod\u012f ant vien\u0173 dur\u0173 ir stumdom\u0173 dur\u0173 sistem\u0105 su [\u2026]<\/p>","protected":false},"featured_media":35305,"comment_status":"open","ping_status":"open","template":"","meta":[],"product_brand":[],"product_cat":[2012,1177],"product_tag":[],"class_list":{"0":"post-35304","1":"product","2":"type-product","3":"status-publish","4":"has-post-thumbnail","6":"product_cat-eltap","7":"product_cat-wardrobes","9":"first","10":"instock","11":"purchasable","12":"product-type-simple"},"_links":{"self":[{"href":"https:\/\/baldumarket.lt\/lt\/wp-json\/wp\/v2\/product\/35304","targetHints":{"allow":["GET"]}}],"collection":[{"href":"https:\/\/baldumarket.lt\/lt\/wp-json\/wp\/v2\/product"}],"about":[{"href":"https:\/\/baldumarket.lt\/lt\/wp-json\/wp\/v2\/types\/product"}],"replies":[{"embeddable":true,"href":"https:\/\/baldumarket.lt\/lt\/wp-json\/wp\/v2\/comments?post=35304"}],"wp:featuredmedia":[{"embeddable":true,"href":"https:\/\/baldumarket.lt\/lt\/wp-json\/wp\/v2\/media\/35305"}],"wp:attachment":[{"href":"https:\/\/baldumarket.lt\/lt\/wp-json\/wp\/v2\/media?parent=35304"}],"wp:term":[{"taxonomy":"product_brand","embeddable":true,"href":"https:\/\/baldumarket.lt\/lt\/wp-json\/wp\/v2\/product_brand?post=35304"},{"taxonomy":"product_cat","embeddable":true,"href":"https:\/\/baldumarket.lt\/lt\/wp-json\/wp\/v2\/product_cat?post=35304"},{"taxonomy":"product_tag","embeddable":true,"href":"https:\/\/baldumarket.lt\/lt\/wp-json\/wp\/v2\/product_tag?post=35304"}],"curies":[{"name":"wp","href":"https:\/\/api.w.org\/{rel}","templated":true}]}}