{"id":35296,"date":"2025-11-15T00:56:32","date_gmt":"2025-11-14T21:56:32","guid":{"rendered":"https:\/\/baldumarket.lt\/product\/emerio-ii\/"},"modified":"2026-03-24T18:15:17","modified_gmt":"2026-03-24T15:15:17","slug":"emerio-ii","status":"publish","type":"product","link":"https:\/\/baldumarket.lt\/lt\/product\/emerio-ii\/","title":{"rendered":"Emerio II"},"content":{"rendered":"<p>\u201eEmerio II\u201c stumdoma spinta su veidrod\u017eiu, kurios matmenys \u2013 120 x 204 x 60 cm, yra funkcionalus ir modernus baldas, puikiai tinkantis miegamajam, prie\u0161kambariui ar drabu\u017einei. Pagaminta i\u0161 patvarios laminuotos med\u017eio dro\u017eli\u0173 plok\u0161t\u0117s su \u201eArtisan Oak\u201c apdaila, priekin\u0117 dalis padengta esteti\u0161kai patraukliu, atspariu pa\u017eeidimams ABS fanera. Ji turi dvejas stumdomas duris su veidrod\u017eiu ir modern\u0173 \u201eLaguna Fast\u201c mechanizm\u0105, u\u017etikrinant\u012f skland\u0173 ir tyl\u0173 veikim\u0105. Viduje yra prakti\u0161kas pakabinimo b\u0117gelis, o vis\u0105 spintel\u0119 papildo juoda plastikin\u0117 b\u0117gel\u0117. \u201eEmerio II\u201c spinta derina stili\u0173, patvarum\u0105 ir kasdien\u012f komfort\u0105.<\/p>\n<p>\u200b<\/p>","protected":false},"excerpt":{"rendered":"<p>\u201eEmerio II\u201c stumdoma spinta su veidrod\u017eiu, kurios matmenys \u2013 120 x 204 x 60 cm, yra funkcionalus ir modernus baldas, puikiai tinkantis miegamajam, prie\u0161kambariui ar drabu\u017einei. Pagaminta i\u0161 patvarios laminuotos med\u017eio dro\u017eli\u0173 plok\u0161t\u0117s su \u201eArtisan Oak\u201c apdaila, priekin\u0117 dalis padengta esteti\u0161kai patraukliu, atspariu pa\u017eeidimams ABS fanera. Ji turi dvejas stumdomas veidrodines duris ir moderni\u0105 \u201eLaguna Fast\u201c [\u2026]<\/p>","protected":false},"featured_media":35297,"comment_status":"open","ping_status":"open","template":"","meta":[],"product_brand":[],"product_cat":[2012,1177],"product_tag":[],"class_list":{"0":"post-35296","1":"product","2":"type-product","3":"status-publish","4":"has-post-thumbnail","6":"product_cat-eltap","7":"product_cat-wardrobes","9":"first","10":"instock","11":"purchasable","12":"product-type-simple"},"_links":{"self":[{"href":"https:\/\/baldumarket.lt\/lt\/wp-json\/wp\/v2\/product\/35296","targetHints":{"allow":["GET"]}}],"collection":[{"href":"https:\/\/baldumarket.lt\/lt\/wp-json\/wp\/v2\/product"}],"about":[{"href":"https:\/\/baldumarket.lt\/lt\/wp-json\/wp\/v2\/types\/product"}],"replies":[{"embeddable":true,"href":"https:\/\/baldumarket.lt\/lt\/wp-json\/wp\/v2\/comments?post=35296"}],"wp:featuredmedia":[{"embeddable":true,"href":"https:\/\/baldumarket.lt\/lt\/wp-json\/wp\/v2\/media\/35297"}],"wp:attachment":[{"href":"https:\/\/baldumarket.lt\/lt\/wp-json\/wp\/v2\/media?parent=35296"}],"wp:term":[{"taxonomy":"product_brand","embeddable":true,"href":"https:\/\/baldumarket.lt\/lt\/wp-json\/wp\/v2\/product_brand?post=35296"},{"taxonomy":"product_cat","embeddable":true,"href":"https:\/\/baldumarket.lt\/lt\/wp-json\/wp\/v2\/product_cat?post=35296"},{"taxonomy":"product_tag","embeddable":true,"href":"https:\/\/baldumarket.lt\/lt\/wp-json\/wp\/v2\/product_tag?post=35296"}],"curies":[{"name":"wp","href":"https:\/\/api.w.org\/{rel}","templated":true}]}}