{"id":35046,"date":"2025-11-15T00:41:04","date_gmt":"2025-11-14T21:41:04","guid":{"rendered":"https:\/\/baldumarket.lt\/product\/cotonn\/"},"modified":"2026-03-24T16:22:19","modified_gmt":"2026-03-24T13:22:19","slug":"cotonn","status":"publish","type":"product","link":"https:\/\/baldumarket.lt\/lt\/product\/cotonn\/","title":{"rendered":"Medviln\u0117"},"content":{"rendered":"<p>\u201eCotonn\u201c sofa, kurios i\u0161matavimai \u2013 256 x 105 x 119 cm, \u2013 tai moderni sofa su miegojimo funkcija ir patalyn\u0117s d\u0117\u017ee, kurioje dera eleganti\u0161kas dizainas ir i\u0161skirtinis komfortas. S\u0117dyn\u0117 u\u017epildyta B tipo banguotomis spyruokl\u0117mis ir HR3030 bei T2315 putomis, kurios u\u017etikrina puik\u0173 atram\u0105 ir komfort\u0105 tiek s\u0117dint, tiek miegant. D\u0117l \u201eDelfin\u201c mechanizmo sofa i\u0161siskleid\u017eia greitai ir intuityviai, o erdvus patalyn\u0117s skyrius leid\u017eia patogiai laikyti tekstil\u0119. Sofa turi juodas kojeles, pagamintas i\u0161 patvaraus plastiko, o apmu\u0161tas atlo\u0161as leid\u017eia jai puikiai atrodyti net ir pastatant j\u0105 kambario centre. Pridedamos dekoratyvin\u0117s pagalv\u0117l\u0117s, kurios suteikia jaukumo ir pabr\u0117\u017eia modern\u0173 baldo charakter\u012f. \u201eCotonn\u201c \u2013 idealus pasirinkimas ie\u0161kantiems stilingos ir funkcionalios svetain\u0117s sofos, kurioje der\u0117t\u0173 estetika, prakti\u0161kumas ir auk\u0161\u010diausias komforto lygis.<\/p>","protected":false},"excerpt":{"rendered":"<p>\u201eCotonn\u201c sofa, kurios matmenys \u2013 256 x 105 x 119 cm, yra moderni sofa su miegojimo funkcija ir patalyn\u0117s d\u0117\u017ee, kurioje dera eleganti\u0161kas dizainas ir i\u0161skirtinis komfortas. S\u0117dyn\u0117 u\u017epildyta B tipo banguotomis spyruokl\u0117mis ir HR3030 bei T2315 putomis, kurios u\u017etikrina puiki\u0105 atram\u0105 ir komfort\u0105 tiek s\u0117dint, tiek miegant. D\u0117l [\u2026]<\/p>","protected":false},"featured_media":35047,"comment_status":"open","ping_status":"open","template":"","meta":[],"product_brand":[],"product_cat":[2012,9170,560],"product_tag":[],"class_list":{"0":"post-35046","1":"product","2":"type-product","3":"status-publish","4":"has-post-thumbnail","6":"product_cat-eltap","7":"product_cat-sofy-i-kanapy-eltap","8":"product_cat-sofas-and-couches","10":"first","11":"instock","12":"purchasable","13":"product-type-variable","14":"wvs-archive-product-wrapper"},"_links":{"self":[{"href":"https:\/\/baldumarket.lt\/lt\/wp-json\/wp\/v2\/product\/35046","targetHints":{"allow":["GET"]}}],"collection":[{"href":"https:\/\/baldumarket.lt\/lt\/wp-json\/wp\/v2\/product"}],"about":[{"href":"https:\/\/baldumarket.lt\/lt\/wp-json\/wp\/v2\/types\/product"}],"replies":[{"embeddable":true,"href":"https:\/\/baldumarket.lt\/lt\/wp-json\/wp\/v2\/comments?post=35046"}],"wp:featuredmedia":[{"embeddable":true,"href":"https:\/\/baldumarket.lt\/lt\/wp-json\/wp\/v2\/media\/35047"}],"wp:attachment":[{"href":"https:\/\/baldumarket.lt\/lt\/wp-json\/wp\/v2\/media?parent=35046"}],"wp:term":[{"taxonomy":"product_brand","embeddable":true,"href":"https:\/\/baldumarket.lt\/lt\/wp-json\/wp\/v2\/product_brand?post=35046"},{"taxonomy":"product_cat","embeddable":true,"href":"https:\/\/baldumarket.lt\/lt\/wp-json\/wp\/v2\/product_cat?post=35046"},{"taxonomy":"product_tag","embeddable":true,"href":"https:\/\/baldumarket.lt\/lt\/wp-json\/wp\/v2\/product_tag?post=35046"}],"curies":[{"name":"wp","href":"https:\/\/api.w.org\/{rel}","templated":true}]}}