{"id":34839,"date":"2025-11-15T00:31:20","date_gmt":"2025-11-14T21:31:20","guid":{"rendered":"https:\/\/baldumarket.lt\/product\/voodi-ii\/"},"modified":"2026-03-24T18:15:17","modified_gmt":"2026-03-24T15:15:17","slug":"voodi-ii","status":"publish","type":"product","link":"https:\/\/baldumarket.lt\/lt\/product\/voodi-ii\/","title":{"rendered":"Voodi II"},"content":{"rendered":"<p>\u0160i 120 cm \u201eArtisan Oak\u201c dvidur\u0117 stumdoma spinta su veidrod\u017eiu \u2013 puikus sprendimas miegamiesiems, persirengimo kambariams ir koridoriams. Kompakti\u0161ki 120 x 60 x 204 cm matmenys suteikia erdvumo neu\u017eimant daug vietos. Modernios stumdomos durys leid\u017eia lengvai naudotis net ir ma\u017eose erdv\u0117se, o didelis veidrodis vizualiai padidina erdv\u0119. Spinta pagaminta i\u0161 laminuotos med\u017eio dro\u017eli\u0173 plok\u0161t\u0117s, o jos fasadai ir korpusas padengti patvaria ABS danga, apsaugan\u010dia nuo pa\u017eeidim\u0173. Interjeras sukurtas atsi\u017evelgiant \u012f funkcionalum\u0105 \u2013 rasite pakabinimo b\u0117gel\u012f, lentynas, kuri\u0173 keliamoji galia yra iki 8 kg, ir du erdvius stal\u010dius su ritininiais b\u0117geliais, kad b\u016bt\u0173 galima skland\u017eiai atidaryti. Juodos metalin\u0117s rankenos suteikia spintai moderni\u0105 i\u0161vaizd\u0105, o plastikin\u0117s b\u0117gel\u0117s u\u017etikrina stabilum\u0105 ir tyl\u0173 dur\u0173 veikim\u0105. Be to, model\u012f galima tvirtinti prie sienos, kad b\u016bt\u0173 u\u017etikrintas didesnis saugumas. \u0160i stilinga ir funkcionali \u201eArtisan Oak\u201c stumdoma spinta papildo tiek modern\u0173, tiek klasikin\u012f interjer\u0105, pasi\u017eym\u0117dama eleganti\u0161ku dizainu ir paprastu naudojimu. Puikiai tinka j\u016bs\u0173 namams \u2013 u\u017esisakykite \u0161iandien ir m\u0117gaukit\u0117s tobula erdv\u0117s organizavimu!<\/p>\n<p>\u200b<\/p>","protected":false},"excerpt":{"rendered":"<p>\u0160i 120 cm \u201eArtisan Oak\u201c dvidur\u0117 stumdoma spinta su veidrod\u017eiu \u2013 puikus sprendimas miegamiesiems, persirengimo kambariams ir koridoriams. Kompakti\u0161ki 120 x 60 x 204 cm matmenys suteikia jai erdv\u0117s neu\u017eimant daug vietos. \u0160iuolaikin\u0117s stumdomos durys leid\u017eia j\u0105 lengvai naudoti net ma\u017eose erdv\u0117se, o didelis veidrodis [\u2026]<\/p>","protected":false},"featured_media":34840,"comment_status":"open","ping_status":"open","template":"","meta":[],"product_brand":[],"product_cat":[2012,1177],"product_tag":[],"class_list":{"0":"post-34839","1":"product","2":"type-product","3":"status-publish","4":"has-post-thumbnail","6":"product_cat-eltap","7":"product_cat-wardrobes","9":"first","10":"instock","11":"purchasable","12":"product-type-simple"},"_links":{"self":[{"href":"https:\/\/baldumarket.lt\/lt\/wp-json\/wp\/v2\/product\/34839","targetHints":{"allow":["GET"]}}],"collection":[{"href":"https:\/\/baldumarket.lt\/lt\/wp-json\/wp\/v2\/product"}],"about":[{"href":"https:\/\/baldumarket.lt\/lt\/wp-json\/wp\/v2\/types\/product"}],"replies":[{"embeddable":true,"href":"https:\/\/baldumarket.lt\/lt\/wp-json\/wp\/v2\/comments?post=34839"}],"wp:featuredmedia":[{"embeddable":true,"href":"https:\/\/baldumarket.lt\/lt\/wp-json\/wp\/v2\/media\/34840"}],"wp:attachment":[{"href":"https:\/\/baldumarket.lt\/lt\/wp-json\/wp\/v2\/media?parent=34839"}],"wp:term":[{"taxonomy":"product_brand","embeddable":true,"href":"https:\/\/baldumarket.lt\/lt\/wp-json\/wp\/v2\/product_brand?post=34839"},{"taxonomy":"product_cat","embeddable":true,"href":"https:\/\/baldumarket.lt\/lt\/wp-json\/wp\/v2\/product_cat?post=34839"},{"taxonomy":"product_tag","embeddable":true,"href":"https:\/\/baldumarket.lt\/lt\/wp-json\/wp\/v2\/product_tag?post=34839"}],"curies":[{"name":"wp","href":"https:\/\/api.w.org\/{rel}","templated":true}]}}