{"id":34395,"date":"2025-11-15T00:10:39","date_gmt":"2025-11-14T21:10:39","guid":{"rendered":"https:\/\/baldumarket.lt\/product\/raftt-szafka-wiszaca\/"},"modified":"2026-03-24T18:15:17","modified_gmt":"2026-03-24T15:15:17","slug":"raftt-szafka-wiszaca","status":"publish","type":"product","link":"https:\/\/baldumarket.lt\/lt\/product\/raftt-szafka-wiszaca\/","title":{"rendered":"Plaft sienin\u0117 spintel\u0117"},"content":{"rendered":"<p>\u0160i pakabinama spintel\u0117 i\u0161 \u201eRaftt\u201c kolekcijos \u2013 puikus sprendimas tiems, kurie vertina modern\u0173, industrin\u012f stili\u0173. Pagaminta i\u0161 laminuotos med\u017eio dro\u017eli\u0173 plok\u0161t\u0117s su frezuotu, laminuotu MDF priekiu, ji pasi\u017eymi eleganti\u0161ka apdaila ir grie\u017eta lofto dizaino estetika. Ji turi varstomas duris, pritvirtintas prie pasl\u0117pt\u0173, \u0161velniai u\u017esidaran\u010di\u0173 vyri\u0173, kad b\u016bt\u0173 patogu ir tylu valdyti. Juodos aliuminio rankenos puikiai papildo bendr\u0105 dizain\u0105, pabr\u0117\u017edamos spintel\u0117s industrin\u012f charakter\u012f. D\u0117l sieninio montavimo galimybi\u0173 \u0161i spintel\u0117 tinka \u012fvairioms erdv\u0117ms \u2013 svetain\u0117ms, miegamiesiems ir biurams. Tai puikus funkcionalumo ir estetikos derinys, papildantis bet kok\u012f lofto, industrin\u012f ar modern\u0173 interjer\u0105.<\/p>","protected":false},"excerpt":{"rendered":"<p>\u0160i pakabinama spintel\u0117 i\u0161 \u201eRaftt\u201c kolekcijos \u2013 puikus sprendimas tiems, kurie vertina modern\u0173, industrin\u012f stili\u0173. Pagaminta i\u0161 laminuotos med\u017eio dro\u017eli\u0173 plok\u0161t\u0117s su frezuotu, laminuotu MDF priekiu, ji pasi\u017eymi eleganti\u0161ka apdaila ir grie\u017eta lofto dizaino estetika. Ji turi varstomas duris, sumontuotas ant pasl\u0117pt\u0173, \u0161velniai u\u017esidaran\u010di\u0173 vyri\u0173, kad b\u016bt\u0173 patogu ir tylu [\u2026]<\/p>","protected":false},"featured_media":34396,"comment_status":"open","ping_status":"open","template":"","meta":[],"product_brand":[],"product_cat":[2012,9169,1174],"product_tag":[],"class_list":{"0":"post-34395","1":"product","2":"type-product","3":"status-publish","4":"has-post-thumbnail","6":"product_cat-eltap","7":"product_cat-polki-eltap","8":"product_cat-hanging-shelves","10":"first","11":"instock","12":"purchasable","13":"product-type-simple"},"_links":{"self":[{"href":"https:\/\/baldumarket.lt\/lt\/wp-json\/wp\/v2\/product\/34395","targetHints":{"allow":["GET"]}}],"collection":[{"href":"https:\/\/baldumarket.lt\/lt\/wp-json\/wp\/v2\/product"}],"about":[{"href":"https:\/\/baldumarket.lt\/lt\/wp-json\/wp\/v2\/types\/product"}],"replies":[{"embeddable":true,"href":"https:\/\/baldumarket.lt\/lt\/wp-json\/wp\/v2\/comments?post=34395"}],"wp:featuredmedia":[{"embeddable":true,"href":"https:\/\/baldumarket.lt\/lt\/wp-json\/wp\/v2\/media\/34396"}],"wp:attachment":[{"href":"https:\/\/baldumarket.lt\/lt\/wp-json\/wp\/v2\/media?parent=34395"}],"wp:term":[{"taxonomy":"product_brand","embeddable":true,"href":"https:\/\/baldumarket.lt\/lt\/wp-json\/wp\/v2\/product_brand?post=34395"},{"taxonomy":"product_cat","embeddable":true,"href":"https:\/\/baldumarket.lt\/lt\/wp-json\/wp\/v2\/product_cat?post=34395"},{"taxonomy":"product_tag","embeddable":true,"href":"https:\/\/baldumarket.lt\/lt\/wp-json\/wp\/v2\/product_tag?post=34395"}],"curies":[{"name":"wp","href":"https:\/\/api.w.org\/{rel}","templated":true}]}}