{"id":34388,"date":"2025-11-15T00:10:27","date_gmt":"2025-11-14T21:10:27","guid":{"rendered":"https:\/\/baldumarket.lt\/product\/raftt-polka\/"},"modified":"2026-03-24T18:15:17","modified_gmt":"2026-03-24T15:15:17","slug":"raftt-polka","status":"publish","type":"product","link":"https:\/\/baldumarket.lt\/lt\/product\/raftt-polka\/","title":{"rendered":"Plaustas lentyna"},"content":{"rendered":"<p>Pakabinama \u201eRaftt Collection\u201c lentyna \u2013 stilingas ir prakti\u0161kas sprendimas, puikiai tinkantis moderniam ir pramoniniam interjerui. Pagaminta i\u0161 laminuotos med\u017eio dro\u017eli\u0173 plok\u0161t\u0117s su frezuotu priekiu i\u0161 laminuoto MDF, ji \u017eavi eleganti\u0161ka apdaila ir minimalistiniu lofto charakteriu. Tvirtinimas prie sienos leid\u017eia optimaliai i\u0161naudoti erdv\u0119, o tvirta konstrukcija u\u017etikrina patvarum\u0105 ir stabilum\u0105. Lentyna puikiai tinka kaip dekoratyvinis elementas arba prakti\u0161ka vieta knygoms, papuo\u0161alams ir kasdieniams daiktams laikyti. D\u0117l minimalistinio dizaino \u201eRaftt\u201c lentyna puikiai dera lofto, pramoniniame ir moderniame interjere, suteikdama interjerui charakterio ir funkcionalumo.<\/p>","protected":false},"excerpt":{"rendered":"<p>\u201eRaftt Collection\u201c pakabinama lentyna \u2013 stilingas ir prakti\u0161kas sprendimas, puikiai tinkantis moderniam ir pramoniniam interjerui. Pagaminta i\u0161 laminuotos med\u017eio dro\u017eli\u0173 plok\u0161t\u0117s su frezuotu priekiu i\u0161 laminuoto MDF, ji \u017eavi eleganti\u0161ka apdaila ir minimalistiniu lofto charakteriu. Tvirtinimas prie sienos leid\u017eia optimaliai i\u0161naudoti erdv\u0119, o tvirta konstrukcija u\u017etikrina patvarum\u0105 ir stabilum\u0105. [\u2026]<\/p>","protected":false},"featured_media":34389,"comment_status":"open","ping_status":"open","template":"","meta":[],"product_brand":[],"product_cat":[2012,9169,1174],"product_tag":[],"class_list":{"0":"post-34388","1":"product","2":"type-product","3":"status-publish","4":"has-post-thumbnail","6":"product_cat-eltap","7":"product_cat-polki-eltap","8":"product_cat-hanging-shelves","10":"first","11":"instock","12":"purchasable","13":"product-type-simple"},"_links":{"self":[{"href":"https:\/\/baldumarket.lt\/lt\/wp-json\/wp\/v2\/product\/34388","targetHints":{"allow":["GET"]}}],"collection":[{"href":"https:\/\/baldumarket.lt\/lt\/wp-json\/wp\/v2\/product"}],"about":[{"href":"https:\/\/baldumarket.lt\/lt\/wp-json\/wp\/v2\/types\/product"}],"replies":[{"embeddable":true,"href":"https:\/\/baldumarket.lt\/lt\/wp-json\/wp\/v2\/comments?post=34388"}],"wp:featuredmedia":[{"embeddable":true,"href":"https:\/\/baldumarket.lt\/lt\/wp-json\/wp\/v2\/media\/34389"}],"wp:attachment":[{"href":"https:\/\/baldumarket.lt\/lt\/wp-json\/wp\/v2\/media?parent=34388"}],"wp:term":[{"taxonomy":"product_brand","embeddable":true,"href":"https:\/\/baldumarket.lt\/lt\/wp-json\/wp\/v2\/product_brand?post=34388"},{"taxonomy":"product_cat","embeddable":true,"href":"https:\/\/baldumarket.lt\/lt\/wp-json\/wp\/v2\/product_cat?post=34388"},{"taxonomy":"product_tag","embeddable":true,"href":"https:\/\/baldumarket.lt\/lt\/wp-json\/wp\/v2\/product_tag?post=34388"}],"curies":[{"name":"wp","href":"https:\/\/api.w.org\/{rel}","templated":true}]}}