{"id":34377,"date":"2025-11-15T00:10:04","date_gmt":"2025-11-14T21:10:04","guid":{"rendered":"https:\/\/baldumarket.lt\/product\/raftt-polka-nadstawka-zamykana\/"},"modified":"2026-03-24T18:15:17","modified_gmt":"2026-03-24T15:15:17","slug":"raftt-polka-nadstawka-zamykana","status":"publish","type":"product","link":"https:\/\/baldumarket.lt\/lt\/product\/raftt-polka-nadstawka-zamykana\/","title":{"rendered":"Raftt u\u017edara vir\u0161utin\u0117 lentyna"},"content":{"rendered":"<p>Pakabinama lentyna su vir\u0161utine dalimi i\u0161 \u201eRaftt\u201c kolekcijos \u2013 tai tobulas minimalistinio dizaino ir prakti\u0161kumo derinys moderniam interjerui. Pagaminta i\u0161 laminuotos med\u017eio dro\u017eli\u0173 plok\u0161t\u0117s su frezuotu priekiu i\u0161 laminuoto MDF, ji pasi\u017eymi eleganti\u0161ka apdaila ir minimalistiniu lofto stiliaus estetika. U\u017erakinama vir\u0161utin\u0117 dalis suteikia papildomos vietos daiktams susid\u0117ti ir apsaugo turin\u012f nuo dulki\u0173. Varstomos durys su \u0161velniai u\u017esidaran\u010diais pasl\u0117ptais vyriais u\u017etikrina patog\u0173 naudojim\u0105, o juodos aliuminio rankenos pabr\u0117\u017eia baldo industrin\u012f charakter\u012f. Galimyb\u0117 tvirtinti prie sienos daro lentyn\u0105 puikiu priedu svetain\u0117ms, miegamiesiems ir biurams. Ji puikiai dera prie lofto, industrinio ir modernaus interjero, derindama estetik\u0105 su funkcionalumu.<\/p>","protected":false},"excerpt":{"rendered":"<p>Pakabinama lentyna su vir\u0161utine dalimi i\u0161 \u201eRaftt\u201c kolekcijos \u2013 tai tobulas minimalistinio dizaino ir prakti\u0161kumo derinys moderniam interjerui. Pagaminta i\u0161 laminuotos med\u017eio dro\u017eli\u0173 plok\u0161t\u0117s su frezuotu priekiu i\u0161 laminuoto MDF, ji pasi\u017eymi eleganti\u0161ka apdaila ir minimalistiniu lofto stiliaus estetika. U\u017erakinama vir\u0161utin\u0117 dalis suteikia papildomos vietos daiktams susid\u0117ti ir apsaugo [\u2026]<\/p>","protected":false},"featured_media":34378,"comment_status":"open","ping_status":"open","template":"","meta":[],"product_brand":[],"product_cat":[2012,9169,1174],"product_tag":[],"class_list":{"0":"post-34377","1":"product","2":"type-product","3":"status-publish","4":"has-post-thumbnail","6":"product_cat-eltap","7":"product_cat-polki-eltap","8":"product_cat-hanging-shelves","9":"pa_frame-material-undefined","10":"pa_frame-material-type-undefined","11":"pa_leg-color-black","12":"pa_leg-material-metal","13":"pa_linen-box-undefined","14":"pa_main-color-black","15":"pa_price-group-basic","16":"pa_seat-depth-undefined","17":"pa_seat-width-undefined","18":"pa_sleep-function-undefined","19":"pa_sleeping-area-length-undefined","20":"pa_sleeping-area-width-undefined","21":"pa_style-loft","22":"pa_textile-czarny","23":"pa_upholstery-material-undefined","25":"first","26":"instock","27":"purchasable","28":"product-type-simple"},"_links":{"self":[{"href":"https:\/\/baldumarket.lt\/lt\/wp-json\/wp\/v2\/product\/34377","targetHints":{"allow":["GET"]}}],"collection":[{"href":"https:\/\/baldumarket.lt\/lt\/wp-json\/wp\/v2\/product"}],"about":[{"href":"https:\/\/baldumarket.lt\/lt\/wp-json\/wp\/v2\/types\/product"}],"replies":[{"embeddable":true,"href":"https:\/\/baldumarket.lt\/lt\/wp-json\/wp\/v2\/comments?post=34377"}],"wp:featuredmedia":[{"embeddable":true,"href":"https:\/\/baldumarket.lt\/lt\/wp-json\/wp\/v2\/media\/34378"}],"wp:attachment":[{"href":"https:\/\/baldumarket.lt\/lt\/wp-json\/wp\/v2\/media?parent=34377"}],"wp:term":[{"taxonomy":"product_brand","embeddable":true,"href":"https:\/\/baldumarket.lt\/lt\/wp-json\/wp\/v2\/product_brand?post=34377"},{"taxonomy":"product_cat","embeddable":true,"href":"https:\/\/baldumarket.lt\/lt\/wp-json\/wp\/v2\/product_cat?post=34377"},{"taxonomy":"product_tag","embeddable":true,"href":"https:\/\/baldumarket.lt\/lt\/wp-json\/wp\/v2\/product_tag?post=34377"}],"curies":[{"name":"wp","href":"https:\/\/api.w.org\/{rel}","templated":true}]}}