{"id":34366,"date":"2025-11-15T00:09:43","date_gmt":"2025-11-14T21:09:43","guid":{"rendered":"https:\/\/baldumarket.lt\/product\/raftt-stolik\/"},"modified":"2026-03-24T18:15:17","modified_gmt":"2026-03-24T15:15:17","slug":"raftt-stolik","status":"publish","type":"product","link":"https:\/\/baldumarket.lt\/lt\/product\/raftt-stolik\/","title":{"rendered":"Plausto stalas"},"content":{"rendered":"<p>\u0160is \u201eRaftt\u201c kolekcijos stalas derina minimalistin\u0119 form\u0105 su industriniu stiliumi, puikiai tinka moderniam interjerui. Tvirta konstrukcija pagaminta i\u0161 laminuotos med\u017eio dro\u017eli\u0173 plok\u0161t\u0117s, o frezuoti fasadai i\u0161 laminuotos MDF suteikia jam eleganti\u0161k\u0105, minimalistin\u012f charakter\u012f. Konstrukcijos stabilum\u0105 ir lengvum\u0105 u\u017etikrina juodos spalvos milteliniu b\u016bdu da\u017eytos metalin\u0117s kojel\u0117s, kurios puikiai papildo bendr\u0105 dizain\u0105. Juodos aliuminio rankenos pabr\u0117\u017eia baldo lofto stili\u0173, o stal\u010diai ant ritinini\u0173 b\u0117geli\u0173 u\u017etikrina skland\u0173 ir patog\u0173 naudojim\u0105. D\u0117l universalaus dizaino \u201eRaftt\u201c stalas puikiai tiks lofto, industriniame ir moderniame interjeruose, suteikdamas interjerui ir estetinio patrauklumo, ir funkcionalumo.<\/p>","protected":false},"excerpt":{"rendered":"<p>\u0160is \u201eRaftt\u201c kolekcijos stalas derina minimalistin\u0119 form\u0105 su industriniu stiliumi, puikiai tinkan\u010diu moderniam interjerui. Tvirta konstrukcija pagaminta i\u0161 laminuotos med\u017eio dro\u017eli\u0173 plok\u0161t\u0117s, o frezuoti fasadai i\u0161 laminuotos MDF suteikia jam eleganti\u0161k\u0105, minimalistin\u012f charakter\u012f. Konstrukcijos stabilum\u0105 ir lengvum\u0105 u\u017etikrina juodos spalvos milteliniu b\u016bdu da\u017eytos metalin\u0117s kojel\u0117s, kurios puikiai dera su [\u2026]<\/p>","protected":false},"featured_media":34367,"comment_status":"open","ping_status":"open","template":"","meta":[],"product_brand":[],"product_cat":[866,2012,9176],"product_tag":[],"class_list":{"0":"post-34366","1":"product","2":"type-product","3":"status-publish","4":"has-post-thumbnail","6":"product_cat-coffee-tables","7":"product_cat-eltap","8":"product_cat-coffee-tables-eltap","10":"first","11":"instock","12":"purchasable","13":"product-type-simple"},"_links":{"self":[{"href":"https:\/\/baldumarket.lt\/lt\/wp-json\/wp\/v2\/product\/34366","targetHints":{"allow":["GET"]}}],"collection":[{"href":"https:\/\/baldumarket.lt\/lt\/wp-json\/wp\/v2\/product"}],"about":[{"href":"https:\/\/baldumarket.lt\/lt\/wp-json\/wp\/v2\/types\/product"}],"replies":[{"embeddable":true,"href":"https:\/\/baldumarket.lt\/lt\/wp-json\/wp\/v2\/comments?post=34366"}],"wp:featuredmedia":[{"embeddable":true,"href":"https:\/\/baldumarket.lt\/lt\/wp-json\/wp\/v2\/media\/34367"}],"wp:attachment":[{"href":"https:\/\/baldumarket.lt\/lt\/wp-json\/wp\/v2\/media?parent=34366"}],"wp:term":[{"taxonomy":"product_brand","embeddable":true,"href":"https:\/\/baldumarket.lt\/lt\/wp-json\/wp\/v2\/product_brand?post=34366"},{"taxonomy":"product_cat","embeddable":true,"href":"https:\/\/baldumarket.lt\/lt\/wp-json\/wp\/v2\/product_cat?post=34366"},{"taxonomy":"product_tag","embeddable":true,"href":"https:\/\/baldumarket.lt\/lt\/wp-json\/wp\/v2\/product_tag?post=34366"}],"curies":[{"name":"wp","href":"https:\/\/api.w.org\/{rel}","templated":true}]}}