{"id":34345,"date":"2025-11-15T00:09:00","date_gmt":"2025-11-14T21:09:00","guid":{"rendered":"https:\/\/baldumarket.lt\/product\/raftt-witryna\/"},"modified":"2026-03-24T18:15:17","modified_gmt":"2026-03-24T15:15:17","slug":"raftt-witryna","status":"publish","type":"product","link":"https:\/\/baldumarket.lt\/lt\/product\/raftt-witryna\/","title":{"rendered":"Raftt svetain\u0117"},"content":{"rendered":"<p>\u0160i \u201eRaftt\u201c kolekcijos vitrina \u2013 tai tobulas pramoninio dizaino ir funkcionalumo derinys, idealiai tinkantis moderniam interjerui. Tvirta konstrukcija pagaminta i\u0161 laminuotos med\u017eio dro\u017eli\u0173 plok\u0161t\u0117s, o frezuoti fasadai i\u0161 laminuotos MDF pabr\u0117\u017eia baldo lofto charakter\u012f. Spintel\u0117 stovi ant juodomis milteliniu b\u016bdu da\u017eyt\u0173 metalini\u0173 kojeli\u0173, kurios u\u017etikrina stabilum\u0105 ir lengv\u0105 konstrukcij\u0105. Juodos aliuminio rankenos papildo bendr\u0105 dizain\u0105, suteikdamos spintelei eleganti\u0161k\u0105 ir minimalistin\u0119 i\u0161vaizd\u0105. Varstomos durys su pasl\u0117ptais vyriais ir \u0161velnaus u\u017edarymo mechanizmu u\u017etikrina paprast\u0105 naudojim\u0105 ir komfort\u0105 kasdien naudojant. Papildomas privalumas \u2013 galimyb\u0117 spintel\u0119 tvirtinti prie sienos, o tai padidina saugum\u0105. \u201eRaftt\u201c vitrina idealiai tinka lofto, pramoniniam ir moderniam interjerui, suteikiant interjerui stiliaus ir funkcionalumo.<\/p>","protected":false},"excerpt":{"rendered":"<p>\u0160i \u201eRaftt\u201c kolekcijos vitrina \u2013 tai tobulas pramoninio dizaino ir funkcionalumo derinys, idealiai tinkantis moderniam interjerui. Tvirta konstrukcija pagaminta i\u0161 laminuotos med\u017eio dro\u017eli\u0173 plok\u0161t\u0117s, o frezuoti fasadai i\u0161 laminuotos MDF pabr\u0117\u017eia baldo lofto charakter\u012f. Spintel\u0117 stovi ant juod\u0173, milteliniu b\u016bdu da\u017eyt\u0173 metalini\u0173 kojeli\u0173, kurios u\u017etikrina stabilum\u0105 ir [\u2026]<\/p>","protected":false},"featured_media":34346,"comment_status":"open","ping_status":"open","template":"","meta":[],"product_brand":[],"product_cat":[2012,1177],"product_tag":[],"class_list":{"0":"post-34345","1":"product","2":"type-product","3":"status-publish","4":"has-post-thumbnail","6":"product_cat-eltap","7":"product_cat-wardrobes","9":"first","10":"instock","11":"purchasable","12":"product-type-simple"},"_links":{"self":[{"href":"https:\/\/baldumarket.lt\/lt\/wp-json\/wp\/v2\/product\/34345","targetHints":{"allow":["GET"]}}],"collection":[{"href":"https:\/\/baldumarket.lt\/lt\/wp-json\/wp\/v2\/product"}],"about":[{"href":"https:\/\/baldumarket.lt\/lt\/wp-json\/wp\/v2\/types\/product"}],"replies":[{"embeddable":true,"href":"https:\/\/baldumarket.lt\/lt\/wp-json\/wp\/v2\/comments?post=34345"}],"wp:featuredmedia":[{"embeddable":true,"href":"https:\/\/baldumarket.lt\/lt\/wp-json\/wp\/v2\/media\/34346"}],"wp:attachment":[{"href":"https:\/\/baldumarket.lt\/lt\/wp-json\/wp\/v2\/media?parent=34345"}],"wp:term":[{"taxonomy":"product_brand","embeddable":true,"href":"https:\/\/baldumarket.lt\/lt\/wp-json\/wp\/v2\/product_brand?post=34345"},{"taxonomy":"product_cat","embeddable":true,"href":"https:\/\/baldumarket.lt\/lt\/wp-json\/wp\/v2\/product_cat?post=34345"},{"taxonomy":"product_tag","embeddable":true,"href":"https:\/\/baldumarket.lt\/lt\/wp-json\/wp\/v2\/product_tag?post=34345"}],"curies":[{"name":"wp","href":"https:\/\/api.w.org\/{rel}","templated":true}]}}