{"id":34334,"date":"2025-11-15T00:08:38","date_gmt":"2025-11-14T21:08:38","guid":{"rendered":"https:\/\/baldumarket.lt\/product\/raftt-komoda\/"},"modified":"2026-03-24T18:15:24","modified_gmt":"2026-03-24T15:15:24","slug":"raftt-komoda","status":"publish","type":"product","link":"https:\/\/baldumarket.lt\/lt\/product\/raftt-komoda\/","title":{"rendered":"Plausto komoda"},"content":{"rendered":"<p>\u0160i \u201eRaftt\u201c kolekcijos indauja \u2013 tai tobulas modernaus dizaino ir funkcionalumo derinys. Tvirta konstrukcija pagaminta i\u0161 laminuotos med\u017eio dro\u017eli\u0173 plok\u0161t\u0117s, o frezuoti fasadai i\u0161 laminuotos MDF suteikia baldui unikal\u0173 charakter\u012f, pabr\u0117\u017eiant\u012f industrin\u012f stili\u0173. Visas baldas stovi ant juodomis, milteliniu b\u016bdu da\u017eytomis metalin\u0117mis kojel\u0117mis, kurios u\u017etikrina stabilum\u0105 ir ilgaam\u017ei\u0161kum\u0105 bei lengvumo poj\u016bt\u012f. Juodos aliuminio ranken\u0117l\u0117s puikiai papildo bendr\u0105 dizain\u0105, u\u017etikrindamos lengv\u0105 stal\u010di\u0173 ir spinteli\u0173 atidarym\u0105. Papildomas privalumas \u2013 galimyb\u0117 j\u0105 tvirtinti prie sienos, taip u\u017etikrinant didesn\u012f saugum\u0105. \u0160i indauja puikiai tinka lofto, industriniam ir moderniam interjerui, nes yra ir prakti\u0161kas, ir dizaineri\u0161kas elementas.<\/p>","protected":false},"excerpt":{"rendered":"<p>\u0160i \u201eRaftt\u201c kolekcijos indauja \u2013 tai tobulas modernaus dizaino ir funkcionalumo derinys. Tvirta konstrukcija pagaminta i\u0161 laminuotos med\u017eio dro\u017eli\u0173 plok\u0161t\u0117s, o frezuoti fasadai i\u0161 laminuotos MDF suteikia baldui unikal\u0173 charakter\u012f, pabr\u0117\u017eiant industrin\u012f jo stili\u0173. Visas baldas stovi ant juod\u0173, milteliniu b\u016bdu da\u017eyt\u0173 metalini\u0173 kojeli\u0173, u\u017etikrinan\u010di\u0173 stabilum\u0105 ir ilgaam\u017ei\u0161kum\u0105. [\u2026]<\/p>","protected":false},"featured_media":34335,"comment_status":"open","ping_status":"open","template":"","meta":[],"product_brand":[],"product_cat":[1173,2012,9164],"product_tag":[],"class_list":{"0":"post-34334","1":"product","2":"type-product","3":"status-publish","4":"has-post-thumbnail","6":"product_cat-chests-of-drawers","7":"product_cat-eltap","8":"product_cat-komody-eltap","10":"first","11":"instock","12":"purchasable","13":"product-type-simple"},"_links":{"self":[{"href":"https:\/\/baldumarket.lt\/lt\/wp-json\/wp\/v2\/product\/34334","targetHints":{"allow":["GET"]}}],"collection":[{"href":"https:\/\/baldumarket.lt\/lt\/wp-json\/wp\/v2\/product"}],"about":[{"href":"https:\/\/baldumarket.lt\/lt\/wp-json\/wp\/v2\/types\/product"}],"replies":[{"embeddable":true,"href":"https:\/\/baldumarket.lt\/lt\/wp-json\/wp\/v2\/comments?post=34334"}],"wp:featuredmedia":[{"embeddable":true,"href":"https:\/\/baldumarket.lt\/lt\/wp-json\/wp\/v2\/media\/34335"}],"wp:attachment":[{"href":"https:\/\/baldumarket.lt\/lt\/wp-json\/wp\/v2\/media?parent=34334"}],"wp:term":[{"taxonomy":"product_brand","embeddable":true,"href":"https:\/\/baldumarket.lt\/lt\/wp-json\/wp\/v2\/product_brand?post=34334"},{"taxonomy":"product_cat","embeddable":true,"href":"https:\/\/baldumarket.lt\/lt\/wp-json\/wp\/v2\/product_cat?post=34334"},{"taxonomy":"product_tag","embeddable":true,"href":"https:\/\/baldumarket.lt\/lt\/wp-json\/wp\/v2\/product_tag?post=34334"}],"curies":[{"name":"wp","href":"https:\/\/api.w.org\/{rel}","templated":true}]}}