{"id":34323,"date":"2025-11-15T00:08:14","date_gmt":"2025-11-14T21:08:14","guid":{"rendered":"https:\/\/baldumarket.lt\/product\/raftt-szafka-rtv\/"},"modified":"2026-03-24T18:15:24","modified_gmt":"2026-03-24T15:15:24","slug":"raftt-szafka-rtv","status":"publish","type":"product","link":"https:\/\/baldumarket.lt\/lt\/product\/raftt-szafka-rtv\/","title":{"rendered":"\u201eRaftt\u201c televizoriaus spintel\u0117"},"content":{"rendered":"<p>\u201eRaftt\u201c kolekcijos televizoriaus staliukas \u2013 stilingas ir prakti\u0161kas sprendimas moderniam, industrinio stiliaus interjerui. Tvirta konstrukcija pagaminta i\u0161 laminuotos med\u017eio dro\u017eli\u0173 plok\u0161t\u0117s, o frezuoti fasadai i\u0161 laminuotos MDF suteikia visam baldui eleganti\u0161k\u0105 ir minimalistin\u012f charakter\u012f. Spintel\u0117 stovi ant juodomis, milteliniu b\u016bdu da\u017eytomis metalin\u0117mis kojel\u0117mis, kurios u\u017etikrina stabilum\u0105 ir lengv\u0105 konstrukcij\u0105. Juodos aliuminio rankenos harmoningai papildo dizain\u0105, pabr\u0117\u017edamos minimalistin\u012f stili\u0173. Stovas turi varstomas duris, kurios u\u017etikrina lengv\u0105 prieig\u0105 ir padeda palaikyti tvark\u0105. Papildomas privalumas \u2013 galimyb\u0117 j\u012f tvirtinti prie sienos, u\u017etikrinant saugum\u0105. Televizoriaus staliukas puikiai tinka lofto, industriniam ir moderniam interjerui, nes yra ir funkcionalus, ir esteti\u0161kai patrauklus svetain\u0117s elementas.<\/p>","protected":false},"excerpt":{"rendered":"<p>\u201eRaftt\u201c kolekcijos televizoriaus staliukas yra stilingas ir prakti\u0161kas sprendimas moderniam, industrinio stiliaus interjerui. Tvirta konstrukcija pagaminta i\u0161 laminuotos med\u017eio dro\u017eli\u0173 plok\u0161t\u0117s, o frezuoti fasadai i\u0161 laminuotos MDF suteikia visam baldui eleganti\u0161k\u0105 ir minimalistin\u012f charakter\u012f. Spintel\u0117 stovi ant juod\u0173, milteliniu b\u016bdu da\u017eyt\u0173 metalini\u0173 kojeli\u0173, kurios u\u017etikrina stabilum\u0105 ir lengv\u0105 [\u2026]<\/p>","protected":false},"featured_media":34324,"comment_status":"open","ping_status":"open","template":"","meta":[],"product_brand":[],"product_cat":[2012,9171,1175],"product_tag":[],"class_list":{"0":"post-34323","1":"product","2":"type-product","3":"status-publish","4":"has-post-thumbnail","6":"product_cat-eltap","7":"product_cat-szafki-rtv-eltap","8":"product_cat-tv-stands","9":"pa_frame-material-undefined","10":"pa_frame-material-type-undefined","11":"pa_leg-color-black","12":"pa_leg-material-metal","13":"pa_linen-box-undefined","14":"pa_main-color-black","15":"pa_price-group-basic","16":"pa_seat-depth-undefined","17":"pa_seat-width-undefined","18":"pa_sleep-function-undefined","19":"pa_sleeping-area-length-undefined","20":"pa_sleeping-area-width-undefined","21":"pa_style-loft","22":"pa_textile-czarny","23":"pa_upholstery-material-undefined","25":"first","26":"instock","27":"purchasable","28":"product-type-simple"},"_links":{"self":[{"href":"https:\/\/baldumarket.lt\/lt\/wp-json\/wp\/v2\/product\/34323","targetHints":{"allow":["GET"]}}],"collection":[{"href":"https:\/\/baldumarket.lt\/lt\/wp-json\/wp\/v2\/product"}],"about":[{"href":"https:\/\/baldumarket.lt\/lt\/wp-json\/wp\/v2\/types\/product"}],"replies":[{"embeddable":true,"href":"https:\/\/baldumarket.lt\/lt\/wp-json\/wp\/v2\/comments?post=34323"}],"wp:featuredmedia":[{"embeddable":true,"href":"https:\/\/baldumarket.lt\/lt\/wp-json\/wp\/v2\/media\/34324"}],"wp:attachment":[{"href":"https:\/\/baldumarket.lt\/lt\/wp-json\/wp\/v2\/media?parent=34323"}],"wp:term":[{"taxonomy":"product_brand","embeddable":true,"href":"https:\/\/baldumarket.lt\/lt\/wp-json\/wp\/v2\/product_brand?post=34323"},{"taxonomy":"product_cat","embeddable":true,"href":"https:\/\/baldumarket.lt\/lt\/wp-json\/wp\/v2\/product_cat?post=34323"},{"taxonomy":"product_tag","embeddable":true,"href":"https:\/\/baldumarket.lt\/lt\/wp-json\/wp\/v2\/product_tag?post=34323"}],"curies":[{"name":"wp","href":"https:\/\/api.w.org\/{rel}","templated":true}]}}