{"id":340824,"date":"2026-04-08T19:34:54","date_gmt":"2026-04-08T16:34:54","guid":{"rendered":"https:\/\/baldumarket.lt\/product\/rasomasis-stalas-su-faneruota-lenta-140x70\/"},"modified":"2026-04-08T21:03:14","modified_gmt":"2026-04-08T18:03:14","slug":"rasomasis-stalas-su-faneruota-lenta-140x70","status":"publish","type":"product","link":"https:\/\/baldumarket.lt\/lt\/product\/rasomasis-stalas-su-faneruota-lenta-140x70\/","title":{"rendered":"Ra\u0161omasis stalas su faneruota lenta 140\u00d770"},"content":{"rendered":"<p>Auk\u0161tos kokyb\u0117s stalas, pagamintas i\u0161 faneruotos \u0105\u017euolo lentos su patvariu grafito ABS kra\u0161tu. \u012erengtas 60 mm plo\u010dio kabelio \u012fvadas.<br \/>\nFanera \u2013 tai plonas medienos sluoksnis, naudojamas bald\u0173 apdailai. Tai nat\u016brali med\u017eiaga, suteikianti mediniams gaminiams estetin\u0119 i\u0161vaizd\u0105 ir u\u017etikrinanti ilgaam\u017ei\u0161kum\u0105. Be to, fanera yra ekologi\u0161kesn\u0117 nei baldai i\u0161 med\u017eio masyvo, nes leid\u017eia efektyviau panaudoti medien\u0105.<br \/>\nSavyb\u0117s:<br \/>\nAuk\u0161tis: 75 cm<br \/>\nPlotis: 140 cm<br \/>\nGylis: 70 cm<br \/>\nKojel\u0117s matmenys: 60 x 30 mm<\/p>","protected":false},"excerpt":{"rendered":"<p>Auk\u0161tos kokyb\u0117s stalas, pagamintas i\u0161 faneruotos \u0105\u017euolo lentos su patvariu grafito ABS kra\u0161tu. \u012erengtas 60 mm plo\u010dio kabelio \u012fvadas. Fanera \u2013 tai plonas medienos sluoksnis, naudojamas bald\u0173 apdailai. Tai nat\u016brali med\u017eiaga, suteikianti mediniams gaminiams estetin\u0119 i\u0161vaizd\u0105 ir u\u017etikrinanti ilgaam\u017ei\u0161kum\u0105. Be to, fanera yra ekologi\u0161kesn\u0117 nei med\u017eio masyvas [\u2026]<\/p>","protected":false},"featured_media":340825,"comment_status":"open","ping_status":"open","template":"","meta":[],"product_brand":[],"product_cat":[10176,1312],"product_tag":[],"class_list":{"0":"post-340824","1":"product","2":"type-product","3":"status-publish","4":"has-post-thumbnail","6":"product_cat-hugon-meble","7":"product_cat-desks","9":"first","10":"instock","11":"purchasable","12":"product-type-simple"},"_links":{"self":[{"href":"https:\/\/baldumarket.lt\/lt\/wp-json\/wp\/v2\/product\/340824","targetHints":{"allow":["GET"]}}],"collection":[{"href":"https:\/\/baldumarket.lt\/lt\/wp-json\/wp\/v2\/product"}],"about":[{"href":"https:\/\/baldumarket.lt\/lt\/wp-json\/wp\/v2\/types\/product"}],"replies":[{"embeddable":true,"href":"https:\/\/baldumarket.lt\/lt\/wp-json\/wp\/v2\/comments?post=340824"}],"wp:featuredmedia":[{"embeddable":true,"href":"https:\/\/baldumarket.lt\/lt\/wp-json\/wp\/v2\/media\/340825"}],"wp:attachment":[{"href":"https:\/\/baldumarket.lt\/lt\/wp-json\/wp\/v2\/media?parent=340824"}],"wp:term":[{"taxonomy":"product_brand","embeddable":true,"href":"https:\/\/baldumarket.lt\/lt\/wp-json\/wp\/v2\/product_brand?post=340824"},{"taxonomy":"product_cat","embeddable":true,"href":"https:\/\/baldumarket.lt\/lt\/wp-json\/wp\/v2\/product_cat?post=340824"},{"taxonomy":"product_tag","embeddable":true,"href":"https:\/\/baldumarket.lt\/lt\/wp-json\/wp\/v2\/product_tag?post=340824"}],"curies":[{"name":"wp","href":"https:\/\/api.w.org\/{rel}","templated":true}]}}