{"id":340815,"date":"2026-04-08T19:34:46","date_gmt":"2026-04-08T16:34:46","guid":{"rendered":"https:\/\/baldumarket.lt\/product\/stalas-su-metalinemis-kojelemis-160x80\/"},"modified":"2026-04-08T21:03:14","modified_gmt":"2026-04-08T18:03:14","slug":"stalas-su-metalinemis-kojelemis-160x80","status":"publish","type":"product","link":"https:\/\/baldumarket.lt\/lt\/product\/stalas-su-metalinemis-kojelemis-160x80\/","title":{"rendered":"Stalas su metalin\u0117mis kojel\u0117mis 160\u00d780"},"content":{"rendered":"<p>\u0160is modernaus stiliaus stalas pagamintas i\u0161 4 cm storio \u0105\u017euolo masyvo. Jis turi 60 mm plo\u010dio kabelio i\u0161vad\u0105 ir stabil\u0173 metalin\u012f pagrind\u0105, u\u017etikrinant\u012f patog\u0173 darb\u0105.<br \/>\nSavyb\u0117s:<br \/>\nAuk\u0161tis: 75 cm<br \/>\nPlotis: 160 cm<br \/>\nGylis: 80 cm<br \/>\nKojel\u0117s matmenys: 60 x 30 mm<\/p>","protected":false},"excerpt":{"rendered":"<p>\u0160is modernaus stiliaus stalas pagamintas i\u0161 4 cm storio \u0105\u017euolo masyvo. Jame yra 60 mm plo\u010dio laido i\u0161vado anga ir stabilus metalinis pagrindas, u\u017etikrinantis patog\u0173 darb\u0105. Savyb\u0117s: auk\u0161tis: 75 cm; plotis: 160 cm; gylis: 80 cm; kojeli\u0173 matmenys: 60 x 30 mm.<\/p>","protected":false},"featured_media":340816,"comment_status":"open","ping_status":"open","template":"","meta":[],"product_brand":[],"product_cat":[10176,1312],"product_tag":[],"class_list":{"0":"post-340815","1":"product","2":"type-product","3":"status-publish","4":"has-post-thumbnail","6":"product_cat-hugon-meble","7":"product_cat-desks","9":"first","10":"instock","11":"purchasable","12":"product-type-simple"},"_links":{"self":[{"href":"https:\/\/baldumarket.lt\/lt\/wp-json\/wp\/v2\/product\/340815","targetHints":{"allow":["GET"]}}],"collection":[{"href":"https:\/\/baldumarket.lt\/lt\/wp-json\/wp\/v2\/product"}],"about":[{"href":"https:\/\/baldumarket.lt\/lt\/wp-json\/wp\/v2\/types\/product"}],"replies":[{"embeddable":true,"href":"https:\/\/baldumarket.lt\/lt\/wp-json\/wp\/v2\/comments?post=340815"}],"wp:featuredmedia":[{"embeddable":true,"href":"https:\/\/baldumarket.lt\/lt\/wp-json\/wp\/v2\/media\/340816"}],"wp:attachment":[{"href":"https:\/\/baldumarket.lt\/lt\/wp-json\/wp\/v2\/media?parent=340815"}],"wp:term":[{"taxonomy":"product_brand","embeddable":true,"href":"https:\/\/baldumarket.lt\/lt\/wp-json\/wp\/v2\/product_brand?post=340815"},{"taxonomy":"product_cat","embeddable":true,"href":"https:\/\/baldumarket.lt\/lt\/wp-json\/wp\/v2\/product_cat?post=340815"},{"taxonomy":"product_tag","embeddable":true,"href":"https:\/\/baldumarket.lt\/lt\/wp-json\/wp\/v2\/product_tag?post=340815"}],"curies":[{"name":"wp","href":"https:\/\/api.w.org\/{rel}","templated":true}]}}