{"id":340813,"date":"2026-04-08T19:34:44","date_gmt":"2026-04-08T16:34:44","guid":{"rendered":"https:\/\/baldumarket.lt\/product\/stalas-su-netaisyklingais-krastais-140x60\/"},"modified":"2026-04-08T21:03:14","modified_gmt":"2026-04-08T18:03:14","slug":"stalas-su-netaisyklingais-krastais-140x60","status":"publish","type":"product","link":"https:\/\/baldumarket.lt\/lt\/product\/stalas-su-netaisyklingais-krastais-140x60\/","title":{"rendered":"Stalas su netaisyklingais kra\u0161tas 140\u00d760"},"content":{"rendered":"<p>\u0160is auk\u0161tos kokyb\u0117s ra\u0161omasis stalas pagamintas i\u0161 tvirtos \u0105\u017euolo medienos. I\u0161skirtinis netaisyklingas kra\u0161tas suteikia jam \u012fdomi\u0105 apdail\u0105. Be to, stalas turi stovel\u012f su trimis stal\u010diais. Toks dizainas ne tik suteikia gaminiui unikalumo, bet ir suteikia daug vietos dokumentams laikyti.<br \/>\nSavyb\u0117s:<br \/>\nAuk\u0161tis: 75 cm<br \/>\nPlotis: 140 cm<br \/>\nGylis: 60 cm<br \/>\nKojel\u0117s matmenys: 60 x 30 mm<\/p>","protected":false},"excerpt":{"rendered":"<p>\u0160is auk\u0161tos kokyb\u0117s ra\u0161omasis stalas pagamintas i\u0161 tvirtos \u0105\u017euolo medienos. I\u0161skirtinis netaisyklingas kra\u0161tas suteikia \u012fdomi\u0105 apdail\u0105. Be to, stalas turi kojel\u0119 su trimis stal\u010diais. \u0160is dizainas ne tik suteikia gaminiui unikalumo, bet ir suteikia daug vietos dokumentams laikyti. Savyb\u0117s: Auk\u0161tis: 75 cm Plotis: 140 cm Gylis: 60 cm Kojeli\u0173 matmenys: 60 x [\u2026]<\/p>","protected":false},"featured_media":340814,"comment_status":"open","ping_status":"open","template":"","meta":[],"product_brand":[],"product_cat":[10176,1312],"product_tag":[],"class_list":{"0":"post-340813","1":"product","2":"type-product","3":"status-publish","4":"has-post-thumbnail","6":"product_cat-hugon-meble","7":"product_cat-desks","9":"first","10":"instock","11":"purchasable","12":"product-type-simple"},"_links":{"self":[{"href":"https:\/\/baldumarket.lt\/lt\/wp-json\/wp\/v2\/product\/340813","targetHints":{"allow":["GET"]}}],"collection":[{"href":"https:\/\/baldumarket.lt\/lt\/wp-json\/wp\/v2\/product"}],"about":[{"href":"https:\/\/baldumarket.lt\/lt\/wp-json\/wp\/v2\/types\/product"}],"replies":[{"embeddable":true,"href":"https:\/\/baldumarket.lt\/lt\/wp-json\/wp\/v2\/comments?post=340813"}],"wp:featuredmedia":[{"embeddable":true,"href":"https:\/\/baldumarket.lt\/lt\/wp-json\/wp\/v2\/media\/340814"}],"wp:attachment":[{"href":"https:\/\/baldumarket.lt\/lt\/wp-json\/wp\/v2\/media?parent=340813"}],"wp:term":[{"taxonomy":"product_brand","embeddable":true,"href":"https:\/\/baldumarket.lt\/lt\/wp-json\/wp\/v2\/product_brand?post=340813"},{"taxonomy":"product_cat","embeddable":true,"href":"https:\/\/baldumarket.lt\/lt\/wp-json\/wp\/v2\/product_cat?post=340813"},{"taxonomy":"product_tag","embeddable":true,"href":"https:\/\/baldumarket.lt\/lt\/wp-json\/wp\/v2\/product_tag?post=340813"}],"curies":[{"name":"wp","href":"https:\/\/api.w.org\/{rel}","templated":true}]}}