{"id":340810,"date":"2026-04-08T19:34:42","date_gmt":"2026-04-08T16:34:42","guid":{"rendered":"https:\/\/baldumarket.lt\/product\/tina-buffet\/"},"modified":"2026-04-08T21:56:45","modified_gmt":"2026-04-08T18:56:45","slug":"tina-buffet","status":"publish","type":"product","link":"https:\/\/baldumarket.lt\/lt\/product\/tina-buffet\/","title":{"rendered":"TINA Buffet"},"content":{"rendered":"<p>\u0160is erdvus, erdvus \u201eTINA\u201c kolekcijos bufetas \u2013 minimalistinis pasirinkimas valgomajam ar svetainei. Jis gali stov\u0117ti atskirai kaip dekoratyvinis elementas arba b\u016bti derinamas su kitais kolekcijos baldais. \u0160iek tiek grie\u017etas, jis sukuria masyvumo \u012fsp\u016bd\u012f. Vienintelis dekoratyvinis elementas \u2013 med\u017eio \u0161e\u0161\u0117liavimas, primenantis skersai sud\u0117tas lentas. Bald\u0105 sudaro stiklin\u0117 dalis su trimis lentynomis. \u0160iose lentynose galima laikyti stalo \u012frankius, dekoratyvinius stiklinius indus ar nieku\u010dius. Kair\u0117je dalyje \u012frengtos medin\u0117s durys. D\u0117l savo dyd\u017eio \u0161is baldas tinka ne tik erdvioms patalpoms, bet ir ma\u017eesn\u0117ms, arba atskirai zonai, kuri tarnauja kaip valgomojo zona. Stiklines lentynas galima papildomai ap\u0161viesti, kad b\u016bt\u0173 sukurtas ry\u0161kesnis vizualinis efektas. Rekomenduojama medinius baldus nestatyti per arti \u0161ilumos \u0161altinio.<br \/>\nPagaminta i\u0161 med\u017eio masyvo \u2013 priekis, korpusas i\u0161 faneruotos plok\u0161t\u0117s, lentynos i\u0161 baldin\u0117s plok\u0161t\u0117s.<br \/>\nSavyb\u0117s:<br \/>\nAuk\u0161tis: 1400 mm<br \/>\nPlotis: 1080 mm<br \/>\nGylis: 400 mm<br \/>\nMatin\u0117s juodos metalin\u0117s kojel\u0117s<\/p>","protected":false},"excerpt":{"rendered":"<p>\u0160is erdvus, erdvus \u201eTINA\u201c kolekcijos bufetas yra minimalistinis valgomojo ar svetain\u0117s pasirinkimas. Jis gali b\u016bti atskiras kaip dekoratyvinis elementas arba derinamas su kitais kolekcijos baldais. \u0160iek tiek grie\u017etas, jis sukuria masyvumo \u012fsp\u016bd\u012f. Vienintelis dekoratyvinis elementas yra med\u017eio \u0161e\u0161\u0117liavimas, [\u2026]<\/p>","protected":false},"featured_media":340811,"comment_status":"open","ping_status":"open","template":"","meta":[],"product_brand":[],"product_cat":[10176,2006],"product_tag":[],"class_list":{"0":"post-340810","1":"product","2":"type-product","3":"status-publish","4":"has-post-thumbnail","6":"product_cat-hugon-meble","7":"product_cat-vitrines","9":"first","10":"instock","11":"purchasable","12":"product-type-simple"},"_links":{"self":[{"href":"https:\/\/baldumarket.lt\/lt\/wp-json\/wp\/v2\/product\/340810","targetHints":{"allow":["GET"]}}],"collection":[{"href":"https:\/\/baldumarket.lt\/lt\/wp-json\/wp\/v2\/product"}],"about":[{"href":"https:\/\/baldumarket.lt\/lt\/wp-json\/wp\/v2\/types\/product"}],"replies":[{"embeddable":true,"href":"https:\/\/baldumarket.lt\/lt\/wp-json\/wp\/v2\/comments?post=340810"}],"wp:featuredmedia":[{"embeddable":true,"href":"https:\/\/baldumarket.lt\/lt\/wp-json\/wp\/v2\/media\/340811"}],"wp:attachment":[{"href":"https:\/\/baldumarket.lt\/lt\/wp-json\/wp\/v2\/media?parent=340810"}],"wp:term":[{"taxonomy":"product_brand","embeddable":true,"href":"https:\/\/baldumarket.lt\/lt\/wp-json\/wp\/v2\/product_brand?post=340810"},{"taxonomy":"product_cat","embeddable":true,"href":"https:\/\/baldumarket.lt\/lt\/wp-json\/wp\/v2\/product_cat?post=340810"},{"taxonomy":"product_tag","embeddable":true,"href":"https:\/\/baldumarket.lt\/lt\/wp-json\/wp\/v2\/product_tag?post=340810"}],"curies":[{"name":"wp","href":"https:\/\/api.w.org\/{rel}","templated":true}]}}