{"id":340808,"date":"2026-04-08T19:34:41","date_gmt":"2026-04-08T16:34:41","guid":{"rendered":"https:\/\/baldumarket.lt\/product\/faneruotas-stalo-konteineris-ant-ratuku-2\/"},"modified":"2026-04-08T21:56:37","modified_gmt":"2026-04-08T18:56:37","slug":"faneruotas-stalo-konteineris-ant-ratuku-2","status":"publish","type":"product","link":"https:\/\/baldumarket.lt\/lt\/product\/faneruotas-stalo-konteineris-ant-ratuku-2\/","title":{"rendered":"Faneruotas stalo konteineris ant ratuk\u0173"},"content":{"rendered":"<p>Mobilus stalo stovas yra prakti\u0161kas ir funkcionalus biuro aksesuaras. \u0160is kompakti\u0161kas baldas buvo sukurtas atsi\u017evelgiant \u012f optimal\u0173 erdv\u0117s i\u0161naudojim\u0105. Stovas turi vien\u0105 stal\u010di\u0173 su \u0161velniu u\u017edarymu ir rakinam\u0105 spintel\u0119. Be to, jis aptrauktas auk\u0161tos kokyb\u0117s faneruota \u0105\u017euolo lenta, u\u017etikrinan\u010dia didesn\u012f patvarum\u0105.<br \/>\nSavyb\u0117s:<br \/>\nAuk\u0161tis: 65 cm<br \/>\nPlotis: 50 cm<br \/>\nGylis: 45 cm<\/p>","protected":false},"excerpt":{"rendered":"<p>Mobilus stalo stovas yra prakti\u0161kas ir funkcionalus biuro aksesuaras. \u0160is kompakti\u0161kas baldas buvo sukurtas atsi\u017evelgiant \u012f optimal\u0173 erdv\u0117s i\u0161naudojim\u0105. Stovas turi vien\u0105 \u0161velniai u\u017esidarant\u012f stal\u010di\u0173 ir rakinam\u0105 spintel\u0119. Be to, jis aptrauktas auk\u0161tos kokyb\u0117s faneruota \u0105\u017euolo lenta, u\u017etikrinan\u010dia didesn\u012f patvarum\u0105. Savyb\u0117s: Auk\u0161tis: 65 cm Plotis: 50 cm Gylis: 45 [\u2026]<\/p>","protected":false},"featured_media":340809,"comment_status":"open","ping_status":"open","template":"","meta":[],"product_brand":[],"product_cat":[10176,9120],"product_tag":[],"class_list":{"0":"post-340808","1":"product","2":"type-product","3":"status-publish","4":"has-post-thumbnail","6":"product_cat-hugon-meble","7":"product_cat-cabinets","9":"first","10":"instock","11":"purchasable","12":"product-type-simple"},"_links":{"self":[{"href":"https:\/\/baldumarket.lt\/lt\/wp-json\/wp\/v2\/product\/340808","targetHints":{"allow":["GET"]}}],"collection":[{"href":"https:\/\/baldumarket.lt\/lt\/wp-json\/wp\/v2\/product"}],"about":[{"href":"https:\/\/baldumarket.lt\/lt\/wp-json\/wp\/v2\/types\/product"}],"replies":[{"embeddable":true,"href":"https:\/\/baldumarket.lt\/lt\/wp-json\/wp\/v2\/comments?post=340808"}],"wp:featuredmedia":[{"embeddable":true,"href":"https:\/\/baldumarket.lt\/lt\/wp-json\/wp\/v2\/media\/340809"}],"wp:attachment":[{"href":"https:\/\/baldumarket.lt\/lt\/wp-json\/wp\/v2\/media?parent=340808"}],"wp:term":[{"taxonomy":"product_brand","embeddable":true,"href":"https:\/\/baldumarket.lt\/lt\/wp-json\/wp\/v2\/product_brand?post=340808"},{"taxonomy":"product_cat","embeddable":true,"href":"https:\/\/baldumarket.lt\/lt\/wp-json\/wp\/v2\/product_cat?post=340808"},{"taxonomy":"product_tag","embeddable":true,"href":"https:\/\/baldumarket.lt\/lt\/wp-json\/wp\/v2\/product_tag?post=340808"}],"curies":[{"name":"wp","href":"https:\/\/api.w.org\/{rel}","templated":true}]}}