{"id":340806,"date":"2026-04-08T19:34:38","date_gmt":"2026-04-08T16:34:38","guid":{"rendered":"https:\/\/baldumarket.lt\/product\/faneruotas-stalo-konteineris-ant-ratuku\/"},"modified":"2026-04-08T21:56:37","modified_gmt":"2026-04-08T18:56:37","slug":"faneruotas-stalo-konteineris-ant-ratuku","status":"publish","type":"product","link":"https:\/\/baldumarket.lt\/lt\/product\/faneruotas-stalo-konteineris-ant-ratuku\/","title":{"rendered":"Faneruotas stalo konteineris ant ratuk\u0173"},"content":{"rendered":"<p>\u0160is po stalu dedamas stovas yra puikus biuro aksesuaras, turintis ratukus lengvam perk\u0117limui. \u012erengtas keturiais \u0161velniai u\u017esidaran\u010diais stal\u010diais, jis ne tik padidina patvarum\u0105, bet ir pailgina gaminio tarnavimo laik\u0105. Stovas pagamintas i\u0161 faneruotos \u0105\u017euolo lentos.<br \/>\nSavyb\u0117s:<br \/>\nAuk\u0161tis: 65 cm<br \/>\nPlotis: 50 cm<br \/>\nGylis: 45 cm<\/p>","protected":false},"excerpt":{"rendered":"<p>\u0160is po stalu dedamas stovas yra puikus biuro aksesuaras, turintis ratukus lengvam perk\u0117limui. Su keturiais \u0161velniai u\u017esidaran\u010diais stal\u010diais, jis ne tik padidina patvarum\u0105, bet ir pailgina gaminio tarnavimo laik\u0105. Stovas pagamintas i\u0161 faneruotos \u0105\u017euolo lentos. Savyb\u0117s: Auk\u0161tis: 65 cm Plotis: 50 cm Gylis: 45 cm<\/p>","protected":false},"featured_media":340807,"comment_status":"open","ping_status":"open","template":"","meta":[],"product_brand":[],"product_cat":[10176,9120],"product_tag":[],"class_list":{"0":"post-340806","1":"product","2":"type-product","3":"status-publish","4":"has-post-thumbnail","6":"product_cat-hugon-meble","7":"product_cat-cabinets","9":"first","10":"instock","11":"purchasable","12":"product-type-simple"},"_links":{"self":[{"href":"https:\/\/baldumarket.lt\/lt\/wp-json\/wp\/v2\/product\/340806","targetHints":{"allow":["GET"]}}],"collection":[{"href":"https:\/\/baldumarket.lt\/lt\/wp-json\/wp\/v2\/product"}],"about":[{"href":"https:\/\/baldumarket.lt\/lt\/wp-json\/wp\/v2\/types\/product"}],"replies":[{"embeddable":true,"href":"https:\/\/baldumarket.lt\/lt\/wp-json\/wp\/v2\/comments?post=340806"}],"wp:featuredmedia":[{"embeddable":true,"href":"https:\/\/baldumarket.lt\/lt\/wp-json\/wp\/v2\/media\/340807"}],"wp:attachment":[{"href":"https:\/\/baldumarket.lt\/lt\/wp-json\/wp\/v2\/media?parent=340806"}],"wp:term":[{"taxonomy":"product_brand","embeddable":true,"href":"https:\/\/baldumarket.lt\/lt\/wp-json\/wp\/v2\/product_brand?post=340806"},{"taxonomy":"product_cat","embeddable":true,"href":"https:\/\/baldumarket.lt\/lt\/wp-json\/wp\/v2\/product_cat?post=340806"},{"taxonomy":"product_tag","embeddable":true,"href":"https:\/\/baldumarket.lt\/lt\/wp-json\/wp\/v2\/product_tag?post=340806"}],"curies":[{"name":"wp","href":"https:\/\/api.w.org\/{rel}","templated":true}]}}