{"id":340804,"date":"2026-04-08T19:34:36","date_gmt":"2026-04-08T16:34:36","guid":{"rendered":"https:\/\/baldumarket.lt\/product\/azuoline-komoda-155-tabea\/"},"modified":"2026-04-08T21:40:38","modified_gmt":"2026-04-08T18:40:38","slug":"azuoline-komoda-155-tabea","status":"publish","type":"product","link":"https:\/\/baldumarket.lt\/lt\/product\/azuoline-komoda-155-tabea\/","title":{"rendered":"\u0104\u017euolin\u0117 komoda 155 Tabea"},"content":{"rendered":"<p>\u201eTabea\u201c indauja yra vienas i\u0161 keli\u0173 \u201eTabea\u201c nat\u016bralaus \u0105\u017euolo kolekcijos gamini\u0173. I\u0161skirtiniai jos bruo\u017eai \u2013 dekoratyvini\u0173 element\u0173 nebuvimas ir \u0161viesus lent\u0173 atspalvis su ai\u0161kiai apibr\u0117\u017eta tekst\u016bra. \u0160i serija idealiai tinka tiems, kurie vertina nat\u016bral\u0173 medienos gro\u017e\u012f ir \u0161iltus interjerus, pavyzd\u017eiui, kaimi\u0161ko stiliaus. Baldai pagaminti i\u0161 \u0105\u017euolo masyvo, papildomai apdoroto augaliniais aliejais. \u201eTabea\u201c indauja susideda i\u0161 dviej\u0173 spinteli\u0173 ir keturi\u0173 stal\u010di\u0173. Metalin\u0117s rankenos leid\u017eia lengvai juos pasiekti. \u0160\u012f bald\u0105 galima \u012fkomponuoti \u012f bet kur\u012f kambar\u012f, ypa\u010d \u012f t\u0105, kuriame jau yra kit\u0173 kolekcijos element\u0173. Priekin\u0117 dalis pagaminta i\u0161 \u0105\u017euolo masyvo, o korpusas \u2013 i\u0161 lentos, klijuotos fanera. Pagrindin\u0117s savyb\u0117s: auk\u0161tis: 82 cm, plotis: 155 cm, gylis: 40 cm.<\/p>","protected":false},"excerpt":{"rendered":"<p>\u201eTabea\u201c indauja yra vienas i\u0161 keli\u0173 \u201eTabea\u201c nat\u016bralaus \u0105\u017euolo kolekcijos gamini\u0173. I\u0161skirtiniai jos bruo\u017eai \u2013 dekoratyvini\u0173 element\u0173 nebuvimas ir \u0161viesus lent\u0173 atspalvis su ai\u0161kiai apibr\u0117\u017eta tekst\u016bra. \u0160i serija idealiai tinka tiems, kurie vertina nat\u016bral\u0173 medienos gro\u017e\u012f ir \u0161iltus interjerus, pavyzd\u017eiui, kaimi\u0161ko stiliaus [\u2026]<\/p>","protected":false},"featured_media":340805,"comment_status":"open","ping_status":"open","template":"","meta":[],"product_brand":[],"product_cat":[10176,1173],"product_tag":[],"class_list":{"0":"post-340804","1":"product","2":"type-product","3":"status-publish","4":"has-post-thumbnail","6":"product_cat-hugon-meble","7":"product_cat-chests-of-drawers","9":"first","10":"instock","11":"purchasable","12":"product-type-simple"},"_links":{"self":[{"href":"https:\/\/baldumarket.lt\/lt\/wp-json\/wp\/v2\/product\/340804","targetHints":{"allow":["GET"]}}],"collection":[{"href":"https:\/\/baldumarket.lt\/lt\/wp-json\/wp\/v2\/product"}],"about":[{"href":"https:\/\/baldumarket.lt\/lt\/wp-json\/wp\/v2\/types\/product"}],"replies":[{"embeddable":true,"href":"https:\/\/baldumarket.lt\/lt\/wp-json\/wp\/v2\/comments?post=340804"}],"wp:featuredmedia":[{"embeddable":true,"href":"https:\/\/baldumarket.lt\/lt\/wp-json\/wp\/v2\/media\/340805"}],"wp:attachment":[{"href":"https:\/\/baldumarket.lt\/lt\/wp-json\/wp\/v2\/media?parent=340804"}],"wp:term":[{"taxonomy":"product_brand","embeddable":true,"href":"https:\/\/baldumarket.lt\/lt\/wp-json\/wp\/v2\/product_brand?post=340804"},{"taxonomy":"product_cat","embeddable":true,"href":"https:\/\/baldumarket.lt\/lt\/wp-json\/wp\/v2\/product_cat?post=340804"},{"taxonomy":"product_tag","embeddable":true,"href":"https:\/\/baldumarket.lt\/lt\/wp-json\/wp\/v2\/product_tag?post=340804"}],"curies":[{"name":"wp","href":"https:\/\/api.w.org\/{rel}","templated":true}]}}