{"id":340795,"date":"2026-04-08T19:34:29","date_gmt":"2026-04-08T16:34:29","guid":{"rendered":"https:\/\/baldumarket.lt\/product\/lola-azuoline-komoda-zema\/"},"modified":"2026-04-08T21:40:29","modified_gmt":"2026-04-08T18:40:29","slug":"lola-azuoline-komoda-zema","status":"publish","type":"product","link":"https:\/\/baldumarket.lt\/lt\/product\/lola-azuoline-komoda-zema\/","title":{"rendered":"LOLA \u0105\u017euolin\u0117 komoda, \u017eema"},"content":{"rendered":"<p>\u201eLOLA\u201c kolekcija derina kaimi\u0161k\u0105 stili\u0173 su modernumo prisilietimu, kaip ai\u0161kiai matyti prid\u0117tose bald\u0173 nuotraukose. \u0160i\u0105 kolekcij\u0105 sudaro devyni baldai, si\u016blomi \u012fvairi\u0173 dyd\u017ei\u0173 ir auk\u0161\u010di\u0173. Visi \u0161ios kolekcijos baldai pagaminti i\u0161 atrinktos, auk\u0161\u010diausios kokyb\u0117s \u0105\u017euolo medienos ir kruop\u0161\u010diai apsaugoti nat\u016braliais augaliniais aliejais. Ak\u012f traukia \u0161e\u0161\u0117liuotos lentos motyvas ir metalin\u0117s rankenos, kurios dar labiau i\u0161ry\u0161kina bald\u0105. Visa kolekcija pasi\u017eymi nepriekai\u0161tinga estetika ir tvirtu meistri\u0161kumu. Kaip \u017einoma, medin\u0117s lentos niekada neatrodo vienodai, tod\u0117l kiekviena kolekcija yra unikali savaip.<br \/>\nKomoda \u201e3996 LOLA\u201c yra \u017eema, ta\u010diau gana ilga. Baldas pagamintas i\u0161 tvirtos \u0105\u017euolo medienos, su faneruotos lentos korpusu ir laminuotos lentos lentynomis. Komoda turi tris stal\u010dius vir\u0161utin\u0117je dalyje ir tris spinteles su medin\u0117mis durel\u0117mis. Kiekvienoje spintel\u0117je yra po dvi lentynas. \u0160is patvarus, kruop\u0161\u010diai apdirbtas baldas yra masyvus ir labai erdvus, tod\u0117l jame yra daug vietos daiktams susid\u0117ti. Jis puikiai tinka j\u016bs\u0173 svetainei.<br \/>\nSavyb\u0117s:<br \/>\nAuk\u0161tis: 83,5 cm<br \/>\nPlotis: 162,5 cm<br \/>\nGylis: 40,5 cm<\/p>","protected":false},"excerpt":{"rendered":"<p>\u201eLOLA\u201c kolekcijoje dera kaimi\u0161kas stilius su modernumo prieskoniu, kaip ai\u0161kiai matyti prid\u0117tose bald\u0173 nuotraukose. \u0160i\u0105 kolekcij\u0105 sudaro devyni baldai, si\u016blomi \u012fvairi\u0173 dyd\u017ei\u0173 ir auk\u0161\u010di\u0173. Visi \u0161ios kolekcijos baldai pagaminti i\u0161 atrinktos, auk\u0161\u010diausios kokyb\u0117s \u0105\u017euolo medienos ir kruop\u0161\u010diai apsaugoti nat\u016braliais augaliniais aliejais. \u0160e\u0161\u0117linis lent\u0173 motyvas ir [\u2026]<\/p>","protected":false},"featured_media":340796,"comment_status":"open","ping_status":"open","template":"","meta":[],"product_brand":[],"product_cat":[10176,1173],"product_tag":[],"class_list":{"0":"post-340795","1":"product","2":"type-product","3":"status-publish","4":"has-post-thumbnail","6":"product_cat-hugon-meble","7":"product_cat-chests-of-drawers","9":"first","10":"instock","11":"purchasable","12":"product-type-simple"},"_links":{"self":[{"href":"https:\/\/baldumarket.lt\/lt\/wp-json\/wp\/v2\/product\/340795","targetHints":{"allow":["GET"]}}],"collection":[{"href":"https:\/\/baldumarket.lt\/lt\/wp-json\/wp\/v2\/product"}],"about":[{"href":"https:\/\/baldumarket.lt\/lt\/wp-json\/wp\/v2\/types\/product"}],"replies":[{"embeddable":true,"href":"https:\/\/baldumarket.lt\/lt\/wp-json\/wp\/v2\/comments?post=340795"}],"wp:featuredmedia":[{"embeddable":true,"href":"https:\/\/baldumarket.lt\/lt\/wp-json\/wp\/v2\/media\/340796"}],"wp:attachment":[{"href":"https:\/\/baldumarket.lt\/lt\/wp-json\/wp\/v2\/media?parent=340795"}],"wp:term":[{"taxonomy":"product_brand","embeddable":true,"href":"https:\/\/baldumarket.lt\/lt\/wp-json\/wp\/v2\/product_brand?post=340795"},{"taxonomy":"product_cat","embeddable":true,"href":"https:\/\/baldumarket.lt\/lt\/wp-json\/wp\/v2\/product_cat?post=340795"},{"taxonomy":"product_tag","embeddable":true,"href":"https:\/\/baldumarket.lt\/lt\/wp-json\/wp\/v2\/product_tag?post=340795"}],"curies":[{"name":"wp","href":"https:\/\/api.w.org\/{rel}","templated":true}]}}